{"id":781929,"date":"2026-02-01T14:31:30","date_gmt":"2026-02-01T11:31:30","guid":{"rendered":"https:\/\/roveyayinevi.com.tr\/index.php\/urun\/bir-pera-masali\/"},"modified":"2026-02-24T02:39:22","modified_gmt":"2026-02-23T23:39:22","slug":"bir-pera-masali","status":"publish","type":"product","link":"https:\/\/roveyayinevi.com.tr\/index.php\/urun\/bir-pera-masali\/","title":{"rendered":"Bir Pera Masal\u0131"},"content":{"rendered":"<p>Kimler gelip ge\u00e7medi ki Pera\u2019dan&#8230;Y\u00fczlerce y\u0131ll\u0131k tarihinin kal\u0131n perdesi ard\u0131nda ne hik\u00e2yeler, ne an\u0131lar ve ne b\u00fcy\u00fck s\u0131rlar gizli asl\u0131nda.- Aya Triada Kilisesi\u2019nin mimar\u0131 Vasilaki \u0130oannidis, az\u0131nl\u0131k ibadethanelerinde kubbe yasa\u011f\u0131n\u0131n kalkmas\u0131ndan sonra neden en g\u00f6rkemli kiliseyi Pera\u2019ya in\u015fa etti?- Melek Sinemas\u0131\u2019n\u0131n yer g\u00f6stericisiyken T\u00fcrkiye\u2019nin ilk g\u00fczeli se\u00e7ilen Araksi \u00c7etinyan, sinema artisti olmak i\u00e7in Amerika\u2019ya g\u00f6nderilecekken ba\u015f\u0131na ne geldi?- B\u00fcy\u00fck Beyo\u011flu yang\u0131n\u0131nda yok olan \u0130mparatorluk Operas\u0131\u2019n\u0131n sahne perdeleri \u0130stanbul\u2019un neresinde ortaya \u00e7\u0131kt\u0131?- Tokatl\u0131yan Oteli\u2019nin eski u\u015fa\u011f\u0131, yeni sahibi Medovitch\u2019in Nazi hayranl\u0131\u011f\u0131n\u0131n bedeli ne oldu da oteli sat\u0131\u015fa, kendini de \u00f6l\u00fcme g\u00f6t\u00fcrd\u00fc?- Naum Tiyatrosu\u2019nun kurucusu ve yazar Said Naum Duhani, neden 37 y\u0131l boyunca kendini \u00e7at\u0131 kat\u0131ndaki bir daireye hapsetti?- N\u00e2z\u0131m Hikmet\u2019e \u201cHavsalam alm\u0131yordu bu hazin hali \u00f6nce\u201d m\u0131sra\u0131n\u0131 yazd\u0131ran, \u201cBen ve \u00d6tesi\u201d \u015fiirinde Necip Faz\u0131l K\u0131sak\u00fcrek\u2019e ilham olan A\u011fa Camii\u2019nin avlusuna neden apartman yap\u0131lmak istendi?- 13. y\u00fczy\u0131lda yoksulluk yemini etmi\u015f ke\u015fi\u015flerin kiliseleri yeni tramvay yolu i\u00e7in y\u0131k\u0131l\u0131p yeni kilisenin ilk ta\u015f\u0131 bile kutsand\u0131 ama neden Vatikan\u2019dan y\u0131llarca para gelmedi?Ve daha neler neler&#8230;Tarihle, gizemlerle ve bilgiyle dolu bir Pera gezisine haz\u0131r m\u0131s\u0131n\u0131z?<\/p>\n","protected":false},"excerpt":{"rendered":"<p>Kimler gelip ge\u00e7medi ki Pera\u2019dan&#8230;Y\u00fczlerce y\u0131ll\u0131k tarihinin kal\u0131n perdesi ard\u0131nda ne hik\u00e2yeler, ne an\u0131lar ve ne b\u00fcy\u00fck s\u0131rlar gizli asl\u0131nda.- Aya Triada Kilisesi\u2019nin mimar\u0131 Vasilaki \u0130oannidis,<span class=\"excerpt-hellip\"> [\u2026]<\/span><\/p>\n","protected":false},"featured_media":0,"template":"","meta":{"_monsterinsights_skip_tracking":false,"_monsterinsights_sitenote_active":false,"_monsterinsights_sitenote_note":"","_monsterinsights_sitenote_category":0},"product_brand":[],"product_cat":[13055,13054],"product_tag":[],"class_list":{"0":"post-781929","1":"product","2":"type-product","3":"status-publish","5":"product_cat-gezi-rehberi","6":"product_cat-gezi-ve-rehber-kitaplari","7":"pa_cilt-ciltsiz","8":"pa_tur-kitap","9":"pa_yayinevi-destek-yayinlari","10":"pa_yazar-kolektif","12":"first","13":"instock","14":"sale","15":"shipping-taxable","16":"purchasable","17":"product-type-simple"},"_links":{"self":[{"href":"https:\/\/roveyayinevi.com.tr\/index.php\/wp-json\/wp\/v2\/product\/781929","targetHints":{"allow":["GET"]}}],"collection":[{"href":"https:\/\/roveyayinevi.com.tr\/index.php\/wp-json\/wp\/v2\/product"}],"about":[{"href":"https:\/\/roveyayinevi.com.tr\/index.php\/wp-json\/wp\/v2\/types\/product"}],"wp:attachment":[{"href":"https:\/\/roveyayinevi.com.tr\/index.php\/wp-json\/wp\/v2\/media?parent=781929"}],"wp:term":[{"taxonomy":"product_brand","embeddable":true,"href":"https:\/\/roveyayinevi.com.tr\/index.php\/wp-json\/wp\/v2\/product_brand?post=781929"},{"taxonomy":"product_cat","embeddable":true,"href":"https:\/\/roveyayinevi.com.tr\/index.php\/wp-json\/wp\/v2\/product_cat?post=781929"},{"taxonomy":"product_tag","embeddable":true,"href":"https:\/\/roveyayinevi.com.tr\/index.php\/wp-json\/wp\/v2\/product_tag?post=781929"}],"curies":[{"name":"wp","href":"https:\/\/api.w.org\/{rel}","templated":true}]}}