{"id":781928,"date":"2026-02-01T14:31:28","date_gmt":"2026-02-01T11:31:28","guid":{"rendered":"https:\/\/roveyayinevi.com.tr\/index.php\/urun\/memleket-ve-gul-butun-siirleri\/"},"modified":"2026-04-16T02:30:32","modified_gmt":"2026-04-15T23:30:32","slug":"memleket-ve-gul-butun-siirleri","status":"publish","type":"product","link":"https:\/\/roveyayinevi.com.tr\/index.php\/urun\/memleket-ve-gul-butun-siirleri\/","title":{"rendered":"Memleket ve G\u00fcl &#8211; B\u00fct\u00fcn \u015eiirleri"},"content":{"rendered":"<p>Esin kaynaklar\u0131n\u0131 ilk gen\u00e7lik y\u0131llar\u0131ndan itibaren i\u00e7inde yer ald\u0131\u011f\u0131 toplumsal m\u00fccadeleden derleyen \u0130brahim Karaca\u2019n\u0131n \u015fiirleri 1985 Akademi Kitabevi \u015eiir Ba\u015far\u0131 \u00d6d\u00fcl\u00fc, 1986 Yeni T\u00fcrk\u00fc \u015eiir \u00d6d\u00fcl\u00fc ve 1989 \u0130HD Denizli \u015eiir \u00d6d\u00fcl\u00fc\u2019ne de\u011fer g\u00f6r\u00fcld\u00fc.\u00c7ok say\u0131da \u015fiiri Grup Yorum ba\u015fta olmak \u00fczere farkl\u0131 sanat\u00e7\u0131larca bestelendi, on binlerin kat\u0131ld\u0131\u011f\u0131 konserlerde seslendirildi. \u0130nsanl\u0131\u011f\u0131n e\u015fitlik\u00e7i ve s\u00f6m\u00fcr\u00fcs\u00fcz bir gelecek yolunda ya\u015fad\u0131\u011f\u0131 ser\u00fcvenin belle\u011fe ge\u00e7irilmesini dert edinen Karaca, hat\u0131raya, hat\u0131ran\u0131n \u00e7a\u011fr\u0131\u015ft\u0131rd\u0131klar\u0131na hep ba\u011fl\u0131 kald\u0131.G\u00fcnl\u00fck ya\u015fam\u0131n ac\u0131lar\u0131n\u0131, \u201cyaras\u0131ndan orman damlayanlar\u0131n\u201d sorunlar\u0131n\u0131 \u015fiirinin ana gereci olarak sahiplenirken, bu soylu dert u\u011fruna \u201cpimi \u00e7ekilmi\u015f y\u00fcrekle\u201d karanl\u0131\u011f\u0131n \u00fczerine y\u00fcr\u00fcyenleri hi\u00e7 unutmad\u0131. Toplumsal m\u00fccadeleye emek vermi\u015f her bir devrimciyi yolda\u015f\u0131 g\u00f6ren Karaca, \u201ci\u00e7 cebinde bitmemi\u015f bir \u015fiirle topra\u011fa d\u00fc\u015fenler\u201d ad\u0131na s\u00f6z almay\u0131 ya\u015fam\u0131yla ve \u015fiiriyle bug\u00fcn de s\u00fcrd\u00fcr\u00fcyor.Memleket ve G\u00fcl, Karaca\u2019n\u0131n okura ula\u015fm\u0131\u015f d\u00f6rt kitab\u0131n\u0131n yan\u0131 s\u0131ra, daha \u00f6nce hi\u00e7bir yerde yay\u0131mlanmam\u0131\u015f \u015fiirlerini bir araya getiriyor.<\/p>\n","protected":false},"excerpt":{"rendered":"<p>Esin kaynaklar\u0131n\u0131 ilk gen\u00e7lik y\u0131llar\u0131ndan itibaren i\u00e7inde yer ald\u0131\u011f\u0131 toplumsal m\u00fccadeleden derleyen \u0130brahim Karaca\u2019n\u0131n \u015fiirleri 1985 Akademi Kitabevi \u015eiir Ba\u015far\u0131 \u00d6d\u00fcl\u00fc, 1986 Yeni T\u00fcrk\u00fc \u015eiir \u00d6d\u00fcl\u00fc<span class=\"excerpt-hellip\"> [\u2026]<\/span><\/p>\n","protected":false},"featured_media":0,"template":"","meta":{"_monsterinsights_skip_tracking":false,"_monsterinsights_sitenote_active":false,"_monsterinsights_sitenote_note":"","_monsterinsights_sitenote_category":0},"product_brand":[],"product_cat":[12291,12509],"product_tag":[],"class_list":{"0":"post-781928","1":"product","2":"type-product","3":"status-publish","5":"product_cat-edebiyat","6":"product_cat-siir","7":"pa_cilt-ciltsiz","8":"pa_tur-kitap","9":"pa_yayinevi-ayrinti-yayinlari","10":"pa_yazar-ibrahim-karaca","12":"first","13":"instock","14":"sale","15":"shipping-taxable","16":"purchasable","17":"product-type-simple"},"_links":{"self":[{"href":"https:\/\/roveyayinevi.com.tr\/index.php\/wp-json\/wp\/v2\/product\/781928","targetHints":{"allow":["GET"]}}],"collection":[{"href":"https:\/\/roveyayinevi.com.tr\/index.php\/wp-json\/wp\/v2\/product"}],"about":[{"href":"https:\/\/roveyayinevi.com.tr\/index.php\/wp-json\/wp\/v2\/types\/product"}],"wp:attachment":[{"href":"https:\/\/roveyayinevi.com.tr\/index.php\/wp-json\/wp\/v2\/media?parent=781928"}],"wp:term":[{"taxonomy":"product_brand","embeddable":true,"href":"https:\/\/roveyayinevi.com.tr\/index.php\/wp-json\/wp\/v2\/product_brand?post=781928"},{"taxonomy":"product_cat","embeddable":true,"href":"https:\/\/roveyayinevi.com.tr\/index.php\/wp-json\/wp\/v2\/product_cat?post=781928"},{"taxonomy":"product_tag","embeddable":true,"href":"https:\/\/roveyayinevi.com.tr\/index.php\/wp-json\/wp\/v2\/product_tag?post=781928"}],"curies":[{"name":"wp","href":"https:\/\/api.w.org\/{rel}","templated":true}]}}