{"id":781927,"date":"2026-02-01T14:30:36","date_gmt":"2026-02-01T11:30:36","guid":{"rendered":"https:\/\/roveyayinevi.com.tr\/index.php\/urun\/50-maddede-gobeklitepe-ve-sirlari\/"},"modified":"2026-03-11T02:48:58","modified_gmt":"2026-03-10T23:48:58","slug":"50-maddede-gobeklitepe-ve-sirlari","status":"publish","type":"product","link":"https:\/\/roveyayinevi.com.tr\/index.php\/urun\/50-maddede-gobeklitepe-ve-sirlari\/","title":{"rendered":"50 Maddede G\u00f6beklitepe ve S\u0131rlar\u0131"},"content":{"rendered":"<p>G\u00f6beklitepe en eski mabet miydi? \u0130nsanl\u0131\u011f\u0131n do\u011fdu\u011fu yer buras\u0131 m\u0131yd\u0131? \u0130lk alfabe burada m\u0131 yaz\u0131ld\u0131? D\u00fcnyan\u0131n \u00f6teki an\u0131t yap\u0131lar\u0131ndan ni\u00e7in daha \u00f6nemli? Dikilita\u015flar uzayl\u0131lar\u0131 yans\u0131t\u0131yor olabilir mi? \u0130lluminati ile ilgisi var m\u0131? Y\u00fczy\u0131l\u0131n en b\u00fcy\u00fck arkeolojik ke\u015fiflerinden biri, insan akl\u0131n\u0131n anlamakta zorlanaca\u011f\u0131 kadar ola\u011fan\u00fcst\u00fc bir yer. Do\u011fan Satm\u0131\u015f, t\u0131pk\u0131 M\u0131s\u0131r Piramitleri gibi, bir g\u00fcn yery\u00fcz\u00fcndeki herkes taraf\u0131ndan bilinecek ve d\u00fcnyan\u0131n en \u00f6nemli seyahat noktalar\u0131ndan biri olacak G\u00f6beklitepe\u2019ye dair merak edilen t\u00fcm sorular\u0131 yan\u0131tl\u0131yor.<\/p>\n","protected":false},"excerpt":{"rendered":"<p>G\u00f6beklitepe en eski mabet miydi? \u0130nsanl\u0131\u011f\u0131n do\u011fdu\u011fu yer buras\u0131 m\u0131yd\u0131? \u0130lk alfabe burada m\u0131 yaz\u0131ld\u0131? D\u00fcnyan\u0131n \u00f6teki an\u0131t yap\u0131lar\u0131ndan ni\u00e7in daha \u00f6nemli? Dikilita\u015flar uzayl\u0131lar\u0131 yans\u0131t\u0131yor olabilir<span class=\"excerpt-hellip\"> [\u2026]<\/span><\/p>\n","protected":false},"featured_media":0,"template":"","meta":{"_monsterinsights_skip_tracking":false,"_monsterinsights_sitenote_active":false,"_monsterinsights_sitenote_note":"","_monsterinsights_sitenote_category":0},"product_brand":[],"product_cat":[12370,12304],"product_tag":[],"class_list":{"0":"post-781927","1":"product","2":"type-product","3":"status-publish","5":"product_cat-arastirma-inceleme","6":"product_cat-tarih","7":"pa_cilt-ciltsiz","8":"pa_tur-kitap","9":"pa_yayinevi-kara-karga-yayinlari","10":"pa_yazar-dogan-satmis","12":"first","13":"instock","14":"sale","15":"shipping-taxable","16":"purchasable","17":"product-type-simple"},"_links":{"self":[{"href":"https:\/\/roveyayinevi.com.tr\/index.php\/wp-json\/wp\/v2\/product\/781927","targetHints":{"allow":["GET"]}}],"collection":[{"href":"https:\/\/roveyayinevi.com.tr\/index.php\/wp-json\/wp\/v2\/product"}],"about":[{"href":"https:\/\/roveyayinevi.com.tr\/index.php\/wp-json\/wp\/v2\/types\/product"}],"wp:attachment":[{"href":"https:\/\/roveyayinevi.com.tr\/index.php\/wp-json\/wp\/v2\/media?parent=781927"}],"wp:term":[{"taxonomy":"product_brand","embeddable":true,"href":"https:\/\/roveyayinevi.com.tr\/index.php\/wp-json\/wp\/v2\/product_brand?post=781927"},{"taxonomy":"product_cat","embeddable":true,"href":"https:\/\/roveyayinevi.com.tr\/index.php\/wp-json\/wp\/v2\/product_cat?post=781927"},{"taxonomy":"product_tag","embeddable":true,"href":"https:\/\/roveyayinevi.com.tr\/index.php\/wp-json\/wp\/v2\/product_tag?post=781927"}],"curies":[{"name":"wp","href":"https:\/\/api.w.org\/{rel}","templated":true}]}}