{"id":781925,"date":"2026-02-01T14:28:59","date_gmt":"2026-02-01T11:28:59","guid":{"rendered":"https:\/\/roveyayinevi.com.tr\/index.php\/urun\/kultur-2\/"},"modified":"2026-02-23T11:25:50","modified_gmt":"2026-02-23T08:25:50","slug":"kultur-2","status":"publish","type":"product","link":"https:\/\/roveyayinevi.com.tr\/index.php\/urun\/kultur-2\/","title":{"rendered":"K\u00fclt\u00fcr"},"content":{"rendered":"<p>Terry Eagleton, s\u00f6m\u00fcrgecilikten ve onun neredeyse ideolojik k\u0131l\u0131f\u0131 olarak ortaya \u00e7\u0131kan antropolojiden sanayi Avrupa\u2019s\u0131na, Alman Romantiklerinden Britanya i\u015f\u00e7i s\u0131n\u0131f\u0131na, \u0130rlandal\u0131 devrimcilerden k\u00fclt\u00fcr end\u00fcstrisine, Jakobenlerden 11 Eyl\u00fcl&#8217;e ve neoliberal \u00fcniversitenin postmodern k\u00fclt\u00fcr kuramc\u0131lar\u0131na uzanan geni\u015f bir yelpazede, modernli\u011fin ba\u015flang\u0131c\u0131ndan g\u00fcn\u00fcm\u00fcze uzanan d\u00f6nemde, k\u00fclt\u00fcr\u00fcn ser\u00fcvenini kapsaml\u0131 bir yakla\u015f\u0131mla ele al\u0131yor.Eagleton\u2019a g\u00f6re postmodern k\u00fclt\u00fcrel farkl\u0131l\u0131k, \u00e7e\u015fitlilik ve kapsay\u0131c\u0131l\u0131k feti\u015fizmi ge\u00e7 kapitalizmin piyasa ve t\u00fcketim mant\u0131\u011f\u0131yla uyum i\u00e7indedir. Her t\u00fcrl\u00fc d\u0131\u015flamaya ve hiyerar\u015fiye kar\u015f\u0131 durdu\u011funu \u00f6ne s\u00fcren bu mutlak k\u00fclt\u00fcrelci tutum, t\u00fcm radikalli\u011fine ra\u011fmen siyasi olarak g\u00fc\u00e7lendirici ve devrimci olmaktan uzakt\u0131r.Eagleton, k\u00fclt\u00fcre ili\u015fkin b\u00fct\u00fcnl\u00fckl\u00fc bir tan\u0131m yapman\u0131n imk\u00e2ns\u0131zl\u0131\u011f\u0131n\u0131 teslim etse de, k\u00fclt\u00fcr\u00fcn insanl\u0131\u011f\u0131n k\u00fcresel \u00f6l\u00e7ekte kar\u015f\u0131 kar\u015f\u0131ya bulundu\u011fu acil sorunlardan ziyade, do\u011frudan siyasetin alan\u0131na dair oldu\u011funu, al\u0131\u015ft\u0131\u011f\u0131m\u0131z ironik ve keskin ele\u015ftirel \u00fcslubuyla ortaya koyuyor.<\/p>\n","protected":false},"excerpt":{"rendered":"<p>Terry Eagleton, s\u00f6m\u00fcrgecilikten ve onun neredeyse ideolojik k\u0131l\u0131f\u0131 olarak ortaya \u00e7\u0131kan antropolojiden sanayi Avrupa\u2019s\u0131na, Alman Romantiklerinden Britanya i\u015f\u00e7i s\u0131n\u0131f\u0131na, \u0130rlandal\u0131 devrimcilerden k\u00fclt\u00fcr end\u00fcstrisine, Jakobenlerden 11 Eyl\u00fcl&#8217;e<span class=\"excerpt-hellip\"> [\u2026]<\/span><\/p>\n","protected":false},"featured_media":0,"template":"","meta":{"_monsterinsights_skip_tracking":false,"_monsterinsights_sitenote_active":false,"_monsterinsights_sitenote_note":"","_monsterinsights_sitenote_category":0},"product_brand":[],"product_cat":[13633,12324],"product_tag":[],"class_list":{"0":"post-781925","1":"product","2":"type-product","3":"status-publish","5":"product_cat-kultur-ve-bilim","6":"product_cat-sosyoloji","7":"pa_cilt-ciltsiz","8":"pa_tur-kitap","9":"pa_yayinevi-can-yayinlari","10":"pa_yazar-terry-eagleton","12":"first","13":"instock","14":"sale","15":"shipping-taxable","16":"purchasable","17":"product-type-simple"},"_links":{"self":[{"href":"https:\/\/roveyayinevi.com.tr\/index.php\/wp-json\/wp\/v2\/product\/781925","targetHints":{"allow":["GET"]}}],"collection":[{"href":"https:\/\/roveyayinevi.com.tr\/index.php\/wp-json\/wp\/v2\/product"}],"about":[{"href":"https:\/\/roveyayinevi.com.tr\/index.php\/wp-json\/wp\/v2\/types\/product"}],"wp:attachment":[{"href":"https:\/\/roveyayinevi.com.tr\/index.php\/wp-json\/wp\/v2\/media?parent=781925"}],"wp:term":[{"taxonomy":"product_brand","embeddable":true,"href":"https:\/\/roveyayinevi.com.tr\/index.php\/wp-json\/wp\/v2\/product_brand?post=781925"},{"taxonomy":"product_cat","embeddable":true,"href":"https:\/\/roveyayinevi.com.tr\/index.php\/wp-json\/wp\/v2\/product_cat?post=781925"},{"taxonomy":"product_tag","embeddable":true,"href":"https:\/\/roveyayinevi.com.tr\/index.php\/wp-json\/wp\/v2\/product_tag?post=781925"}],"curies":[{"name":"wp","href":"https:\/\/api.w.org\/{rel}","templated":true}]}}