{"id":781924,"date":"2026-02-01T14:28:37","date_gmt":"2026-02-01T11:28:37","guid":{"rendered":"https:\/\/roveyayinevi.com.tr\/index.php\/urun\/termodinamik-tarihine-kisa-bir-bakis\/"},"modified":"2026-04-16T02:27:31","modified_gmt":"2026-04-15T23:27:31","slug":"termodinamik-tarihine-kisa-bir-bakis","status":"publish","type":"product","link":"https:\/\/roveyayinevi.com.tr\/index.php\/urun\/termodinamik-tarihine-kisa-bir-bakis\/","title":{"rendered":"Termodinamik Tarihine K\u0131sa Bir Bak\u0131\u015f"},"content":{"rendered":"<p>Kuantum, g\u00f6relilik ve evrim kuramlar\u0131ndan sonra pop\u00fcler k\u00fclt\u00fcrde kendisine en \u00e7ok yer bulmu\u015f bilim disiplini hangisidir denilse, san\u0131r\u0131m pek \u00e7o\u011fumuzun akl\u0131na ilk cevap olarak termodinamik gelir. G\u00fcnl\u00fck ya\u015fam\u0131m\u0131z\u0131n hemen her noktas\u0131na sirayet eden termodinamikle ya\u015famay\u0131 \u00f6\u011frenme \u00e7abas\u0131 olan bu metnin oda\u011f\u0131nda en me\u015fhur iki yasa bulunuyor ve bunlar termodinami\u011fin tarihsel \u00f6yk\u00fcs\u00fcyle i\u00e7 i\u00e7e ge\u00e7mi\u015f bilim insanlar\u0131n\u0131n ya\u015famlar\u0131 \u00fczerinden aktar\u0131lmaya \u00e7al\u0131\u015f\u0131l\u0131yor. <\/p>\n","protected":false},"excerpt":{"rendered":"<p>Kuantum, g\u00f6relilik ve evrim kuramlar\u0131ndan sonra pop\u00fcler k\u00fclt\u00fcrde kendisine en \u00e7ok yer bulmu\u015f bilim disiplini hangisidir denilse, san\u0131r\u0131m pek \u00e7o\u011fumuzun akl\u0131na ilk cevap olarak termodinamik gelir.<span class=\"excerpt-hellip\"> [\u2026]<\/span><\/p>\n","protected":false},"featured_media":0,"template":"","meta":{"_monsterinsights_skip_tracking":false,"_monsterinsights_sitenote_active":false,"_monsterinsights_sitenote_note":"","_monsterinsights_sitenote_category":0},"product_brand":[],"product_cat":[13005,37328],"product_tag":[],"class_list":{"0":"post-781924","1":"product","2":"type-product","3":"status-publish","5":"product_cat-bilim-muhendislik","6":"product_cat-diger-bilim-muhendislik","7":"pa_cilt-ciltsiz","8":"pa_tur-kitap","9":"pa_yayinevi-kor-kitap","10":"pa_yazar-ferhat-sari","12":"first","13":"instock","14":"sale","15":"shipping-taxable","16":"purchasable","17":"product-type-simple"},"_links":{"self":[{"href":"https:\/\/roveyayinevi.com.tr\/index.php\/wp-json\/wp\/v2\/product\/781924","targetHints":{"allow":["GET"]}}],"collection":[{"href":"https:\/\/roveyayinevi.com.tr\/index.php\/wp-json\/wp\/v2\/product"}],"about":[{"href":"https:\/\/roveyayinevi.com.tr\/index.php\/wp-json\/wp\/v2\/types\/product"}],"wp:attachment":[{"href":"https:\/\/roveyayinevi.com.tr\/index.php\/wp-json\/wp\/v2\/media?parent=781924"}],"wp:term":[{"taxonomy":"product_brand","embeddable":true,"href":"https:\/\/roveyayinevi.com.tr\/index.php\/wp-json\/wp\/v2\/product_brand?post=781924"},{"taxonomy":"product_cat","embeddable":true,"href":"https:\/\/roveyayinevi.com.tr\/index.php\/wp-json\/wp\/v2\/product_cat?post=781924"},{"taxonomy":"product_tag","embeddable":true,"href":"https:\/\/roveyayinevi.com.tr\/index.php\/wp-json\/wp\/v2\/product_tag?post=781924"}],"curies":[{"name":"wp","href":"https:\/\/api.w.org\/{rel}","templated":true}]}}