{"id":781923,"date":"2026-02-01T14:28:27","date_gmt":"2026-02-01T11:28:27","guid":{"rendered":"https:\/\/roveyayinevi.com.tr\/index.php\/urun\/o-guzel-insanlar-2\/"},"modified":"2026-04-16T02:26:55","modified_gmt":"2026-04-15T23:26:55","slug":"o-guzel-insanlar-2","status":"publish","type":"product","link":"https:\/\/roveyayinevi.com.tr\/index.php\/urun\/o-guzel-insanlar-2\/","title":{"rendered":"O G\u00fczel \u0130nsanlar"},"content":{"rendered":"<p>Ya\u015far Mira\u00e7\u2019\u0131n yeni kitab\u0131 O G\u00fczel \u0130nsanlar, zaman\u0131n unutmaya, unutturmaya ayarl\u0131 ac\u0131mas\u0131z h\u0131zar\u0131na kar\u015f\u0131 yaz\u0131lm\u0131\u015f \u201c\u015fiir portreler\u201di bir araya getiriyor. Her bir \u015fiir, her bir portre, sevgiye, iyili\u011fe, d\u00fcr\u00fcstl\u00fc\u011fe ve erdemlili\u011fe adanm\u0131\u015f ya\u015famlara bir \u00f6vg\u00fc, \u00e7a\u011f\u0131n\u0131n m\u00fccadeleci tan\u0131\u011f\u0131 olmaktan vazge\u00e7memi\u015f ozandan g\u00fcn\u00fcm\u00fcze \u0131\u015f\u0131k d\u00fc\u015f\u00fcren umut dolu birer \u00e7a\u011fr\u0131. \u201cOnbe\u015fler\u201ddenDenizler\u2019e, Victor Jara\u2019dan Nesimi \u00c7imen\u2019e, N\u00e2z\u0131m\u2019dan Ahmed Arif\u2019e; \u201cher biri ne \u015fiire ne kitaplara s\u0131\u011facak\u201d \u00e7ok say\u0131da devrimci, \u015fair, yazar ve ayd\u0131n i\u00e7in yaz\u0131lm\u0131\u015f birer unutmama, hat\u0131rlama ve sahipleni\u015f hik\u00e2yesi. <\/p>\n","protected":false},"excerpt":{"rendered":"<p>Ya\u015far Mira\u00e7\u2019\u0131n yeni kitab\u0131 O G\u00fczel \u0130nsanlar, zaman\u0131n unutmaya, unutturmaya ayarl\u0131 ac\u0131mas\u0131z h\u0131zar\u0131na kar\u015f\u0131 yaz\u0131lm\u0131\u015f \u201c\u015fiir portreler\u201di bir araya getiriyor. Her bir \u015fiir, her bir portre,<span class=\"excerpt-hellip\"> [\u2026]<\/span><\/p>\n","protected":false},"featured_media":0,"template":"","meta":{"_monsterinsights_skip_tracking":false,"_monsterinsights_sitenote_active":false,"_monsterinsights_sitenote_note":"","_monsterinsights_sitenote_category":0},"product_brand":[],"product_cat":[12291,12509],"product_tag":[],"class_list":{"0":"post-781923","1":"product","2":"type-product","3":"status-publish","5":"product_cat-edebiyat","6":"product_cat-siir","7":"pa_cilt-ciltsiz","8":"pa_tur-kitap","9":"pa_yayinevi-ayrinti-yayinlari","10":"pa_yazar-yasar-mirac","12":"first","13":"instock","14":"sale","15":"shipping-taxable","16":"purchasable","17":"product-type-simple"},"_links":{"self":[{"href":"https:\/\/roveyayinevi.com.tr\/index.php\/wp-json\/wp\/v2\/product\/781923","targetHints":{"allow":["GET"]}}],"collection":[{"href":"https:\/\/roveyayinevi.com.tr\/index.php\/wp-json\/wp\/v2\/product"}],"about":[{"href":"https:\/\/roveyayinevi.com.tr\/index.php\/wp-json\/wp\/v2\/types\/product"}],"wp:attachment":[{"href":"https:\/\/roveyayinevi.com.tr\/index.php\/wp-json\/wp\/v2\/media?parent=781923"}],"wp:term":[{"taxonomy":"product_brand","embeddable":true,"href":"https:\/\/roveyayinevi.com.tr\/index.php\/wp-json\/wp\/v2\/product_brand?post=781923"},{"taxonomy":"product_cat","embeddable":true,"href":"https:\/\/roveyayinevi.com.tr\/index.php\/wp-json\/wp\/v2\/product_cat?post=781923"},{"taxonomy":"product_tag","embeddable":true,"href":"https:\/\/roveyayinevi.com.tr\/index.php\/wp-json\/wp\/v2\/product_tag?post=781923"}],"curies":[{"name":"wp","href":"https:\/\/api.w.org\/{rel}","templated":true}]}}