{"id":781922,"date":"2026-02-01T14:27:52","date_gmt":"2026-02-01T11:27:52","guid":{"rendered":"https:\/\/roveyayinevi.com.tr\/index.php\/urun\/beat-kusagi\/"},"modified":"2026-02-03T02:40:53","modified_gmt":"2026-02-02T23:40:53","slug":"beat-kusagi","status":"publish","type":"product","link":"https:\/\/roveyayinevi.com.tr\/index.php\/urun\/beat-kusagi\/","title":{"rendered":"Beat Ku\u015fa\u011f\u0131"},"content":{"rendered":"<p>Beat Ku\u015fa\u011f\u0131, Beat hareketinin kendisi kadar enerjik \u00e7izgilerle tekrar hayata d\u00f6n\u00fcyor. \u00c7izgi roman efsanesi Harvey Pekar\u2019\u0131n anlatt\u0131\u011f\u0131 ve s\u0131k\u00e7a birlikte \u00e7al\u0131\u015ft\u0131\u011f\u0131 Ed Piskor\u2019un \u00e7izdi\u011fi bu kitab\u0131n i\u00e7inde feminist \u00e7izgi romanc\u0131 Trina Robbins ve MAD dergisinden Peter Kuper gibi daha bir\u00e7ok \u00f6nemli isim yer al\u0131yor. Beat Ku\u015fa\u011f\u0131, bizi ana ak\u0131m Amerikan konformistli\u011fi ve muhafazakarl\u0131\u011f\u0131 ile y\u00fczle\u015fen bir d\u00f6neme do\u011fru vah\u015fi bir yolculu\u011fa \u00e7\u0131kar\u0131yor. Bu ku\u015fak, k\u00f6ks\u00fczl\u00fckleri, agresif ba\u011f\u0131ml\u0131l\u0131klar\u0131, sars\u0131c\u0131 yarat\u0131c\u0131l\u0131klar\u0131 ve deneysellikleriyle tan\u0131n\u0131yor. 40\u2019lar\u0131n sonu 50\u2019lerin ba\u015f\u0131nda, New York ve San Francisco \u00e7evresinde tak\u0131lan birka\u00e7 arkada\u015f\u0131n etraf\u0131nda ba\u015flayan bir ak\u0131m, edebi bir patlaman\u0131n temellerini att\u0131. Amfetamin y\u00fckl\u00fc Kerouac, Ginsberg ve Burroughs\u2019un tuhafl\u0131klar\u0131ndan, Jay DeFeo\u2019nun da\u011f\u0131n\u0131k st\u00fcdyosundaki resim seanslar\u0131na\u2026 Caz hipsterlar\u0131ndan, \u2018beatnik pili\u00e7leri\u2019ne\u2026 Chicago\u2019daki Kompleksler Akademisi\u2019nden, San Francisco\u2019nun \u00fcnl\u00fc City Lights Kitabevi\u2019ne\u2026 Ortaya da bir nesle sayg\u0131 duru\u015fu olarak d\u00fc\u015f\u00fcnebilece\u011finiz, konusu kadar \u00f6zg\u00fcn bir tarzda \u00e7izilmi\u015f harika bir kolaj \u00e7\u0131k\u0131yor. <\/p>\n","protected":false},"excerpt":{"rendered":"<p>Beat Ku\u015fa\u011f\u0131, Beat hareketinin kendisi kadar enerjik \u00e7izgilerle tekrar hayata d\u00f6n\u00fcyor. \u00c7izgi roman efsanesi Harvey Pekar\u2019\u0131n anlatt\u0131\u011f\u0131 ve s\u0131k\u00e7a birlikte \u00e7al\u0131\u015ft\u0131\u011f\u0131 Ed Piskor\u2019un \u00e7izdi\u011fi bu kitab\u0131n<span class=\"excerpt-hellip\"> [\u2026]<\/span><\/p>\n","protected":false},"featured_media":0,"template":"","meta":{"_monsterinsights_skip_tracking":false,"_monsterinsights_sitenote_active":false,"_monsterinsights_sitenote_note":"","_monsterinsights_sitenote_category":0},"product_brand":[],"product_cat":[12416,12291],"product_tag":[],"class_list":{"0":"post-781922","1":"product","2":"type-product","3":"status-publish","5":"product_cat-cizgi-roman","6":"product_cat-edebiyat","7":"pa_cilt-ciltsiz","8":"pa_tur-kitap","9":"pa_yayinevi-kara-karga-yayinlari","10":"pa_yazar-harvey-pekar","12":"first","13":"instock","14":"sale","15":"shipping-taxable","16":"purchasable","17":"product-type-simple"},"_links":{"self":[{"href":"https:\/\/roveyayinevi.com.tr\/index.php\/wp-json\/wp\/v2\/product\/781922","targetHints":{"allow":["GET"]}}],"collection":[{"href":"https:\/\/roveyayinevi.com.tr\/index.php\/wp-json\/wp\/v2\/product"}],"about":[{"href":"https:\/\/roveyayinevi.com.tr\/index.php\/wp-json\/wp\/v2\/types\/product"}],"wp:attachment":[{"href":"https:\/\/roveyayinevi.com.tr\/index.php\/wp-json\/wp\/v2\/media?parent=781922"}],"wp:term":[{"taxonomy":"product_brand","embeddable":true,"href":"https:\/\/roveyayinevi.com.tr\/index.php\/wp-json\/wp\/v2\/product_brand?post=781922"},{"taxonomy":"product_cat","embeddable":true,"href":"https:\/\/roveyayinevi.com.tr\/index.php\/wp-json\/wp\/v2\/product_cat?post=781922"},{"taxonomy":"product_tag","embeddable":true,"href":"https:\/\/roveyayinevi.com.tr\/index.php\/wp-json\/wp\/v2\/product_tag?post=781922"}],"curies":[{"name":"wp","href":"https:\/\/api.w.org\/{rel}","templated":true}]}}