{"id":781920,"date":"2026-02-01T14:27:17","date_gmt":"2026-02-01T11:27:17","guid":{"rendered":"https:\/\/roveyayinevi.com.tr\/index.php\/urun\/zamanimizin-bir-kahramani-yeni-beyaz-kapak\/"},"modified":"2026-04-16T02:26:20","modified_gmt":"2026-04-15T23:26:20","slug":"zamanimizin-bir-kahramani-yeni-beyaz-kapak","status":"publish","type":"product","link":"https:\/\/roveyayinevi.com.tr\/index.php\/urun\/zamanimizin-bir-kahramani-yeni-beyaz-kapak\/","title":{"rendered":"Zaman\u0131m\u0131z\u0131n Bir Kahraman\u0131 (Yeni Beyaz Kapak)"},"content":{"rendered":"<p>Beyler, Zaman\u0131m\u0131z\u0131n Bir Kahraman\u0131 bir tek ki\u015finin portresi de\u011fildir; ku\u015fa\u011f\u0131m\u0131z\u0131n gittik\u00e7e artan k\u00f6t\u00fcl\u00fcklerinden yarat\u0131lm\u0131\u015f bir portredir. Bana bir insan\u0131n bu kadar k\u00f6t\u00fc olamayaca\u011f\u0131n\u0131 s\u00f6yleyeceksiniz yine; ben de diyece\u011fim ki, madem bir s\u00fcr\u00fc trajik ve romantik haydutun varl\u0131\u011f\u0131na inand\u0131n\u0131z, neden Pe\u00e7orin ger\u00e7e\u011fine inanm\u0131yorsunuz? Yoksa bu ki\u015fideki ger\u00e7ek pay\u0131 sizin istedi\u011finizden daha m\u0131 fazla? Hen\u00fcz yirmi yedi ya\u015f\u0131ndayken bir d\u00fcelloda ya\u015fam\u0131n\u0131 yitiren Lermontov\u2019un tek roman\u0131 Zaman\u0131m\u0131z\u0131n Bir Kahraman\u0131, bug\u00fcn d\u00fcnya edebiyat\u0131n\u0131n ba\u015fyap\u0131tlar\u0131 aras\u0131nda. 19. y\u00fczy\u0131l Rus edebiyat\u0131n\u0131n en b\u00fcy\u00fck \u015fairlerinden Lermontov\u2019un bu romanda yaratt\u0131\u011f\u0131 Pe\u00e7orin karakteri ise, yaln\u0131zca o g\u00fcnlerde de\u011fil, g\u00fcn\u00fcm\u00fczde de edebiyat d\u00fcnyas\u0131n\u0131n en \u00e7ok tart\u0131\u015f\u0131lan karakterlerinden. D\u00f6neminin toplumsal ya\u015fam\u0131n\u0131n ele\u015ftirel bir tablosunu \u00e7izen bu roman\u0131, \u00dclk\u00fc Tamer\u2019in benzersiz T\u00fcrk\u00e7esiyle sunuyoruz.Mihail Lermontov<\/p>\n","protected":false},"excerpt":{"rendered":"<p>Beyler, Zaman\u0131m\u0131z\u0131n Bir Kahraman\u0131 bir tek ki\u015finin portresi de\u011fildir; ku\u015fa\u011f\u0131m\u0131z\u0131n gittik\u00e7e artan k\u00f6t\u00fcl\u00fcklerinden yarat\u0131lm\u0131\u015f bir portredir. Bana bir insan\u0131n bu kadar k\u00f6t\u00fc olamayaca\u011f\u0131n\u0131 s\u00f6yleyeceksiniz yine; ben<span class=\"excerpt-hellip\"> [\u2026]<\/span><\/p>\n","protected":false},"featured_media":0,"template":"","meta":{"_monsterinsights_skip_tracking":false,"_monsterinsights_sitenote_active":false,"_monsterinsights_sitenote_note":"","_monsterinsights_sitenote_category":0},"product_brand":[],"product_cat":[12291,13570],"product_tag":[],"class_list":{"0":"post-781920","1":"product","2":"type-product","3":"status-publish","5":"product_cat-edebiyat","6":"product_cat-rus-edebiyati","7":"pa_cilt-ciltsiz","8":"pa_tur-kitap","9":"pa_yayinevi-can-yayinlari","10":"pa_yazar-mihail-yuryevic-lermontov","12":"first","13":"instock","14":"sale","15":"shipping-taxable","16":"purchasable","17":"product-type-simple"},"_links":{"self":[{"href":"https:\/\/roveyayinevi.com.tr\/index.php\/wp-json\/wp\/v2\/product\/781920","targetHints":{"allow":["GET"]}}],"collection":[{"href":"https:\/\/roveyayinevi.com.tr\/index.php\/wp-json\/wp\/v2\/product"}],"about":[{"href":"https:\/\/roveyayinevi.com.tr\/index.php\/wp-json\/wp\/v2\/types\/product"}],"wp:attachment":[{"href":"https:\/\/roveyayinevi.com.tr\/index.php\/wp-json\/wp\/v2\/media?parent=781920"}],"wp:term":[{"taxonomy":"product_brand","embeddable":true,"href":"https:\/\/roveyayinevi.com.tr\/index.php\/wp-json\/wp\/v2\/product_brand?post=781920"},{"taxonomy":"product_cat","embeddable":true,"href":"https:\/\/roveyayinevi.com.tr\/index.php\/wp-json\/wp\/v2\/product_cat?post=781920"},{"taxonomy":"product_tag","embeddable":true,"href":"https:\/\/roveyayinevi.com.tr\/index.php\/wp-json\/wp\/v2\/product_tag?post=781920"}],"curies":[{"name":"wp","href":"https:\/\/api.w.org\/{rel}","templated":true}]}}