{"id":781916,"date":"2026-02-01T14:26:25","date_gmt":"2026-02-01T11:26:25","guid":{"rendered":"https:\/\/roveyayinevi.com.tr\/index.php\/urun\/madde-22\/"},"modified":"2026-04-16T02:25:41","modified_gmt":"2026-04-15T23:25:41","slug":"madde-22","status":"publish","type":"product","link":"https:\/\/roveyayinevi.com.tr\/index.php\/urun\/madde-22\/","title":{"rendered":"Madde 22"},"content":{"rendered":"<p>\u201cMadde 22, okudu\u011fum mant\u0131kl\u0131 tek sava\u015f roman\u0131.\u201d \u2013Harper Lee \u201cMadde 22, fa\u015fizme kar\u015f\u0131 verilen sava\u015fta, Amerikal\u0131lar\u0131n yaratt\u0131\u011f\u0131 en b\u00fcy\u00fck destan.\u201d \u2013Kurt Vonnegut \u201cSon elli y\u0131lda yaz\u0131lm\u0131\u015f iki b\u00fcy\u00fck Amerikan roman\u0131 var. Biri Madde 22.\u201d \u2013Stephen King \u201cMadde 22\u2019nin muazzam ba\u015far\u0131s\u0131, se\u00e7kin bir edebi eserin bazen ger\u00e7ekten de \u00e7ok geni\u015f bir okuyucu kitlesine ula\u015fabilece\u011fini g\u00f6sterdi.\u201d \u2013Anthony Burgess \u201cOrijinal. Kimse buna benzer bir kitap okumam\u0131\u015ft\u0131r.\u201d \u2013Norman Mailer II. D\u00fcnya Sava\u015f\u0131\u2019nda bombard\u0131man u\u00e7a\u011f\u0131 pilotu olarak g\u00f6rev yap\u0131p askeri b\u00fcrokrasinin nas\u0131l i\u015fledi\u011fini g\u00f6ren Joseph Heller tecr\u00fcbelerinden ilhamla yazd\u0131\u011f\u0131 bir kitapla Amerikan edebiyat\u0131n\u0131 d\u00f6n\u00fc\u015ft\u00fcrd\u00fc. Edebiyatta mizahi gelene\u011fin ve sava\u015f kar\u015f\u0131tl\u0131\u011f\u0131n\u0131n en \u00f6nemli \u00fcr\u00fcnlerinden olan Madde 22 ise yazar\u0131n\u0131 g\u00f6lgede b\u0131rakacak kadar pop\u00fclerle\u015fip ba\u015fl\u0131 ba\u015f\u0131na Amerikan k\u00fclt\u00fcr\u00fcn\u00fcn bir par\u00e7as\u0131 haline geldi. \u0130talya\u2019da Amerikan ordusu ad\u0131na bombard\u0131man u\u00e7a\u011f\u0131 pilotu olarak g\u00f6rev yapan ve hi\u00e7 kar\u015f\u0131la\u015fmad\u0131\u011f\u0131 binlerce ki\u015fi taraf\u0131ndan \u00f6ld\u00fcr\u00fclmek istendi\u011fi i\u00e7in k\u0131zg\u0131n olan Yossarian\u2019\u0131n as\u0131l derdi, askerlik g\u00f6revini bitirmek i\u00e7in gereken u\u00e7u\u015f say\u0131s\u0131n\u0131 her ge\u00e7en g\u00fcn art\u0131ran ordusuylad\u0131r. Yossarian, g\u00f6revlerden feragat etmek i\u00e7in herhangi bir giri\u015fimde bulunursa, fazlas\u0131yla komik bir kural olan Madde 22\u2019ye tak\u0131lacakt\u0131r: E\u011fer biri tehlikeli sava\u015f u\u00e7u\u015flar\u0131n\u0131 yapmaya g\u00f6n\u00fcll\u00fcyse akl\u0131n\u0131 kaybetti\u011fi d\u00fc\u015f\u00fcn\u00fcl\u00fcr ama g\u00f6revlere kat\u0131lmak istemedi\u011fini belirten resmi bir ba\u015fvuruda bulunursa delirmedi\u011fi ortaya \u00e7\u0131kar ve b\u00f6ylece g\u00f6revine devam etmek zorunda kal\u0131r. Yay\u0131nland\u0131\u011f\u0131 g\u00fcnden beri Amerikan edebiyat\u0131n\u0131n k\u00f6\u015fe ta\u015flar\u0131ndan biri olarak g\u00f6r\u00fclen Madde 22, tarihin en \u00e7ok ilgi g\u00f6ren, en s\u0131rad\u0131\u015f\u0131 kitaplar\u0131ndan biri. Edebiyatta kara mizah\u0131n doruk noktas\u0131. <\/p>\n","protected":false},"excerpt":{"rendered":"<p>\u201cMadde 22, okudu\u011fum mant\u0131kl\u0131 tek sava\u015f roman\u0131.\u201d \u2013Harper Lee \u201cMadde 22, fa\u015fizme kar\u015f\u0131 verilen sava\u015fta, Amerikal\u0131lar\u0131n yaratt\u0131\u011f\u0131 en b\u00fcy\u00fck destan.\u201d \u2013Kurt Vonnegut \u201cSon elli y\u0131lda yaz\u0131lm\u0131\u015f<span class=\"excerpt-hellip\"> [\u2026]<\/span><\/p>\n","protected":false},"featured_media":0,"template":"","meta":{"_monsterinsights_skip_tracking":false,"_monsterinsights_sitenote_active":false,"_monsterinsights_sitenote_note":"","_monsterinsights_sitenote_category":0},"product_brand":[],"product_cat":[13661,12291],"product_tag":[],"class_list":{"0":"post-781916","1":"product","2":"type-product","3":"status-publish","5":"product_cat-diger-ulke-edebiyatlari","6":"product_cat-edebiyat","7":"pa_cilt-ciltsiz","8":"pa_tur-kitap","9":"pa_yayinevi-ithaki-yayinlari","10":"pa_yazar-joseph-heller","12":"first","13":"instock","14":"sale","15":"shipping-taxable","16":"purchasable","17":"product-type-simple"},"_links":{"self":[{"href":"https:\/\/roveyayinevi.com.tr\/index.php\/wp-json\/wp\/v2\/product\/781916","targetHints":{"allow":["GET"]}}],"collection":[{"href":"https:\/\/roveyayinevi.com.tr\/index.php\/wp-json\/wp\/v2\/product"}],"about":[{"href":"https:\/\/roveyayinevi.com.tr\/index.php\/wp-json\/wp\/v2\/types\/product"}],"wp:attachment":[{"href":"https:\/\/roveyayinevi.com.tr\/index.php\/wp-json\/wp\/v2\/media?parent=781916"}],"wp:term":[{"taxonomy":"product_brand","embeddable":true,"href":"https:\/\/roveyayinevi.com.tr\/index.php\/wp-json\/wp\/v2\/product_brand?post=781916"},{"taxonomy":"product_cat","embeddable":true,"href":"https:\/\/roveyayinevi.com.tr\/index.php\/wp-json\/wp\/v2\/product_cat?post=781916"},{"taxonomy":"product_tag","embeddable":true,"href":"https:\/\/roveyayinevi.com.tr\/index.php\/wp-json\/wp\/v2\/product_tag?post=781916"}],"curies":[{"name":"wp","href":"https:\/\/api.w.org\/{rel}","templated":true}]}}