{"id":781915,"date":"2026-02-01T14:22:45","date_gmt":"2026-02-01T11:22:45","guid":{"rendered":"https:\/\/roveyayinevi.com.tr\/index.php\/urun\/hollywood\/"},"modified":"2026-03-25T13:51:41","modified_gmt":"2026-03-25T10:51:41","slug":"hollywood","status":"publish","type":"product","link":"https:\/\/roveyayinevi.com.tr\/index.php\/urun\/hollywood\/","title":{"rendered":"Hollywood"},"content":{"rendered":"<p>&#8211; EasyRider\u2019dan Apocalypse Now\u2019a Yeni Hollywood &#8211; 60\u2019l\u0131 y\u0131llar\u0131n sonunda b\u00fcy\u00fck yap\u0131m \u015firketlerine sava\u015f a\u00e7an, Vietnam Sava\u015f\u0131\u2019ndan etkilenip politize olan gen\u00e7 nesil y\u00f6netmenler \u00e7a\u011f\u0131na \u201cYeni Hollywood\u201d diyoruz. Elinizde tuttu\u011funuz \u00e7izgi roman denemesi, bu alt\u0131n \u00e7a\u011f\u0131 ayd\u0131nlat\u0131rken Scorsese, Coppola, Peckinpah, Romero ve di\u011fer y\u00f6netmenlerin ortak yanlar\u0131n\u0131 da ortaya koyuyor. JEAN-BAPTISTE THORET, 1970\u2019ler Amerikan sinemas\u0131 uzman\u0131 Frans\u0131z yazard\u0131r. Ayn\u0131 zamanda radyo ve televizyon mecralar\u0131nda da yer alan Thoret, Amerikan ve \u0130talyan sinemas\u0131 hakk\u0131nda kitaplar yazd\u0131. Ayr\u0131ca, Charlie Hebdo\u2019nun sinema yazar\u0131d\u0131r. BR\u00dcNO, blaxploitation ve Yeni Hollywood yap\u0131mlar\u0131ndan ilham ald\u0131\u011f\u0131 Lorna alb\u00fcm\u00fc ve Tyler Cross, Inner City Blues gibi serileri sayesinde, \u00e7izgi roman aleminde sayg\u0131n bir yer edindi. <\/p>\n","protected":false},"excerpt":{"rendered":"<p>&#8211; EasyRider\u2019dan Apocalypse Now\u2019a Yeni Hollywood &#8211; 60\u2019l\u0131 y\u0131llar\u0131n sonunda b\u00fcy\u00fck yap\u0131m \u015firketlerine sava\u015f a\u00e7an, Vietnam Sava\u015f\u0131\u2019ndan etkilenip politize olan gen\u00e7 nesil y\u00f6netmenler \u00e7a\u011f\u0131na \u201cYeni Hollywood\u201d<span class=\"excerpt-hellip\"> [\u2026]<\/span><\/p>\n","protected":false},"featured_media":0,"template":"","meta":{"_monsterinsights_skip_tracking":false,"_monsterinsights_sitenote_active":false,"_monsterinsights_sitenote_note":"","_monsterinsights_sitenote_category":0},"product_brand":[],"product_cat":[12416,12291],"product_tag":[],"class_list":{"0":"post-781915","1":"product","2":"type-product","3":"status-publish","5":"product_cat-cizgi-roman","6":"product_cat-edebiyat","7":"pa_cilt-ciltsiz","8":"pa_tur-kitap","9":"pa_yayinevi-kara-karga-yayinlari","10":"pa_yazar-jean-baptistethoret","12":"first","13":"instock","14":"sale","15":"shipping-taxable","16":"purchasable","17":"product-type-simple"},"_links":{"self":[{"href":"https:\/\/roveyayinevi.com.tr\/index.php\/wp-json\/wp\/v2\/product\/781915","targetHints":{"allow":["GET"]}}],"collection":[{"href":"https:\/\/roveyayinevi.com.tr\/index.php\/wp-json\/wp\/v2\/product"}],"about":[{"href":"https:\/\/roveyayinevi.com.tr\/index.php\/wp-json\/wp\/v2\/types\/product"}],"wp:attachment":[{"href":"https:\/\/roveyayinevi.com.tr\/index.php\/wp-json\/wp\/v2\/media?parent=781915"}],"wp:term":[{"taxonomy":"product_brand","embeddable":true,"href":"https:\/\/roveyayinevi.com.tr\/index.php\/wp-json\/wp\/v2\/product_brand?post=781915"},{"taxonomy":"product_cat","embeddable":true,"href":"https:\/\/roveyayinevi.com.tr\/index.php\/wp-json\/wp\/v2\/product_cat?post=781915"},{"taxonomy":"product_tag","embeddable":true,"href":"https:\/\/roveyayinevi.com.tr\/index.php\/wp-json\/wp\/v2\/product_tag?post=781915"}],"curies":[{"name":"wp","href":"https:\/\/api.w.org\/{rel}","templated":true}]}}