{"id":781914,"date":"2026-02-01T14:22:21","date_gmt":"2026-02-01T11:22:21","guid":{"rendered":"https:\/\/roveyayinevi.com.tr\/index.php\/urun\/bir-almanin-hikayesi-hatirladiklarim-1914-1933\/"},"modified":"2026-04-16T02:22:22","modified_gmt":"2026-04-15T23:22:22","slug":"bir-almanin-hikayesi-hatirladiklarim-1914-1933","status":"publish","type":"product","link":"https:\/\/roveyayinevi.com.tr\/index.php\/urun\/bir-almanin-hikayesi-hatirladiklarim-1914-1933\/","title":{"rendered":"Bir Alman&#8217;\u0131n Hikayesi Hat\u0131rlad\u0131klar\u0131m (1914-1933)"},"content":{"rendered":"<p>\u201cDevlet, m\u00fcnferit ki\u015fiden, arkada\u015flar\u0131ndan kopmas\u0131n\u0131, sevgilisini terk etmesini, kendi fikirlerinden vazge\u00e7ip \u00f6n\u00fcne konan fikirleri benimsemesini, insanlar\u0131 al\u0131\u015ft\u0131\u011f\u0131ndan farkl\u0131 bir \u015fekilde selamlamas\u0131n\u0131, ho\u015fland\u0131\u011f\u0131ndan farkl\u0131 \u015feyler yemesini ve i\u00e7mesini, bo\u015f zaman\u0131n\u0131 nefret etti\u011fi birtak\u0131m faaliyetler i\u00e7in heba etmesini, b\u00fct\u00fcn\u00fcyle reddetti\u011fi maceralar i\u00e7in kendisini emre amade k\u0131lmas\u0131n\u0131, ge\u00e7mi\u015fini ve benli\u011fini reddetmesini ve b\u00fct\u00fcn bunlar\u0131 yaparken her an yo\u011fun bir co\u015fku ve minnettarl\u0131k g\u00f6stermesini, korkun\u00e7 tehditler savurarak talep eder. M\u00fcnferit \u015fah\u0131s bir kahraman olarak do\u011fmam\u0131\u015ft\u0131r, hele \u015fehit olmak akl\u0131ndan bile ge\u00e7mez. S\u0131radan bir insand\u0131r, bir\u00e7ok zaaf\u0131 vard\u0131r\u2026 Ama kendisinden talep edilenleri istemez, bu nedenle d\u00fcelloyu kabul eder \u2013 pek heyecanl\u0131 de\u011fildir, daha ziyade omuzlar\u0131n\u0131 silkerek kabul eder d\u00fcelloyu, ama di\u011fer taraftan sessiz bir kararl\u0131l\u0131k i\u00e7indedir de, y\u0131lmayacakt\u0131r.\u201d Nazilerin ad\u0131m ad\u0131m iktidara geli\u015fini, \u201cYok can\u0131m, hi\u00e7 olur mu?\u201d denenlerin ger\u00e7ek olu\u015funu ya\u015fayan, s\u0131radan bir Alman\u2019\u0131n tan\u0131kl\u0131\u011f\u0131\u2026 Politik olmayan, sertle\u015fen siyasi m\u00fccadeleyi korunakl\u0131 bir konumdan izleyen, \u201cBana dokunmazlar,\u201d diyen birisiyle kar\u015f\u0131 kar\u015f\u0131yay\u0131z. Bu totaliter iktidar\u0131n nas\u0131l herkese, her \u015feye, hayat\u0131n her alan\u0131na dokundu\u011funu yava\u015f yava\u015f, \u00fcrpererek fark ediyor, solu\u011fu daral\u0131yor. Bu kitap, o \u00fcrpertinin hik\u00e2yesi. Bir Alman\u2019\u0131n Hik\u00e2yesi, Nazizmi\/fa\u015fizmi, teorik metinlerin ve tarih kitaplar\u0131n\u0131n aktarmaya pek muktedir olamayaca\u011f\u0131 bir derinlik ve duyguyla anlamam\u0131z\u0131 sa\u011flayan bir anlat\u0131. \u201cHaffner\u2019in anlat\u0131m\u0131, yaln\u0131zca \u00fcsl\u00fbbunun parlakl\u0131\u011f\u0131yla, \u015fiirsel denebilecek canl\u0131l\u0131\u011f\u0131yla ve berrak g\u00f6r\u00fc\u015f\u00fcyle kalm\u0131yor, usul usul yakla\u015fmakta olan de\u011fi\u015fimleri alg\u0131lamaktaki duyarl\u0131l\u0131\u011f\u0131yla dikkat \u00e7ekiyor &#8211; adeta, antisemit ter\u00f6r\u00fcn do\u011frudan kurbanlar\u0131ndan biriymi\u015f\u00e7esine.\u201d   Der Spiegel <\/p>\n","protected":false},"excerpt":{"rendered":"<p>\u201cDevlet, m\u00fcnferit ki\u015fiden, arkada\u015flar\u0131ndan kopmas\u0131n\u0131, sevgilisini terk etmesini, kendi fikirlerinden vazge\u00e7ip \u00f6n\u00fcne konan fikirleri benimsemesini, insanlar\u0131 al\u0131\u015ft\u0131\u011f\u0131ndan farkl\u0131 bir \u015fekilde selamlamas\u0131n\u0131, ho\u015fland\u0131\u011f\u0131ndan farkl\u0131 \u015feyler yemesini ve<span class=\"excerpt-hellip\"> [\u2026]<\/span><\/p>\n","protected":false},"featured_media":0,"template":"","meta":{"_monsterinsights_skip_tracking":false,"_monsterinsights_sitenote_active":false,"_monsterinsights_sitenote_note":"","_monsterinsights_sitenote_category":0},"product_brand":[],"product_cat":[13590,12337],"product_tag":[],"class_list":{"0":"post-781914","1":"product","2":"type-product","3":"status-publish","5":"product_cat-arastirma-inceleme-politika-siyaset","6":"product_cat-politika-siyaset","7":"pa_cilt-ciltsiz","8":"pa_tur-kitap","9":"pa_yayinevi-iletisim-yayinlari","10":"pa_yazar-sebastian-haffner","12":"first","13":"instock","14":"sale","15":"shipping-taxable","16":"purchasable","17":"product-type-simple"},"_links":{"self":[{"href":"https:\/\/roveyayinevi.com.tr\/index.php\/wp-json\/wp\/v2\/product\/781914","targetHints":{"allow":["GET"]}}],"collection":[{"href":"https:\/\/roveyayinevi.com.tr\/index.php\/wp-json\/wp\/v2\/product"}],"about":[{"href":"https:\/\/roveyayinevi.com.tr\/index.php\/wp-json\/wp\/v2\/types\/product"}],"wp:attachment":[{"href":"https:\/\/roveyayinevi.com.tr\/index.php\/wp-json\/wp\/v2\/media?parent=781914"}],"wp:term":[{"taxonomy":"product_brand","embeddable":true,"href":"https:\/\/roveyayinevi.com.tr\/index.php\/wp-json\/wp\/v2\/product_brand?post=781914"},{"taxonomy":"product_cat","embeddable":true,"href":"https:\/\/roveyayinevi.com.tr\/index.php\/wp-json\/wp\/v2\/product_cat?post=781914"},{"taxonomy":"product_tag","embeddable":true,"href":"https:\/\/roveyayinevi.com.tr\/index.php\/wp-json\/wp\/v2\/product_tag?post=781914"}],"curies":[{"name":"wp","href":"https:\/\/api.w.org\/{rel}","templated":true}]}}