{"id":781913,"date":"2026-02-01T14:22:17","date_gmt":"2026-02-01T11:22:17","guid":{"rendered":"https:\/\/roveyayinevi.com.tr\/index.php\/urun\/ucretli-emek-ve-sermaye-3\/"},"modified":"2026-04-16T02:22:21","modified_gmt":"2026-04-15T23:22:21","slug":"ucretli-emek-ve-sermaye-3","status":"publish","type":"product","link":"https:\/\/roveyayinevi.com.tr\/index.php\/urun\/ucretli-emek-ve-sermaye-3\/","title":{"rendered":"\u00dccretli Emek ve Sermaye"},"content":{"rendered":"<p>\u201c\u0130ktisat, \u2018emek\u2019 olarak adland\u0131rd\u0131\u011f\u0131 metan\u0131n fiyat\u0131 da dahil, t\u00fcm metalar\u0131n fiyatlar\u0131n\u0131n s\u00fcrekli de\u011fi\u015fmesi, fiyatlar\u0131n s\u0131kl\u0131kla metan\u0131n kendisinin \u00fcretimiyle hi\u00e7bir ilgisi olmayan son derece \u00e7e\u015fitli ko\u015fulun etkisiyle y\u00fckselip d\u00fc\u015fmesi olgusuyla y\u00fcz y\u00fcze kal\u0131r; bu da fiyatlar\u0131n genelde, tamamen tesad\u00fcfen belirlendi\u011fi izlenimini verir. Bu y\u00fczden, bir bilim olarak yola \u00e7\u0131kt\u0131\u011f\u0131 anda iktisad\u0131n ilk g\u00f6revlerinden biri, g\u00f6r\u00fcn\u00fc\u015fte meta fiyatlar\u0131n\u0131 belirleyen bu tesad\u00fcf\u00fcn alt\u0131nda yatan ve ger\u00e7ekte bu tesad\u00fcf\u00fc belirleyen yasay\u0131 aramakt\u0131. \u0130ktisat, durmadan, k\u00e2h yukar\u0131 k\u00e2h a\u015fa\u011f\u0131 dalgalan\u0131p oynayan meta fiyatlar\u0131 aras\u0131nda, bu oynamalarla dalgalanmalar\u0131n etraf\u0131nda ger\u00e7ekle\u015fti\u011fi sabit merkez noktay\u0131 bulmaya \u00e7al\u0131\u015ft\u0131. K\u0131sacas\u0131, meta fiyatlar\u0131n\u0131 d\u00fczenleyen, t\u00fcm fiyat oynamalar\u0131n\u0131 a\u00e7\u0131klayacak ve onlara dayanak olu\u015fturacak yasa olarak meta de\u011ferini bulmak i\u00e7in, meta fiyatlar\u0131ndan hareket ettiler.\u201d Friedrich Engels <\/p>\n","protected":false},"excerpt":{"rendered":"<p>\u201c\u0130ktisat, \u2018emek\u2019 olarak adland\u0131rd\u0131\u011f\u0131 metan\u0131n fiyat\u0131 da dahil, t\u00fcm metalar\u0131n fiyatlar\u0131n\u0131n s\u00fcrekli de\u011fi\u015fmesi, fiyatlar\u0131n s\u0131kl\u0131kla metan\u0131n kendisinin \u00fcretimiyle hi\u00e7bir ilgisi olmayan son derece \u00e7e\u015fitli ko\u015fulun etkisiyle<span class=\"excerpt-hellip\"> [\u2026]<\/span><\/p>\n","protected":false},"featured_media":0,"template":"","meta":{"_monsterinsights_skip_tracking":false,"_monsterinsights_sitenote_active":false,"_monsterinsights_sitenote_note":"","_monsterinsights_sitenote_category":0},"product_brand":[],"product_cat":[14841,13043],"product_tag":[],"class_list":{"0":"post-781913","1":"product","2":"type-product","3":"status-publish","5":"product_cat-arastirma-inceleme-kuram","6":"product_cat-ekonomi","7":"pa_cilt-ciltsiz","8":"pa_tur-kitap","9":"pa_yayinevi-kor-kitap","10":"pa_yazar-karl-marx","12":"first","13":"instock","14":"sale","15":"shipping-taxable","16":"purchasable","17":"product-type-simple"},"_links":{"self":[{"href":"https:\/\/roveyayinevi.com.tr\/index.php\/wp-json\/wp\/v2\/product\/781913","targetHints":{"allow":["GET"]}}],"collection":[{"href":"https:\/\/roveyayinevi.com.tr\/index.php\/wp-json\/wp\/v2\/product"}],"about":[{"href":"https:\/\/roveyayinevi.com.tr\/index.php\/wp-json\/wp\/v2\/types\/product"}],"wp:attachment":[{"href":"https:\/\/roveyayinevi.com.tr\/index.php\/wp-json\/wp\/v2\/media?parent=781913"}],"wp:term":[{"taxonomy":"product_brand","embeddable":true,"href":"https:\/\/roveyayinevi.com.tr\/index.php\/wp-json\/wp\/v2\/product_brand?post=781913"},{"taxonomy":"product_cat","embeddable":true,"href":"https:\/\/roveyayinevi.com.tr\/index.php\/wp-json\/wp\/v2\/product_cat?post=781913"},{"taxonomy":"product_tag","embeddable":true,"href":"https:\/\/roveyayinevi.com.tr\/index.php\/wp-json\/wp\/v2\/product_tag?post=781913"}],"curies":[{"name":"wp","href":"https:\/\/api.w.org\/{rel}","templated":true}]}}