{"id":781912,"date":"2026-02-01T14:22:12","date_gmt":"2026-02-01T11:22:12","guid":{"rendered":"https:\/\/roveyayinevi.com.tr\/index.php\/urun\/japon-yapmis-turk-gezmis\/"},"modified":"2026-02-03T02:35:39","modified_gmt":"2026-02-02T23:35:39","slug":"japon-yapmis-turk-gezmis","status":"publish","type":"product","link":"https:\/\/roveyayinevi.com.tr\/index.php\/urun\/japon-yapmis-turk-gezmis\/","title":{"rendered":"Japon Yapm\u0131\u015f T\u00fcrk Gezmi\u015f"},"content":{"rendered":"<p>Japonlar, efsanelerinde kendilerini kutsal ruhlar\u0131n soyundan gelen \u00f6zel bir kavim olarak anlat\u0131r. Japon Yapm\u0131\u015f T\u00fcrk Gezmi\u015f\u2019i okuduktan sonra o efsanelere hak vereceksiniz. \u0130\u015fte Tokyo\u2019das\u0131n\u0131z: O b\u00fcy\u00fck karma\u015fan\u0131n i\u00e7inde \u00f6ylesine dingin bir d\u00fczen var ki \u015fa\u015f\u0131r\u0131yor ve d\u00fc\u015f\u00fcn\u00fcyorsunuz; bunu d\u00fcnyal\u0131lar yapm\u0131\u015f olamaz! Hiro\u015fima\u2019n\u0131n h\u00fczn\u00fc, Osaka\u2019n\u0131n co\u015fkusu, Sapporo\u2019nun buzdan heykelleri, Okinawa\u2019n\u0131n tropik kumsallar\u0131, Nikko\u2019nun filozof maymunlar\u0131, Nara\u2019n\u0131n bisk\u00fcvit dilenen geyikleri, Kyoto sokaklar\u0131nda s\u00fcz\u00fclen gey\u015falar, topuklu ayakkab\u0131lar\u0131yla Fuji Da\u011f\u0131\u2019na t\u0131rmanan \u00e7\u0131lg\u0131n k\u0131zlar\u2026 Japonya\u2019y\u0131 Onur Atao\u011flu\u2019nun k\u0131lavuzlu\u011funda gezerken hayran olaca\u011f\u0131n\u0131z \u00e7ok yer, \u015fa\u015f\u0131raca\u011f\u0131n\u0131z \u00e7ok \u015fey bulacaks\u0131n\u0131z. <\/p>\n","protected":false},"excerpt":{"rendered":"<p>Japonlar, efsanelerinde kendilerini kutsal ruhlar\u0131n soyundan gelen \u00f6zel bir kavim olarak anlat\u0131r. Japon Yapm\u0131\u015f T\u00fcrk Gezmi\u015f\u2019i okuduktan sonra o efsanelere hak vereceksiniz. \u0130\u015fte Tokyo\u2019das\u0131n\u0131z: O b\u00fcy\u00fck<span class=\"excerpt-hellip\"> [\u2026]<\/span><\/p>\n","protected":false},"featured_media":0,"template":"","meta":{"_monsterinsights_skip_tracking":false,"_monsterinsights_sitenote_active":false,"_monsterinsights_sitenote_note":"","_monsterinsights_sitenote_category":0},"product_brand":[],"product_cat":[13055,13054],"product_tag":[],"class_list":{"0":"post-781912","1":"product","2":"type-product","3":"status-publish","5":"product_cat-gezi-rehberi","6":"product_cat-gezi-ve-rehber-kitaplari","7":"pa_cilt-ciltsiz","8":"pa_tur-kitap","9":"pa_yayinevi-cinar-yayinlari","10":"pa_yazar-onur-ataoglu","12":"first","13":"instock","14":"sale","15":"shipping-taxable","16":"purchasable","17":"product-type-simple"},"_links":{"self":[{"href":"https:\/\/roveyayinevi.com.tr\/index.php\/wp-json\/wp\/v2\/product\/781912","targetHints":{"allow":["GET"]}}],"collection":[{"href":"https:\/\/roveyayinevi.com.tr\/index.php\/wp-json\/wp\/v2\/product"}],"about":[{"href":"https:\/\/roveyayinevi.com.tr\/index.php\/wp-json\/wp\/v2\/types\/product"}],"wp:attachment":[{"href":"https:\/\/roveyayinevi.com.tr\/index.php\/wp-json\/wp\/v2\/media?parent=781912"}],"wp:term":[{"taxonomy":"product_brand","embeddable":true,"href":"https:\/\/roveyayinevi.com.tr\/index.php\/wp-json\/wp\/v2\/product_brand?post=781912"},{"taxonomy":"product_cat","embeddable":true,"href":"https:\/\/roveyayinevi.com.tr\/index.php\/wp-json\/wp\/v2\/product_cat?post=781912"},{"taxonomy":"product_tag","embeddable":true,"href":"https:\/\/roveyayinevi.com.tr\/index.php\/wp-json\/wp\/v2\/product_tag?post=781912"}],"curies":[{"name":"wp","href":"https:\/\/api.w.org\/{rel}","templated":true}]}}