{"id":781911,"date":"2026-02-01T14:20:46","date_gmt":"2026-02-01T11:20:46","guid":{"rendered":"https:\/\/roveyayinevi.com.tr\/index.php\/urun\/diyalektik-ve-tarihsel-materyalizm\/"},"modified":"2026-04-16T02:21:08","modified_gmt":"2026-04-15T23:21:08","slug":"diyalektik-ve-tarihsel-materyalizm","status":"publish","type":"product","link":"https:\/\/roveyayinevi.com.tr\/index.php\/urun\/diyalektik-ve-tarihsel-materyalizm\/","title":{"rendered":"Diyalektik ve Tarihsel Materyalizm"},"content":{"rendered":"<p>\u201cDiyalektik materyalizmin do\u011fa g\u00f6r\u00fcng\u00fclerine yakla\u015f\u0131m tarz\u0131, ara\u015ft\u0131rma y\u00f6ntemi ve bu g\u00f6r\u00fcng\u00fclerin bilgisini edinme y\u00f6ntemi diyalektiktir, do\u011fa g\u00f6r\u00fcng\u00fclerini yorumlay\u0131\u015f\u0131, kavray\u0131\u015f\u0131 ve teorisi ise materyalisttir. Tarihsel materyalizm, diyalektik materyalizmin ilkelerinin toplumsal hayat\u0131n incelenmesine geni\u015fletilmesidir, diyalektik materyalizmin ilkelerinin toplumsal ya\u015fam\u0131n g\u00f6r\u00fcng\u00fclerine, toplumun ve toplum tarihinin incelenmesine uygulanmas\u0131d\u0131r.\u201d \ufffcTan\u0131t\u0131m Metni<\/p>\n","protected":false},"excerpt":{"rendered":"<p>\u201cDiyalektik materyalizmin do\u011fa g\u00f6r\u00fcng\u00fclerine yakla\u015f\u0131m tarz\u0131, ara\u015ft\u0131rma y\u00f6ntemi ve bu g\u00f6r\u00fcng\u00fclerin bilgisini edinme y\u00f6ntemi diyalektiktir, do\u011fa g\u00f6r\u00fcng\u00fclerini yorumlay\u0131\u015f\u0131, kavray\u0131\u015f\u0131 ve teorisi ise materyalisttir. Tarihsel materyalizm, diyalektik<span class=\"excerpt-hellip\"> [\u2026]<\/span><\/p>\n","protected":false},"featured_media":0,"template":"","meta":{"_monsterinsights_skip_tracking":false,"_monsterinsights_sitenote_active":false,"_monsterinsights_sitenote_note":"","_monsterinsights_sitenote_category":0},"product_brand":[],"product_cat":[13590,12337],"product_tag":[],"class_list":{"0":"post-781911","1":"product","2":"type-product","3":"status-publish","5":"product_cat-arastirma-inceleme-politika-siyaset","6":"product_cat-politika-siyaset","7":"pa_cilt-ciltsiz","8":"pa_tur-kitap","9":"pa_yayinevi-kor-kitap","10":"pa_yazar-j-v-stalin","12":"first","13":"instock","14":"sale","15":"shipping-taxable","16":"purchasable","17":"product-type-simple"},"_links":{"self":[{"href":"https:\/\/roveyayinevi.com.tr\/index.php\/wp-json\/wp\/v2\/product\/781911","targetHints":{"allow":["GET"]}}],"collection":[{"href":"https:\/\/roveyayinevi.com.tr\/index.php\/wp-json\/wp\/v2\/product"}],"about":[{"href":"https:\/\/roveyayinevi.com.tr\/index.php\/wp-json\/wp\/v2\/types\/product"}],"wp:attachment":[{"href":"https:\/\/roveyayinevi.com.tr\/index.php\/wp-json\/wp\/v2\/media?parent=781911"}],"wp:term":[{"taxonomy":"product_brand","embeddable":true,"href":"https:\/\/roveyayinevi.com.tr\/index.php\/wp-json\/wp\/v2\/product_brand?post=781911"},{"taxonomy":"product_cat","embeddable":true,"href":"https:\/\/roveyayinevi.com.tr\/index.php\/wp-json\/wp\/v2\/product_cat?post=781911"},{"taxonomy":"product_tag","embeddable":true,"href":"https:\/\/roveyayinevi.com.tr\/index.php\/wp-json\/wp\/v2\/product_tag?post=781911"}],"curies":[{"name":"wp","href":"https:\/\/api.w.org\/{rel}","templated":true}]}}