{"id":781910,"date":"2026-02-01T14:20:21","date_gmt":"2026-02-01T11:20:21","guid":{"rendered":"https:\/\/roveyayinevi.com.tr\/index.php\/urun\/niyet-defteri-2\/"},"modified":"2026-02-25T02:28:19","modified_gmt":"2026-02-24T23:28:19","slug":"niyet-defteri-2","status":"publish","type":"product","link":"https:\/\/roveyayinevi.com.tr\/index.php\/urun\/niyet-defteri-2\/","title":{"rendered":"Niyet Defteri"},"content":{"rendered":"<p>S\u00f6zler, se\u00e7imleri ifade eder, se\u00e7imlerse kadere d\u00f6n\u00fc\u015f\u00fcr. Kaderse bir \u00e7emberdir. \u0130\u00e7ine hapsoldu\u011fun bir \u00e7ember&#8230; Ne var ki s\u00f6zlerle in\u015fa etti\u011fin \u00e7emberi yine s\u00f6zle k\u0131rabilmen m\u00fcmk\u00fcn&#8230; Nas\u0131l m\u0131? Yeni s\u00f6zlerle, yeni bir gelecek tasarlayarak&#8230; \u0130\u015fte bu kitap, bir gelece\u011fi tasarlama kitab\u0131&#8230; Hem de s\u00f6zlerle. \u00c7\u00fcnk\u00fc s\u00f6zler t\u0131ls\u0131ml\u0131d\u0131r. Eski seni, yeni s\u00f6zlerinle d\u00f6n\u00fc\u015ft\u00fcrmeye ba\u015flayacaks\u0131n. Ge\u00e7mi\u015fini b\u0131rakmaya haz\u0131r m\u0131s\u0131n? Eski sen ile vedala\u015fabilecek misin? Yeni seni ne kadar seveceksin? Tasarlad\u0131\u011f\u0131n gelecek ile hayalindeki gelecek ayn\u0131 m\u0131? Hadi a\u00e7 sayfalar\u0131&#8230; Bu kitap gelece\u011finin pusulas\u0131&#8230; <\/p>\n","protected":false},"excerpt":{"rendered":"<p>S\u00f6zler, se\u00e7imleri ifade eder, se\u00e7imlerse kadere d\u00f6n\u00fc\u015f\u00fcr. Kaderse bir \u00e7emberdir. \u0130\u00e7ine hapsoldu\u011fun bir \u00e7ember&#8230; Ne var ki s\u00f6zlerle in\u015fa etti\u011fin \u00e7emberi yine s\u00f6zle k\u0131rabilmen m\u00fcmk\u00fcn&#8230; Nas\u0131l<span class=\"excerpt-hellip\"> [\u2026]<\/span><\/p>\n","protected":false},"featured_media":0,"template":"","meta":{"_monsterinsights_skip_tracking":false,"_monsterinsights_sitenote_active":false,"_monsterinsights_sitenote_note":"","_monsterinsights_sitenote_category":0},"product_brand":[],"product_cat":[12777,12291],"product_tag":[],"class_list":{"0":"post-781910","1":"product","2":"type-product","3":"status-publish","5":"product_cat-deneme","6":"product_cat-edebiyat","7":"pa_cilt-ciltsiz","8":"pa_tur-kitap","9":"pa_yayinevi-destek-yayinlari","10":"pa_yazar-meltem-reyhan","12":"first","13":"instock","14":"sale","15":"shipping-taxable","16":"purchasable","17":"product-type-simple"},"_links":{"self":[{"href":"https:\/\/roveyayinevi.com.tr\/index.php\/wp-json\/wp\/v2\/product\/781910","targetHints":{"allow":["GET"]}}],"collection":[{"href":"https:\/\/roveyayinevi.com.tr\/index.php\/wp-json\/wp\/v2\/product"}],"about":[{"href":"https:\/\/roveyayinevi.com.tr\/index.php\/wp-json\/wp\/v2\/types\/product"}],"wp:attachment":[{"href":"https:\/\/roveyayinevi.com.tr\/index.php\/wp-json\/wp\/v2\/media?parent=781910"}],"wp:term":[{"taxonomy":"product_brand","embeddable":true,"href":"https:\/\/roveyayinevi.com.tr\/index.php\/wp-json\/wp\/v2\/product_brand?post=781910"},{"taxonomy":"product_cat","embeddable":true,"href":"https:\/\/roveyayinevi.com.tr\/index.php\/wp-json\/wp\/v2\/product_cat?post=781910"},{"taxonomy":"product_tag","embeddable":true,"href":"https:\/\/roveyayinevi.com.tr\/index.php\/wp-json\/wp\/v2\/product_tag?post=781910"}],"curies":[{"name":"wp","href":"https:\/\/api.w.org\/{rel}","templated":true}]}}