{"id":781909,"date":"2026-02-01T14:20:12","date_gmt":"2026-02-01T11:20:12","guid":{"rendered":"https:\/\/roveyayinevi.com.tr\/index.php\/urun\/sahafname-bir-kitap-kurdunun-metruk-olmayan-evrakindan\/"},"modified":"2026-03-11T02:35:32","modified_gmt":"2026-03-10T23:35:32","slug":"sahafname-bir-kitap-kurdunun-metruk-olmayan-evrakindan","status":"publish","type":"product","link":"https:\/\/roveyayinevi.com.tr\/index.php\/urun\/sahafname-bir-kitap-kurdunun-metruk-olmayan-evrakindan\/","title":{"rendered":"Sahafname &#8211; Bir Kitap Kurdunun Metruk Olmayan Evrak\u0131ndan"},"content":{"rendered":"<p>Bir Kitap Kurdunun Metruk Olmayan Evrak\u0131ndan Sahafn\u00e2me edebiyat tarihimize bir ek \u00e7\u0131k\u0131yor. Orhan Veli, Halit Ziya, Nahid S\u0131rr\u0131 gibi yazarlar\u0131n hayat\u0131na bir pencere a\u00e7\u0131yor. Unutulmu\u015f, kaybolmu\u015f evrak-\u0131 metrukeleri; mektuplar\u0131, kartvizitlere al\u0131nm\u0131\u015f notlar\u0131 ortaya seriyor. \u0130stanbul\u2019un ilk \u015fehir rehberinden edebiyat erk\u00e2n\u0131n\u0131n topland\u0131\u011f\u0131 K\u00fcll\u00fck Kahvehanesi\u2019ne, toplat\u0131lan ilk dergimiz C\u00fczdan\u2019dan ekslibrisin T\u00fcrkiye ser\u00fcvenine, edebiyat tarihini kitap kurdu bir sahaf\u0131n y\u0131llar boyu biriktirdi\u011fi belgelerden yola \u00e7\u0131karak s\u00fcr\u00fcyor. <\/p>\n","protected":false},"excerpt":{"rendered":"<p>Bir Kitap Kurdunun Metruk Olmayan Evrak\u0131ndan Sahafn\u00e2me edebiyat tarihimize bir ek \u00e7\u0131k\u0131yor. Orhan Veli, Halit Ziya, Nahid S\u0131rr\u0131 gibi yazarlar\u0131n hayat\u0131na bir pencere a\u00e7\u0131yor. Unutulmu\u015f, kaybolmu\u015f<span class=\"excerpt-hellip\"> [\u2026]<\/span><\/p>\n","protected":false},"featured_media":0,"template":"","meta":{"_monsterinsights_skip_tracking":false,"_monsterinsights_sitenote_active":false,"_monsterinsights_sitenote_note":"","_monsterinsights_sitenote_category":0},"product_brand":[],"product_cat":[13072,12291],"product_tag":[],"class_list":{"0":"post-781909","1":"product","2":"type-product","3":"status-publish","5":"product_cat-arastirma-inceleme-referans","6":"product_cat-edebiyat","7":"pa_cilt-ciltsiz","8":"pa_tur-kitap","9":"pa_yayinevi-kirmizi-kedi-yayinevi","10":"pa_yazar-emin-nedret-isli","12":"first","13":"instock","14":"sale","15":"shipping-taxable","16":"purchasable","17":"product-type-simple"},"_links":{"self":[{"href":"https:\/\/roveyayinevi.com.tr\/index.php\/wp-json\/wp\/v2\/product\/781909","targetHints":{"allow":["GET"]}}],"collection":[{"href":"https:\/\/roveyayinevi.com.tr\/index.php\/wp-json\/wp\/v2\/product"}],"about":[{"href":"https:\/\/roveyayinevi.com.tr\/index.php\/wp-json\/wp\/v2\/types\/product"}],"wp:attachment":[{"href":"https:\/\/roveyayinevi.com.tr\/index.php\/wp-json\/wp\/v2\/media?parent=781909"}],"wp:term":[{"taxonomy":"product_brand","embeddable":true,"href":"https:\/\/roveyayinevi.com.tr\/index.php\/wp-json\/wp\/v2\/product_brand?post=781909"},{"taxonomy":"product_cat","embeddable":true,"href":"https:\/\/roveyayinevi.com.tr\/index.php\/wp-json\/wp\/v2\/product_cat?post=781909"},{"taxonomy":"product_tag","embeddable":true,"href":"https:\/\/roveyayinevi.com.tr\/index.php\/wp-json\/wp\/v2\/product_tag?post=781909"}],"curies":[{"name":"wp","href":"https:\/\/api.w.org\/{rel}","templated":true}]}}