{"id":781908,"date":"2026-02-01T14:19:02","date_gmt":"2026-02-01T11:19:02","guid":{"rendered":"https:\/\/roveyayinevi.com.tr\/index.php\/urun\/uykusuz-anne-kalmasin\/"},"modified":"2026-02-03T02:31:37","modified_gmt":"2026-02-02T23:31:37","slug":"uykusuz-anne-kalmasin","status":"publish","type":"product","link":"https:\/\/roveyayinevi.com.tr\/index.php\/urun\/uykusuz-anne-kalmasin\/","title":{"rendered":"Uykusuz Anne Kalmas\u0131n"},"content":{"rendered":"<p>Her \u00e7ocuk uyur&#8230; Uyku, ya\u015famsal bir ihtiya\u00e7t\u0131r, \u00f6zellikle de bebekler ve \u00e7ocuklar i\u00e7in&#8230; En az beslenmek kadar ihmal edilmemesi, \u00f6zenle \u00fczerinde durulmas\u0131 gereken ve geli\u015fimi destekleyen bir fakt\u00f6rd\u00fcr. Peki ama kendi kendine uykuya dalmayan bebekler uyumakta zorland\u0131\u011f\u0131nda ne olur? Ya da anne ve babalar, \u00e7ocuklar\u0131n\u0131n uyku d\u00fczenini bir t\u00fcrl\u00fc kuram\u0131yorlarsa, sorun nedir? \u0130\u015fte tam da bu noktada ba\u015flayan \u201cBenim \u00e7ocu\u011fum neden uyumuyor?\u201d feryatlar\u0131, ebeveyn a\u00e7\u0131s\u0131ndan ailevi bir kaosa d\u00f6n\u00fc\u015f\u00fcr. \u201cHer \u00e7ocuk uyur, paniklemeyin\u201d diyen pedagog Tansu Oskay\u2019\u0131n kaleme ald\u0131\u011f\u0131 Uykusuz Anne Kalmas\u0131n\u2013A\u011flatmadan Uyku E\u011fitimi annelerin k\u00e2busa d\u00f6n\u00fc\u015fen \u201c\u00c7ocu\u011fum uyumuyor!\u201d kayg\u0131lar\u0131n\u0131 pozitif ebeveynlik yakla\u015f\u0131m\u0131yla kolayca gideriyor. T\u00fcrkiye\u2019de pedagoji alan\u0131ndaki ilk a\u011flatmadan uyku e\u011fitimi kitab\u0131 olan bu \u00e7al\u0131\u015fma uyku sorununu esnek, keyifli ve kal\u0131c\u0131 bir bilin\u00e7le \u00e7\u00f6z\u00fcme kavu\u015fturuyor. \u201cA\u011flatmadan Uyku E\u011fitimi\u201d bir teknik de\u011fil. \u201cDeneyelim bakal\u0131m sonucunu g\u00f6relim\u201d mant\u0131\u011f\u0131yla uygulanabilecek bir deneme-yan\u0131lma uygulamas\u0131 da de\u011fil&#8230; Bir pozitif ebeveynlik yakla\u015f\u0131m\u0131&#8230; Pozitif ebeveynlik yakla\u015f\u0131m\u0131 do\u011fru alg\u0131land\u0131\u011f\u0131nda ve kararl\u0131l\u0131kla uyguland\u0131\u011f\u0131nda uykusuzluk k\u00e2busuyla birlikte daha pek \u00e7ok sorunun da \u00fcstesinden gelmek m\u00fcmk\u00fcn&#8230; <\/p>\n","protected":false},"excerpt":{"rendered":"<p>Her \u00e7ocuk uyur&#8230; Uyku, ya\u015famsal bir ihtiya\u00e7t\u0131r, \u00f6zellikle de bebekler ve \u00e7ocuklar i\u00e7in&#8230; En az beslenmek kadar ihmal edilmemesi, \u00f6zenle \u00fczerinde durulmas\u0131 gereken ve geli\u015fimi destekleyen<span class=\"excerpt-hellip\"> [\u2026]<\/span><\/p>\n","protected":false},"featured_media":0,"template":"","meta":{"_monsterinsights_skip_tracking":false,"_monsterinsights_sitenote_active":false,"_monsterinsights_sitenote_note":"","_monsterinsights_sitenote_category":0},"product_brand":[],"product_cat":[12831,12324],"product_tag":[],"class_list":{"0":"post-781908","1":"product","2":"type-product","3":"status-publish","5":"product_cat-aile-ve-cocuk","6":"product_cat-sosyoloji","7":"pa_cilt-ciltsiz","8":"pa_tur-kitap","9":"pa_yayinevi-destek-yayinlari","10":"pa_yazar-tansu-oskay","12":"first","13":"instock","14":"sale","15":"shipping-taxable","16":"purchasable","17":"product-type-simple"},"_links":{"self":[{"href":"https:\/\/roveyayinevi.com.tr\/index.php\/wp-json\/wp\/v2\/product\/781908","targetHints":{"allow":["GET"]}}],"collection":[{"href":"https:\/\/roveyayinevi.com.tr\/index.php\/wp-json\/wp\/v2\/product"}],"about":[{"href":"https:\/\/roveyayinevi.com.tr\/index.php\/wp-json\/wp\/v2\/types\/product"}],"wp:attachment":[{"href":"https:\/\/roveyayinevi.com.tr\/index.php\/wp-json\/wp\/v2\/media?parent=781908"}],"wp:term":[{"taxonomy":"product_brand","embeddable":true,"href":"https:\/\/roveyayinevi.com.tr\/index.php\/wp-json\/wp\/v2\/product_brand?post=781908"},{"taxonomy":"product_cat","embeddable":true,"href":"https:\/\/roveyayinevi.com.tr\/index.php\/wp-json\/wp\/v2\/product_cat?post=781908"},{"taxonomy":"product_tag","embeddable":true,"href":"https:\/\/roveyayinevi.com.tr\/index.php\/wp-json\/wp\/v2\/product_tag?post=781908"}],"curies":[{"name":"wp","href":"https:\/\/api.w.org\/{rel}","templated":true}]}}