{"id":781906,"date":"2026-02-01T14:18:30","date_gmt":"2026-02-01T11:18:30","guid":{"rendered":"https:\/\/roveyayinevi.com.tr\/index.php\/urun\/can-avar-gizemli-karanlik-sinema\/"},"modified":"2026-02-03T02:30:40","modified_gmt":"2026-02-02T23:30:40","slug":"can-avar-gizemli-karanlik-sinema","status":"publish","type":"product","link":"https:\/\/roveyayinevi.com.tr\/index.php\/urun\/can-avar-gizemli-karanlik-sinema\/","title":{"rendered":"Can Avar-Gizemli Karanl\u0131k Sinema"},"content":{"rendered":"<p>Can Avar&#8230; Asl\u0131nda s\u0131radan bir \u00e7ocuk&#8230; Her g\u00fcn d\u00fcnyay\u0131 kurtarmas\u0131n\u0131 saymazsak tabii!Kurt adamlar, hayaletler, mumyalar, vampirler, uzayl\u0131lar&#8230; Hepsiyle tek ba\u015f\u0131na sava\u015f\u0131yor. Bizler de onun sayesinde yata\u011f\u0131m\u0131zda rahat uyuyabiliyoruz. Ah! Bir de b\u00fcy\u00fckleri bu ba\u015far\u0131s\u0131na inand\u0131rabilse&#8230; Mesela annesini evlerinin bir ejderha taraf\u0131ndan \u0131s\u0131t\u0131ld\u0131\u011f\u0131na ikna edebilse ya da y\u0131llard\u0131r kedi diye besledikleri hayvan\u0131n asl\u0131nda bir rakun oldu\u011funu herkes \u00f6\u011frense&#8230; Anlayaca\u011f\u0131n\u0131z Can&#8217;\u0131n b\u00fcy\u00fcklere anlatmak istedi\u011fi \u00e7ok \u015fey var!Can yine kendini \u00fcrk\u00fcn\u00e7 bir maceran\u0131n i\u00e7inde buluyor! Bu sefer gizemli karanl\u0131k bir sineman\u0131n i\u00e7inde kime ait oldu\u011fu belli olmayan bir g\u00f6lgeyle sava\u015f\u0131yor, \u00fcstelik tek ba\u015f\u0131na da de\u011fil&#8230; Korkut ve Hayal de onunla birlikteler. Can ve arkada\u015flar\u0131, g\u00f6lgenin kime ait oldu\u011funu bulabilecekler mi? Eski sinemay\u0131 y\u0131k\u0131lmaktan, bir AVM sinemas\u0131 haline gelmekten kurtarabilecekler mi? \u0130\u00e7ine girdikleri filmlerden Kaplan Y\u00fcrek&#8217;i mi, Alyan 5: D\u00fcnya&#8217;y\u0131 m\u0131, Bekir G\u00f6bedik&#8217;i mi daha \u00e7ok sevecekler? Anlayaca\u011f\u0131n\u0131z yine bi&#8217; dolu acayiplik, gariplik ve birazda i\u011fren\u00e7 \u015fey bu kitapta sizleri bekliyor! <\/p>\n","protected":false},"excerpt":{"rendered":"<p>Can Avar&#8230; Asl\u0131nda s\u0131radan bir \u00e7ocuk&#8230; Her g\u00fcn d\u00fcnyay\u0131 kurtarmas\u0131n\u0131 saymazsak tabii!Kurt adamlar, hayaletler, mumyalar, vampirler, uzayl\u0131lar&#8230; Hepsiyle tek ba\u015f\u0131na sava\u015f\u0131yor. Bizler de onun sayesinde yata\u011f\u0131m\u0131zda<span class=\"excerpt-hellip\"> [\u2026]<\/span><\/p>\n","protected":false},"featured_media":0,"template":"","meta":{"_monsterinsights_skip_tracking":false,"_monsterinsights_sitenote_active":false,"_monsterinsights_sitenote_note":"","_monsterinsights_sitenote_category":0},"product_brand":[],"product_cat":[12274,12284],"product_tag":[],"class_list":{"0":"post-781906","1":"product","2":"type-product","3":"status-publish","5":"product_cat-cocuk-ve-genclik-kitaplari","6":"product_cat-hikayeler","7":"pa_cilt-ciltsiz","8":"pa_tur-kitap","9":"pa_yayinevi-timas-cocuk","10":"pa_yazar-haktan-kaan-icel","12":"first","13":"instock","14":"sale","15":"shipping-taxable","16":"purchasable","17":"product-type-simple"},"_links":{"self":[{"href":"https:\/\/roveyayinevi.com.tr\/index.php\/wp-json\/wp\/v2\/product\/781906","targetHints":{"allow":["GET"]}}],"collection":[{"href":"https:\/\/roveyayinevi.com.tr\/index.php\/wp-json\/wp\/v2\/product"}],"about":[{"href":"https:\/\/roveyayinevi.com.tr\/index.php\/wp-json\/wp\/v2\/types\/product"}],"wp:attachment":[{"href":"https:\/\/roveyayinevi.com.tr\/index.php\/wp-json\/wp\/v2\/media?parent=781906"}],"wp:term":[{"taxonomy":"product_brand","embeddable":true,"href":"https:\/\/roveyayinevi.com.tr\/index.php\/wp-json\/wp\/v2\/product_brand?post=781906"},{"taxonomy":"product_cat","embeddable":true,"href":"https:\/\/roveyayinevi.com.tr\/index.php\/wp-json\/wp\/v2\/product_cat?post=781906"},{"taxonomy":"product_tag","embeddable":true,"href":"https:\/\/roveyayinevi.com.tr\/index.php\/wp-json\/wp\/v2\/product_tag?post=781906"}],"curies":[{"name":"wp","href":"https:\/\/api.w.org\/{rel}","templated":true}]}}