{"id":781904,"date":"2026-02-01T14:17:56","date_gmt":"2026-02-01T11:17:56","guid":{"rendered":"https:\/\/roveyayinevi.com.tr\/index.php\/urun\/vesayet-savaslari-ileri-demokrasi-hayalinden-darbe-gercegine\/"},"modified":"2026-04-16T02:18:52","modified_gmt":"2026-04-15T23:18:52","slug":"vesayet-savaslari-ileri-demokrasi-hayalinden-darbe-gercegine","status":"publish","type":"product","link":"https:\/\/roveyayinevi.com.tr\/index.php\/urun\/vesayet-savaslari-ileri-demokrasi-hayalinden-darbe-gercegine\/","title":{"rendered":"Vesayet Sava\u015flar\u0131 (\u0130leri Demokrasi Hayalinden Darbe Ger\u00e7e\u011fine)"},"content":{"rendered":"<p>\u0130leri Demokrasi Hayalinden Darbe Ger\u00e7e\u011fine \u201cHazin bir \u015fekilde ya\u015fad\u0131\u011f\u0131m\u0131z 15 Temmuz bize g\u00f6sterdi ki, as\u0131l darbeciler Atat\u00fcrk\u2019\u00fcn ve d\u00fc\u015f\u00fcncelerinin d\u00fc\u015fmanlar\u0131d\u0131r!\u201d   E. T\u00fcmgeneral Ahmet Yavuz, \u201cileri demokrasiye\u201d ge\u00e7ilece\u011fi iddia edilirken 15 Temmuz felaketini ya\u015famak zorunda kalan T\u00fcrkiye tablosunu ortaya koyuyor.   \u201cAskeri vesayet kalkarsa demokrasi gelir\u201d tezinin hayat taraf\u0131ndan \u00e7\u00f6pe at\u0131ld\u0131\u011f\u0131n\u0131 belirten Yavuz, demokrasinin kirli y\u00f6ntemlerle de\u011fil, ancak bilimin rehberli\u011fi ve hukukun \u00fcst\u00fcnl\u00fc\u011f\u00fc egemen k\u0131l\u0131narak kurulabilece\u011finin alt\u0131n\u0131 \u00e7iziyor. Yak\u0131n tarihe, askeri ve sivil vesayet tart\u0131\u015fmalar\u0131 ekseninde yakla\u015fan Vesayet Sava\u015flar\u0131, A\u00e7\u0131l\u0131m, Suriye politikas\u0131 ve FE*T\u00d6\u2019c\u00fc darbe giri\u015fiminin, T\u00fcrk Silahl\u0131 Kuvvetleri\u2019nin itibars\u0131zla\u015ft\u0131r\u0131lmas\u0131yla ba\u011flant\u0131lar\u0131 \u00fczerinde duruyor.   Vesayet\u00e7i yap\u0131y\u0131 besleyen unsurlar&#8230; Kurucu felsefe ve siyaset-din-devlet ili\u015fkileri&#8230; 27 May\u0131s, 12 Mart, 12 Eyl\u00fcl, 28 \u015eubat&#8230; Ergenekon ve Balyoz davalar\u0131&#8230; AKP iktidar\u0131n\u0131n hatalar\u0131&#8230; TSK\u2019n\u0131n yeniden yap\u0131land\u0131r\u0131lmas\u0131&#8230; 15 Temmuz gecesi ve sonras\u0131&#8230;   Ahmet Yavuz\u2019un an\u0131lar\u0131yla da zenginle\u015fen Vesayet Sava\u015flar\u0131, askeri vesayeti yok saymaktan ziyade, yoklu\u011funun do\u011furdu\u011fu sonu\u00e7lara vurgu yapan bir \u00e7al\u0131\u015fma. <\/p>\n","protected":false},"excerpt":{"rendered":"<p>\u0130leri Demokrasi Hayalinden Darbe Ger\u00e7e\u011fine \u201cHazin bir \u015fekilde ya\u015fad\u0131\u011f\u0131m\u0131z 15 Temmuz bize g\u00f6sterdi ki, as\u0131l darbeciler Atat\u00fcrk\u2019\u00fcn ve d\u00fc\u015f\u00fcncelerinin d\u00fc\u015fmanlar\u0131d\u0131r!\u201d E. T\u00fcmgeneral Ahmet Yavuz, \u201cileri demokrasiye\u201d<span class=\"excerpt-hellip\"> [\u2026]<\/span><\/p>\n","protected":false},"featured_media":0,"template":"","meta":{"_monsterinsights_skip_tracking":false,"_monsterinsights_sitenote_active":false,"_monsterinsights_sitenote_note":"","_monsterinsights_sitenote_category":0},"product_brand":[],"product_cat":[13590,12337],"product_tag":[],"class_list":{"0":"post-781904","1":"product","2":"type-product","3":"status-publish","5":"product_cat-arastirma-inceleme-politika-siyaset","6":"product_cat-politika-siyaset","7":"pa_cilt-ciltsiz","8":"pa_tur-kitap","9":"pa_yayinevi-kirmizi-kedi-yayinevi","10":"pa_yazar-ahmet-yavuz","12":"first","13":"instock","14":"sale","15":"shipping-taxable","16":"purchasable","17":"product-type-simple"},"_links":{"self":[{"href":"https:\/\/roveyayinevi.com.tr\/index.php\/wp-json\/wp\/v2\/product\/781904","targetHints":{"allow":["GET"]}}],"collection":[{"href":"https:\/\/roveyayinevi.com.tr\/index.php\/wp-json\/wp\/v2\/product"}],"about":[{"href":"https:\/\/roveyayinevi.com.tr\/index.php\/wp-json\/wp\/v2\/types\/product"}],"wp:attachment":[{"href":"https:\/\/roveyayinevi.com.tr\/index.php\/wp-json\/wp\/v2\/media?parent=781904"}],"wp:term":[{"taxonomy":"product_brand","embeddable":true,"href":"https:\/\/roveyayinevi.com.tr\/index.php\/wp-json\/wp\/v2\/product_brand?post=781904"},{"taxonomy":"product_cat","embeddable":true,"href":"https:\/\/roveyayinevi.com.tr\/index.php\/wp-json\/wp\/v2\/product_cat?post=781904"},{"taxonomy":"product_tag","embeddable":true,"href":"https:\/\/roveyayinevi.com.tr\/index.php\/wp-json\/wp\/v2\/product_tag?post=781904"}],"curies":[{"name":"wp","href":"https:\/\/api.w.org\/{rel}","templated":true}]}}