{"id":781903,"date":"2026-02-01T14:15:44","date_gmt":"2026-02-01T11:15:44","guid":{"rendered":"https:\/\/roveyayinevi.com.tr\/index.php\/urun\/kedo-istanbula-bir-masal\/"},"modified":"2026-04-02T02:22:53","modified_gmt":"2026-04-01T23:22:53","slug":"kedo-istanbula-bir-masal","status":"publish","type":"product","link":"https:\/\/roveyayinevi.com.tr\/index.php\/urun\/kedo-istanbula-bir-masal\/","title":{"rendered":"Kedo-\u0130stanbul\u2019a Bir Masal"},"content":{"rendered":"<p>M\u00f6sy\u00f6 Kedo, \u0130stanbul\u2019da ya\u015fayan ya\u015fl\u0131 bir kedi. \u00c7izmeli Kedi masal\u0131ndan kopup 1930\u2019lar\u0131n Pera\u2019s\u0131nda yeni bir hayat kuruyor. La Fontaine\u2019in, Grimm Karde\u015fler\u2019in, Ezop\u2019un masallar\u0131nda bi\u00e7ilen rollerden s\u0131yr\u0131lmak istiyor ve \u00f6n\u00fcne \u00e7\u0131kan masal bek\u00e7ileriyle hesapla\u015f\u0131yor.  Kendi \u00f6yk\u00fcs\u00fcn\u00fcn pe\u015finden ko\u015farken, okuru masallar\u0131n d\u00fcnyas\u0131nda  ve eski \u0130stanbul sokaklar\u0131nda gezintiye \u00e7\u0131kar\u0131yor.\u015eekip Davaz\u2019\u0131n 1991 y\u0131l\u0131nda \u00e7izip tozlu raflarda saklad\u0131\u011f\u0131 Kedo, \u00e7izgi roman tarihi i\u00e7inde ke\u015ffedilmemi\u015f edebi bir hazine. <\/p>\n","protected":false},"excerpt":{"rendered":"<p>M\u00f6sy\u00f6 Kedo, \u0130stanbul\u2019da ya\u015fayan ya\u015fl\u0131 bir kedi. \u00c7izmeli Kedi masal\u0131ndan kopup 1930\u2019lar\u0131n Pera\u2019s\u0131nda yeni bir hayat kuruyor. La Fontaine\u2019in, Grimm Karde\u015fler\u2019in, Ezop\u2019un masallar\u0131nda bi\u00e7ilen rollerden s\u0131yr\u0131lmak<span class=\"excerpt-hellip\"> [\u2026]<\/span><\/p>\n","protected":false},"featured_media":0,"template":"","meta":{"_monsterinsights_skip_tracking":false,"_monsterinsights_sitenote_active":false,"_monsterinsights_sitenote_note":"","_monsterinsights_sitenote_category":0},"product_brand":[],"product_cat":[12416,12291],"product_tag":[],"class_list":{"0":"post-781903","1":"product","2":"type-product","3":"status-publish","5":"product_cat-cizgi-roman","6":"product_cat-edebiyat","7":"pa_cilt-ciltsiz","8":"pa_tur-kitap","9":"pa_yayinevi-kara-karga-yayinlari","10":"pa_yazar-sekip-davaz","12":"first","13":"instock","14":"sale","15":"shipping-taxable","16":"purchasable","17":"product-type-simple"},"_links":{"self":[{"href":"https:\/\/roveyayinevi.com.tr\/index.php\/wp-json\/wp\/v2\/product\/781903","targetHints":{"allow":["GET"]}}],"collection":[{"href":"https:\/\/roveyayinevi.com.tr\/index.php\/wp-json\/wp\/v2\/product"}],"about":[{"href":"https:\/\/roveyayinevi.com.tr\/index.php\/wp-json\/wp\/v2\/types\/product"}],"wp:attachment":[{"href":"https:\/\/roveyayinevi.com.tr\/index.php\/wp-json\/wp\/v2\/media?parent=781903"}],"wp:term":[{"taxonomy":"product_brand","embeddable":true,"href":"https:\/\/roveyayinevi.com.tr\/index.php\/wp-json\/wp\/v2\/product_brand?post=781903"},{"taxonomy":"product_cat","embeddable":true,"href":"https:\/\/roveyayinevi.com.tr\/index.php\/wp-json\/wp\/v2\/product_cat?post=781903"},{"taxonomy":"product_tag","embeddable":true,"href":"https:\/\/roveyayinevi.com.tr\/index.php\/wp-json\/wp\/v2\/product_tag?post=781903"}],"curies":[{"name":"wp","href":"https:\/\/api.w.org\/{rel}","templated":true}]}}