{"id":781902,"date":"2026-02-01T14:14:52","date_gmt":"2026-02-01T11:14:52","guid":{"rendered":"https:\/\/roveyayinevi.com.tr\/index.php\/urun\/korku-agi\/"},"modified":"2026-04-16T02:16:52","modified_gmt":"2026-04-15T23:16:52","slug":"korku-agi","status":"publish","type":"product","link":"https:\/\/roveyayinevi.com.tr\/index.php\/urun\/korku-agi\/","title":{"rendered":"Korku A\u011f\u0131"},"content":{"rendered":"<p>\u201cBak ve beni g\u00f6r, c\u0131l\u0131z adam. Senin \u015f\u00f6mine \u00f6nu\u0308nde bir kitapla birka\u00e7 saat ge\u00e7irdi\u011fin gibi yu\u0308zy\u0131llar ge\u00e7iren Barlow\u2019a bak. Bak ve elindeki sefil sopayla \u00f6ldu\u0308rmeye \u00e7al\u0131\u015ft\u0131\u011f\u0131n, gecelerin bu muhte\u015fem yarat\u0131\u011f\u0131n\u0131 g\u00f6r.Bana bak, yazar bozuntusu! Ben insan hayatlar\u0131n\u0131 yazd\u0131m ve mu\u0308rekkep olarak kan kulland\u0131m. Bana bak ve u\u0308midini kes!\u201d Jerusalem\u2019s Lot ku\u0308\u00e7u\u0308k bir New England kasabas\u0131d\u0131r ve burada da, benzeri yerlerde oldu\u011fu gibi dedikodular, tuhaf tipler ve sayg\u0131 de\u011fer insanlar vard\u0131r. Tabii garip olaylar hakk\u0131nda s\u00f6ylentiler de yok de\u011fildir; ama her kasabada oldu\u011fu kadar&#8230;Yazar Ben Mears, \u00e7ocukluk y\u0131llar\u0131n\u0131 konu alan ve o gu\u0308nlerden beri ona musallat olmu\u015f korkular\u0131yla yu\u0308zle\u015fmek amac\u0131yla bir roman yazmak i\u00e7in Lot\u2019a d\u00f6ner. \u00c7ocukken tan\u0131k oldu\u011fu korkun\u00e7 olay\u0131n ger\u00e7ekle\u015fti\u011fi ev Marsten K\u00f6\u015fku\u0308  i\u015fte kar\u015f\u0131s\u0131ndad\u0131r; fakat yeni ve gizemli kirac\u0131lar\u0131 vard\u0131r. Kasabada baz\u0131 ku\u015fkulu \u015feyler ya\u015fanmaya ba\u015flay\u0131nca, Mears\u2019\u0131n belle\u011findeki karanl\u0131k an\u0131lar da canlanmaya ba\u015flar: \u00d6nce bir k\u00f6pek hunharca \u00f6ldu\u0308ru\u0308lmu\u0308\u015f olarak bulunur, ard\u0131ndan bir \u00e7ocuk kaybolur. Bunlar ba\u015flang\u0131\u00e7ta \u00e7ok da s\u0131ra d\u0131\u015f\u0131 olaylar olarak g\u00f6ru\u0308lmez, fakat liste uzamaya ba\u015flar. \u00c7ok ge\u00e7meden kasabay\u0131 saran \u015fa\u015fk\u0131nl\u0131k hayrete, belirsizlikler deh\u015fete d\u00f6nu\u0308\u015fecektir.Televizyonu kapat\u0131n \u2013 daha iyisi, koltu\u011funuzun yan\u0131 ba\u015f\u0131ndaki hari\u00e7, bu\u0308tu\u0308n lambalar\u0131 da kapat\u0131n. Ondan sonra, bu lo\u015f \u0131\u015f\u0131kta sizinle vampirler hakk\u0131nda konu\u015fal\u0131m. San\u0131r\u0131m, sizi onlar\u0131n varl\u0131\u011f\u0131nainand\u0131rabilirim. &#8211; Stephen King <\/p>\n","protected":false},"excerpt":{"rendered":"<p>\u201cBak ve beni g\u00f6r, c\u0131l\u0131z adam. Senin \u015f\u00f6mine \u00f6nu\u0308nde bir kitapla birka\u00e7 saat ge\u00e7irdi\u011fin gibi yu\u0308zy\u0131llar ge\u00e7iren Barlow\u2019a bak. Bak ve elindeki sefil sopayla \u00f6ldu\u0308rmeye \u00e7al\u0131\u015ft\u0131\u011f\u0131n,<span class=\"excerpt-hellip\"> [\u2026]<\/span><\/p>\n","protected":false},"featured_media":0,"template":"","meta":{"_monsterinsights_skip_tracking":false,"_monsterinsights_sitenote_active":false,"_monsterinsights_sitenote_note":"","_monsterinsights_sitenote_category":0},"product_brand":[],"product_cat":[12803,12291],"product_tag":[],"class_list":{"0":"post-781902","1":"product","2":"type-product","3":"status-publish","5":"product_cat-aksiyon-macera","6":"product_cat-edebiyat","7":"pa_cilt-ciltsiz","8":"pa_tur-kitap","9":"pa_yayinevi-altin-kitaplar","10":"pa_yazar-stephen-king","12":"first","13":"instock","14":"sale","15":"shipping-taxable","16":"purchasable","17":"product-type-simple"},"_links":{"self":[{"href":"https:\/\/roveyayinevi.com.tr\/index.php\/wp-json\/wp\/v2\/product\/781902","targetHints":{"allow":["GET"]}}],"collection":[{"href":"https:\/\/roveyayinevi.com.tr\/index.php\/wp-json\/wp\/v2\/product"}],"about":[{"href":"https:\/\/roveyayinevi.com.tr\/index.php\/wp-json\/wp\/v2\/types\/product"}],"wp:attachment":[{"href":"https:\/\/roveyayinevi.com.tr\/index.php\/wp-json\/wp\/v2\/media?parent=781902"}],"wp:term":[{"taxonomy":"product_brand","embeddable":true,"href":"https:\/\/roveyayinevi.com.tr\/index.php\/wp-json\/wp\/v2\/product_brand?post=781902"},{"taxonomy":"product_cat","embeddable":true,"href":"https:\/\/roveyayinevi.com.tr\/index.php\/wp-json\/wp\/v2\/product_cat?post=781902"},{"taxonomy":"product_tag","embeddable":true,"href":"https:\/\/roveyayinevi.com.tr\/index.php\/wp-json\/wp\/v2\/product_tag?post=781902"}],"curies":[{"name":"wp","href":"https:\/\/api.w.org\/{rel}","templated":true}]}}