{"id":781900,"date":"2026-02-01T14:13:37","date_gmt":"2026-02-01T11:13:37","guid":{"rendered":"https:\/\/roveyayinevi.com.tr\/index.php\/urun\/101-felsefe-problemi\/"},"modified":"2026-04-16T02:15:46","modified_gmt":"2026-04-15T23:15:46","slug":"101-felsefe-problemi","status":"publish","type":"product","link":"https:\/\/roveyayinevi.com.tr\/index.php\/urun\/101-felsefe-problemi\/","title":{"rendered":"101 Felsefe Problemi"},"content":{"rendered":"<p>\u201c101 felsefe probleminin yer ald\u0131\u011f\u0131 bir kitap, ne t\u00fcr bir kitapt\u0131r? Daha \u00f6nce ke\u015ffedilmemi\u015f paradokslardan ve merak uyand\u0131r\u0131c\u0131 bilmecelerden olu\u015fan bir hazine mi? Yoksa, toplum ve fizik bilimlerinin kirli \u00e7ama\u015f\u0131rlar\u0131n\u0131n, \u00e7\u00f6z\u00fclmemi\u015f sorunlar\u0131n\u0131n topland\u0131\u011f\u0131 bir havuz mu? 101 problemden ka\u00e7 tanesi kitab\u0131n sonuna gelindi\u011finde \u00e7\u00f6z\u00fclm\u00fc\u015f olacak? Verdi\u011finiz paraya de\u011fecek mi?Buna ku\u015fkunuz <\/p>\n","protected":false},"excerpt":{"rendered":"<p>\u201c101 felsefe probleminin yer ald\u0131\u011f\u0131 bir kitap, ne t\u00fcr bir kitapt\u0131r? Daha \u00f6nce ke\u015ffedilmemi\u015f paradokslardan ve merak uyand\u0131r\u0131c\u0131 bilmecelerden olu\u015fan bir hazine mi? Yoksa, toplum ve<span class=\"excerpt-hellip\"> [\u2026]<\/span><\/p>\n","protected":false},"featured_media":0,"template":"","meta":{"_monsterinsights_skip_tracking":false,"_monsterinsights_sitenote_active":false,"_monsterinsights_sitenote_note":"","_monsterinsights_sitenote_category":0},"product_brand":[],"product_cat":[12312,12304],"product_tag":[],"class_list":{"0":"post-781900","1":"product","2":"type-product","3":"status-publish","5":"product_cat-diger","6":"product_cat-tarih","7":"pa_cilt-ciltsiz","8":"pa_tur-kitap","9":"pa_yayinevi-is-bankasi-kultur-yayinlari","10":"pa_yazar-martin-cohen","12":"first","13":"instock","14":"sale","15":"shipping-taxable","16":"purchasable","17":"product-type-simple"},"_links":{"self":[{"href":"https:\/\/roveyayinevi.com.tr\/index.php\/wp-json\/wp\/v2\/product\/781900","targetHints":{"allow":["GET"]}}],"collection":[{"href":"https:\/\/roveyayinevi.com.tr\/index.php\/wp-json\/wp\/v2\/product"}],"about":[{"href":"https:\/\/roveyayinevi.com.tr\/index.php\/wp-json\/wp\/v2\/types\/product"}],"wp:attachment":[{"href":"https:\/\/roveyayinevi.com.tr\/index.php\/wp-json\/wp\/v2\/media?parent=781900"}],"wp:term":[{"taxonomy":"product_brand","embeddable":true,"href":"https:\/\/roveyayinevi.com.tr\/index.php\/wp-json\/wp\/v2\/product_brand?post=781900"},{"taxonomy":"product_cat","embeddable":true,"href":"https:\/\/roveyayinevi.com.tr\/index.php\/wp-json\/wp\/v2\/product_cat?post=781900"},{"taxonomy":"product_tag","embeddable":true,"href":"https:\/\/roveyayinevi.com.tr\/index.php\/wp-json\/wp\/v2\/product_tag?post=781900"}],"curies":[{"name":"wp","href":"https:\/\/api.w.org\/{rel}","templated":true}]}}