{"id":781899,"date":"2026-02-01T14:12:37","date_gmt":"2026-02-01T11:12:37","guid":{"rendered":"https:\/\/roveyayinevi.com.tr\/index.php\/urun\/filozof-olmayanlar-icin-felsefeye-giris\/"},"modified":"2026-03-04T02:28:30","modified_gmt":"2026-03-03T23:28:30","slug":"filozof-olmayanlar-icin-felsefeye-giris","status":"publish","type":"product","link":"https:\/\/roveyayinevi.com.tr\/index.php\/urun\/filozof-olmayanlar-icin-felsefeye-giris\/","title":{"rendered":"Filozof Olmayanlar \u0130\u00e7in Felsefeye Giri\u015f"},"content":{"rendered":"<p>Felsefenin, daha genel anlam\u0131yla d\u00fc\u015f\u00fcnmenin yaln\u0131zca felsefecilere ya da entelekt\u00fcellere b\u0131rak\u0131lamayacak kadar ciddi bir i\u015f, bir m\u00fccadele alan\u0131 oldu\u011funa inanan Althusser, meslekten felsefeci olmayanlar i\u00e7in bir \u201celkitab\u0131\u201d yazmay\u0131 \u00e7ok uzun zaman d\u00fc\u015f\u00fcnm\u00fc\u015ft\u00fc. \u0130\u015fte Filozof Olmayanlar \u0130\u00e7in Felsefeye Giri\u015f bu u\u011fra\u015f\u0131n bir neticesidir.Fikirlerini hayranl\u0131k uyand\u0131ran \u00e7arp\u0131c\u0131 bir netlikle dile getirir Althusser. Esas itibar\u0131yla materyalist felsefenin temellerini, tarihsel geli\u015fimini anlatmaktad\u0131r d\u00fc\u015f\u00fcn\u00fcr; ama bunu y\u00fczy\u0131llar boyu kendisini \u201cfelsefe\u201d olarak tan\u0131mlayan, bu sayede de t\u00fcm alan\u0131 i\u015fgal eden idealist felsefenin a\u011f\u0131r bir ele\u015ftirisiyle birlikte yapt\u0131\u011f\u0131 i\u00e7in, al\u0131nt\u0131lar\u0131yla, g\u00f6ndermeleriyle, sat\u0131r aralar\u0131na serpi\u015ftirdikleriyle t\u00fcm bir felsefe tarihi de sunmaktad\u0131r.Kitapta ele al\u0131nan temalar Althusser\u2019in d\u00fc\u015f\u00fcnce sistemati\u011finin farkl\u0131 unsurlar\u0131na, ge\u00e7mi\u015fte u\u011fra\u015ft\u0131klar\u0131na veya gelecekte \u00fczerinde \u00e7al\u0131\u015facaklar\u0131na ba\u011flan\u0131r; \u00f6rne\u011fin \u00fcnl\u00fc \u201cDevletin ideolojik ayg\u0131tlar\u0131\u201d tart\u0131\u015fmas\u0131n\u0131n n\u00fcvesi, ana hatlar\u0131 bu metinde ortaya konulmu\u015ftur.Althusser\u2019in d\u00fc\u015f\u00fcncesiyle tan\u0131\u015fmak i\u00e7in m\u00fckemmel bir f\u0131rsat! <\/p>\n","protected":false},"excerpt":{"rendered":"<p>Felsefenin, daha genel anlam\u0131yla d\u00fc\u015f\u00fcnmenin yaln\u0131zca felsefecilere ya da entelekt\u00fcellere b\u0131rak\u0131lamayacak kadar ciddi bir i\u015f, bir m\u00fccadele alan\u0131 oldu\u011funa inanan Althusser, meslekten felsefeci olmayanlar i\u00e7in bir<span class=\"excerpt-hellip\"> [\u2026]<\/span><\/p>\n","protected":false},"featured_media":0,"template":"","meta":{"_monsterinsights_skip_tracking":false,"_monsterinsights_sitenote_active":false,"_monsterinsights_sitenote_note":"","_monsterinsights_sitenote_category":0},"product_brand":[],"product_cat":[12777,12291],"product_tag":[],"class_list":{"0":"post-781899","1":"product","2":"type-product","3":"status-publish","5":"product_cat-deneme","6":"product_cat-edebiyat","7":"pa_cilt-ciltsiz","8":"pa_tur-kitap","9":"pa_yayinevi-can-yayinlari","10":"pa_yazar-louis-althusser","12":"first","13":"instock","14":"sale","15":"shipping-taxable","16":"purchasable","17":"product-type-simple"},"_links":{"self":[{"href":"https:\/\/roveyayinevi.com.tr\/index.php\/wp-json\/wp\/v2\/product\/781899","targetHints":{"allow":["GET"]}}],"collection":[{"href":"https:\/\/roveyayinevi.com.tr\/index.php\/wp-json\/wp\/v2\/product"}],"about":[{"href":"https:\/\/roveyayinevi.com.tr\/index.php\/wp-json\/wp\/v2\/types\/product"}],"wp:attachment":[{"href":"https:\/\/roveyayinevi.com.tr\/index.php\/wp-json\/wp\/v2\/media?parent=781899"}],"wp:term":[{"taxonomy":"product_brand","embeddable":true,"href":"https:\/\/roveyayinevi.com.tr\/index.php\/wp-json\/wp\/v2\/product_brand?post=781899"},{"taxonomy":"product_cat","embeddable":true,"href":"https:\/\/roveyayinevi.com.tr\/index.php\/wp-json\/wp\/v2\/product_cat?post=781899"},{"taxonomy":"product_tag","embeddable":true,"href":"https:\/\/roveyayinevi.com.tr\/index.php\/wp-json\/wp\/v2\/product_tag?post=781899"}],"curies":[{"name":"wp","href":"https:\/\/api.w.org\/{rel}","templated":true}]}}