{"id":781897,"date":"2026-02-01T14:10:58","date_gmt":"2026-02-01T11:10:58","guid":{"rendered":"https:\/\/roveyayinevi.com.tr\/index.php\/urun\/tesirsiz-parcalar\/"},"modified":"2026-04-16T02:14:27","modified_gmt":"2026-04-15T23:14:27","slug":"tesirsiz-parcalar","status":"publish","type":"product","link":"https:\/\/roveyayinevi.com.tr\/index.php\/urun\/tesirsiz-parcalar\/","title":{"rendered":"Tesirsiz Par\u00e7alar"},"content":{"rendered":"<p>\u201cBeni affetme&#8230; Anlama da&#8230; Hayat\u0131m\u0131n \u00f6zeti, d\u00fczeltilemeyecek kadar vahim bir anlat\u0131m bozuklu\u011fu&#8230; Beni daha fazla konu\u015fturma&#8230; Ben susay\u0131m, sen a\u011fla&#8230; Gus\u00fcl abdesti alabilece\u011fim kadar g\u00f6zya\u015f\u0131 biriktir benim i\u00e7in&#8230; Sonra beraberce \u00e7ay\u0131ma siyan\u00fcr kar\u0131\u015ft\u0131ral\u0131m. \u00d6nce g\u00f6m beni, sonra anla\u2026\u201d \ufffc<\/p>\n","protected":false},"excerpt":{"rendered":"<p>\u201cBeni affetme&#8230; Anlama da&#8230; Hayat\u0131m\u0131n \u00f6zeti, d\u00fczeltilemeyecek kadar vahim bir anlat\u0131m bozuklu\u011fu&#8230; Beni daha fazla konu\u015fturma&#8230; Ben susay\u0131m, sen a\u011fla&#8230; Gus\u00fcl abdesti alabilece\u011fim kadar g\u00f6zya\u015f\u0131 biriktir<span class=\"excerpt-hellip\"> [\u2026]<\/span><\/p>\n","protected":false},"featured_media":0,"template":"","meta":{"_monsterinsights_skip_tracking":false,"_monsterinsights_sitenote_active":false,"_monsterinsights_sitenote_note":"","_monsterinsights_sitenote_category":0},"product_brand":[],"product_cat":[18545,12291],"product_tag":[],"class_list":{"0":"post-781897","1":"product","2":"type-product","3":"status-publish","5":"product_cat-anlati","6":"product_cat-edebiyat","7":"pa_cilt-ciltsiz","8":"pa_tur-kitap","9":"pa_yayinevi-ithaki-yayinlari","10":"pa_yazar-ali-lidar","12":"first","13":"instock","14":"sale","15":"shipping-taxable","16":"purchasable","17":"product-type-simple"},"_links":{"self":[{"href":"https:\/\/roveyayinevi.com.tr\/index.php\/wp-json\/wp\/v2\/product\/781897","targetHints":{"allow":["GET"]}}],"collection":[{"href":"https:\/\/roveyayinevi.com.tr\/index.php\/wp-json\/wp\/v2\/product"}],"about":[{"href":"https:\/\/roveyayinevi.com.tr\/index.php\/wp-json\/wp\/v2\/types\/product"}],"wp:attachment":[{"href":"https:\/\/roveyayinevi.com.tr\/index.php\/wp-json\/wp\/v2\/media?parent=781897"}],"wp:term":[{"taxonomy":"product_brand","embeddable":true,"href":"https:\/\/roveyayinevi.com.tr\/index.php\/wp-json\/wp\/v2\/product_brand?post=781897"},{"taxonomy":"product_cat","embeddable":true,"href":"https:\/\/roveyayinevi.com.tr\/index.php\/wp-json\/wp\/v2\/product_cat?post=781897"},{"taxonomy":"product_tag","embeddable":true,"href":"https:\/\/roveyayinevi.com.tr\/index.php\/wp-json\/wp\/v2\/product_tag?post=781897"}],"curies":[{"name":"wp","href":"https:\/\/api.w.org\/{rel}","templated":true}]}}