{"id":781896,"date":"2026-02-01T14:10:55","date_gmt":"2026-02-01T11:10:55","guid":{"rendered":"https:\/\/roveyayinevi.com.tr\/index.php\/urun\/bir-ruh-macerasi-2\/"},"modified":"2026-02-03T02:24:19","modified_gmt":"2026-02-02T23:24:19","slug":"bir-ruh-macerasi-2","status":"publish","type":"product","link":"https:\/\/roveyayinevi.com.tr\/index.php\/urun\/bir-ruh-macerasi-2\/","title":{"rendered":"Bir Ruh Maceras\u0131"},"content":{"rendered":"<p>\u0130slam bizi geri b\u0131rakt\u0131, Bat\u0131 kar\u015f\u0131s\u0131nda yenilgilerimizin sebebi \u0130slam&#8217;d\u0131r! h\u00fckm\u00fc, giderek bir inan\u00e7, bir ya\u015fama bi\u00e7imi halini ald\u0131. Bunu da modernlik kisvesi alt\u0131nda h\u0131n\u00e7 ve taassupla dolu telkinler halinde yayd\u0131lar; bu t\u00fcr ideolojilere ve ak\u0131mlara neredeyse me\u015fruiyet kazand\u0131r\u0131ld\u0131\u2026 Bu yan\u0131lg\u0131lar\u0131n ortas\u0131nda do\u011fdum ve yeti\u015ftim. Ger\u00e7e\u011fin ise tam tersi oldu\u011funu pek \u00e7ok bedel \u00f6deyerek idrak ettim. \ufffcTan\u0131t\u0131m Metni<\/p>\n","protected":false},"excerpt":{"rendered":"<p>\u0130slam bizi geri b\u0131rakt\u0131, Bat\u0131 kar\u015f\u0131s\u0131nda yenilgilerimizin sebebi \u0130slam&#8217;d\u0131r! h\u00fckm\u00fc, giderek bir inan\u00e7, bir ya\u015fama bi\u00e7imi halini ald\u0131. Bunu da modernlik kisvesi alt\u0131nda h\u0131n\u00e7 ve taassupla<span class=\"excerpt-hellip\"> [\u2026]<\/span><\/p>\n","protected":false},"featured_media":0,"template":"","meta":{"_monsterinsights_skip_tracking":false,"_monsterinsights_sitenote_active":false,"_monsterinsights_sitenote_note":"","_monsterinsights_sitenote_category":0},"product_brand":[],"product_cat":[12782,12291],"product_tag":[],"class_list":{"0":"post-781896","1":"product","2":"type-product","3":"status-publish","5":"product_cat-alman-edebiyati","6":"product_cat-edebiyat","7":"pa_tur-kitap","8":"pa_yayinevi-timas-yayinlari","9":"pa_yazar-ayse-sasa","11":"first","12":"instock","13":"sale","14":"shipping-taxable","15":"purchasable","16":"product-type-simple"},"_links":{"self":[{"href":"https:\/\/roveyayinevi.com.tr\/index.php\/wp-json\/wp\/v2\/product\/781896","targetHints":{"allow":["GET"]}}],"collection":[{"href":"https:\/\/roveyayinevi.com.tr\/index.php\/wp-json\/wp\/v2\/product"}],"about":[{"href":"https:\/\/roveyayinevi.com.tr\/index.php\/wp-json\/wp\/v2\/types\/product"}],"wp:attachment":[{"href":"https:\/\/roveyayinevi.com.tr\/index.php\/wp-json\/wp\/v2\/media?parent=781896"}],"wp:term":[{"taxonomy":"product_brand","embeddable":true,"href":"https:\/\/roveyayinevi.com.tr\/index.php\/wp-json\/wp\/v2\/product_brand?post=781896"},{"taxonomy":"product_cat","embeddable":true,"href":"https:\/\/roveyayinevi.com.tr\/index.php\/wp-json\/wp\/v2\/product_cat?post=781896"},{"taxonomy":"product_tag","embeddable":true,"href":"https:\/\/roveyayinevi.com.tr\/index.php\/wp-json\/wp\/v2\/product_tag?post=781896"}],"curies":[{"name":"wp","href":"https:\/\/api.w.org\/{rel}","templated":true}]}}