{"id":781895,"date":"2026-02-01T14:09:21","date_gmt":"2026-02-01T11:09:21","guid":{"rendered":"https:\/\/roveyayinevi.com.tr\/index.php\/urun\/varolma-anlari\/"},"modified":"2026-02-03T02:21:52","modified_gmt":"2026-02-02T23:21:52","slug":"varolma-anlari","status":"publish","type":"product","link":"https:\/\/roveyayinevi.com.tr\/index.php\/urun\/varolma-anlari\/","title":{"rendered":"Varolma Anlar\u0131"},"content":{"rendered":"<p>Bu t\u00fcr tart\u0131\u015fmalardan Vanessa ile ben, arkada\u015flar\u0131 olacak ki\u015filerle ilk kez tan\u0131\u015fan \u00fcniversite \u00f6\u011frencilerinin alaca\u011f\u0131 zevki al\u0131rd\u0131k. Booth\u2019lar\u0131n ve Maxse\u2019lerin d\u00fcnyas\u0131nda beyinlerimizi fazla \u00e7al\u0131\u015ft\u0131rmam\u0131z istenmezdi bizden. Buradaysa salt beynimizi kullan\u0131yorduk. O per\u015fembe ak\u015famlar\u0131n\u0131n cazibesinin bir k\u0131sm\u0131, \u015fa\u015f\u0131rt\u0131c\u0131 derecede soyut olmalar\u0131ndan geliyordu. Nedeni, sadece Moore\u2019un kitab\u0131n\u0131n hepimizi felsefe, sanat, din \u00fczerinde konu\u015fmaya y\u00f6neltmesi de\u011fildi; atmosferin a\u015f\u0131r\u0131 derecede soyut olmas\u0131yd\u0131. Ad\u0131n\u0131 verdi\u011fim gen\u00e7 adamlar, Hyde Park Gate\u2019in kabul etti\u011fi anlamda \u201cterbiyeli\u201d de\u011fildiler. Bizim iddialar\u0131m\u0131z\u0131 da kendilerininki kadar sert ele\u015ftiriyorlard\u0131. Nas\u0131l giyindi\u011fimizin de, g\u00fczel g\u00f6r\u00fcn\u00fcp g\u00f6r\u00fcnmedi\u011fimizin de fark\u0131na varm\u0131yorlard\u0131. George\u2019un ilk y\u0131llarda, g\u00f6r\u00fcn\u00fc\u015f\u00fcm\u00fcz ve davran\u0131\u015f\u0131m\u0131z konusunda s\u0131rt\u0131m\u0131za y\u00fckledi\u011fi o muazzam y\u00fck\u00fcml\u00fcl\u00fck ortadan kalkm\u0131\u015ft\u0131. Art\u0131k davetlerden sonraki o korkun\u00e7 i\u015fkenceye ve \u201c\u00c7ok ho\u015f g\u00f6r\u00fcn\u00fcyordun\u201d s\u00f6z\u00fcne katlanmak zorunda de\u011fildik. Bell, Strachey, Hawtrey ve Sydney-Turner\u2019in d\u00fcnyas\u0131nda b\u00fct\u00fcn bunlar\u0131n ne \u00f6nemi ne de yeri var gibiydi. \ufffcTan\u0131t\u0131m Metni<\/p>\n","protected":false},"excerpt":{"rendered":"<p>Bu t\u00fcr tart\u0131\u015fmalardan Vanessa ile ben, arkada\u015flar\u0131 olacak ki\u015filerle ilk kez tan\u0131\u015fan \u00fcniversite \u00f6\u011frencilerinin alaca\u011f\u0131 zevki al\u0131rd\u0131k. Booth\u2019lar\u0131n ve Maxse\u2019lerin d\u00fcnyas\u0131nda beyinlerimizi fazla \u00e7al\u0131\u015ft\u0131rmam\u0131z istenmezdi bizden.<span class=\"excerpt-hellip\"> [\u2026]<\/span><\/p>\n","protected":false},"featured_media":0,"template":"","meta":{"_monsterinsights_skip_tracking":false,"_monsterinsights_sitenote_active":false,"_monsterinsights_sitenote_note":"","_monsterinsights_sitenote_category":0},"product_brand":[],"product_cat":[14009,12291],"product_tag":[],"class_list":{"0":"post-781895","1":"product","2":"type-product","3":"status-publish","5":"product_cat-biyografi-otobiyografi-edebiyat","6":"product_cat-edebiyat","7":"pa_tur-kitap","8":"pa_yayinevi-kirmizi-kedi-yayinevi","9":"pa_yazar-virginia-woolf","11":"first","12":"instock","13":"sale","14":"shipping-taxable","15":"purchasable","16":"product-type-simple"},"_links":{"self":[{"href":"https:\/\/roveyayinevi.com.tr\/index.php\/wp-json\/wp\/v2\/product\/781895","targetHints":{"allow":["GET"]}}],"collection":[{"href":"https:\/\/roveyayinevi.com.tr\/index.php\/wp-json\/wp\/v2\/product"}],"about":[{"href":"https:\/\/roveyayinevi.com.tr\/index.php\/wp-json\/wp\/v2\/types\/product"}],"wp:attachment":[{"href":"https:\/\/roveyayinevi.com.tr\/index.php\/wp-json\/wp\/v2\/media?parent=781895"}],"wp:term":[{"taxonomy":"product_brand","embeddable":true,"href":"https:\/\/roveyayinevi.com.tr\/index.php\/wp-json\/wp\/v2\/product_brand?post=781895"},{"taxonomy":"product_cat","embeddable":true,"href":"https:\/\/roveyayinevi.com.tr\/index.php\/wp-json\/wp\/v2\/product_cat?post=781895"},{"taxonomy":"product_tag","embeddable":true,"href":"https:\/\/roveyayinevi.com.tr\/index.php\/wp-json\/wp\/v2\/product_tag?post=781895"}],"curies":[{"name":"wp","href":"https:\/\/api.w.org\/{rel}","templated":true}]}}