{"id":781894,"date":"2026-02-01T14:09:19","date_gmt":"2026-02-01T11:09:19","guid":{"rendered":"https:\/\/roveyayinevi.com.tr\/index.php\/urun\/disa-yolculuk\/"},"modified":"2026-02-03T02:21:52","modified_gmt":"2026-02-02T23:21:52","slug":"disa-yolculuk","status":"publish","type":"product","link":"https:\/\/roveyayinevi.com.tr\/index.php\/urun\/disa-yolculuk\/","title":{"rendered":"D\u0131\u015fa Yolculuk"},"content":{"rendered":"<p>D\u0131\u015fa Yolculuk, Virginia Woolf&#8217;un 1910-1915 y\u0131llar\u0131 aras\u0131nda yazd\u0131\u011f\u0131 ilk roman\u0131. Yazar\u0131n daha sonraki yap\u0131tlar\u0131na \u0131\u015f\u0131k tuttu\u011fu gibi o yap\u0131tlarda \u00f6ne \u00e7\u0131kan pek \u00e7ok \u00f6zelli\u011fin ve teman\u0131n da \u00f6nc\u00fcs\u00fcd\u00fcr: yarat\u0131c\u0131 bir \u00fcslubun, kad\u0131n bilin\u00e7lenmesine odaklan\u0131\u015f\u0131n, cinsellik ve \u00f6l\u00fcm temalar\u0131n\u0131n. \ufffcTan\u0131t\u0131m Metni<\/p>\n","protected":false},"excerpt":{"rendered":"<p>D\u0131\u015fa Yolculuk, Virginia Woolf&#8217;un 1910-1915 y\u0131llar\u0131 aras\u0131nda yazd\u0131\u011f\u0131 ilk roman\u0131. Yazar\u0131n daha sonraki yap\u0131tlar\u0131na \u0131\u015f\u0131k tuttu\u011fu gibi o yap\u0131tlarda \u00f6ne \u00e7\u0131kan pek \u00e7ok \u00f6zelli\u011fin ve teman\u0131n<span class=\"excerpt-hellip\"> [\u2026]<\/span><\/p>\n","protected":false},"featured_media":0,"template":"","meta":{"_monsterinsights_skip_tracking":false,"_monsterinsights_sitenote_active":false,"_monsterinsights_sitenote_note":"","_monsterinsights_sitenote_category":0},"product_brand":[],"product_cat":[12291,12866],"product_tag":[],"class_list":{"0":"post-781894","1":"product","2":"type-product","3":"status-publish","5":"product_cat-edebiyat","6":"product_cat-ingiliz-edebiyati","7":"pa_tur-kitap","8":"pa_yayinevi-kirmizi-kedi-yayinevi","9":"pa_yazar-virginia-woolf","11":"first","12":"instock","13":"sale","14":"shipping-taxable","15":"purchasable","16":"product-type-simple"},"_links":{"self":[{"href":"https:\/\/roveyayinevi.com.tr\/index.php\/wp-json\/wp\/v2\/product\/781894","targetHints":{"allow":["GET"]}}],"collection":[{"href":"https:\/\/roveyayinevi.com.tr\/index.php\/wp-json\/wp\/v2\/product"}],"about":[{"href":"https:\/\/roveyayinevi.com.tr\/index.php\/wp-json\/wp\/v2\/types\/product"}],"wp:attachment":[{"href":"https:\/\/roveyayinevi.com.tr\/index.php\/wp-json\/wp\/v2\/media?parent=781894"}],"wp:term":[{"taxonomy":"product_brand","embeddable":true,"href":"https:\/\/roveyayinevi.com.tr\/index.php\/wp-json\/wp\/v2\/product_brand?post=781894"},{"taxonomy":"product_cat","embeddable":true,"href":"https:\/\/roveyayinevi.com.tr\/index.php\/wp-json\/wp\/v2\/product_cat?post=781894"},{"taxonomy":"product_tag","embeddable":true,"href":"https:\/\/roveyayinevi.com.tr\/index.php\/wp-json\/wp\/v2\/product_tag?post=781894"}],"curies":[{"name":"wp","href":"https:\/\/api.w.org\/{rel}","templated":true}]}}