{"id":781893,"date":"2026-02-01T14:09:15","date_gmt":"2026-02-01T11:09:15","guid":{"rendered":"https:\/\/roveyayinevi.com.tr\/index.php\/urun\/bayan-peregrinein-tuhaf-cocuklari-1\/"},"modified":"2026-02-03T02:21:50","modified_gmt":"2026-02-02T23:21:50","slug":"bayan-peregrinein-tuhaf-cocuklari-1","status":"publish","type":"product","link":"https:\/\/roveyayinevi.com.tr\/index.php\/urun\/bayan-peregrinein-tuhaf-cocuklari-1\/","title":{"rendered":"Bayan Peregrine&#8217;in Tuhaf \u00c7ocuklar\u0131 1"},"content":{"rendered":"<p>Orjinal Ad\u0131: Miss Peregrine\u2019s Home For Peculiar ChildrenT\u00fcm bunlar kurgu ile foto\u011fraf\u00e7\u0131l\u0131\u011f\u0131 nefes kesici bir \u015fekilde bir araya getiren ve unutulmaz bir okuma deneyimi sunan Bayan Peregrine\u2019in Tuhaf \u00c7ocuklar\u0131 roman\u0131nda ke\u015ffedilmeyi bekliyor. Ya\u015fad\u0131\u011f\u0131 korkun\u00e7 aile trajedisi y\u00fcz\u00fcnden Galler k\u0131y\u0131lar\u0131ndaki, d\u00fcnyadan uzakta kalm\u0131\u015f bir adaya yolculuk eden on alt\u0131 ya\u015f\u0131ndaki Jacob, burada Bayan Peregrine\u2019in Tuhaf \u00c7ocuklar Yetimhanesi\u2019nin y\u0131k\u0131nt\u0131lar\u0131n\u0131 ke\u015ffetmekle kalmay\u0131p, Bayan Peregrine\u2019in \u00e7ocuklar\u0131n\u0131n sadece tuhaf olmaktan \u00e7ok daha fazlas\u0131 oldu\u011funun fark\u0131na var\u0131r.New York Times bestseller listesinden 108 haftad\u0131r inmeyen, akl\u0131n\u0131zdan \u00e7\u0131kmayacak eski foto\u011fraflar e\u015fli\u011finde okuyaca\u011f\u0131n\u0131z Bayan Peregrine\u2019in Tuhaf \u00c7ocuklar\u0131, g\u00f6lgelerde ge\u00e7en bir macera arayan her ya\u015ftan okuyucuyu i\u00e7ine \u00e7ekecek e\u015fsiz bir roman.\u201cGergin, duygusal ve tuhaf m\u0131 tuhaf bir ilk roman. Foto\u011fraflar ve metin birbirini tamamlayarak unutulmaz bir  hik\u00e2ye yarat\u0131yor.\u201dJohn Green, K\u00e2\u011f\u0131ttan Kentler ve Ayn\u0131 Y\u0131ld\u0131z\u0131n Alt\u0131nda kitaplar\u0131n\u0131n \u00e7oksatan yazar\u0131\u201cBu, hipsterlar i\u00e7in yaz\u0131lm\u0131\u015f bir Harry Potter kitab\u0131. Ge\u00e7ti\u011fi d\u00fcnyaya ve verdi\u011fi hisse bay\u0131ld\u0131m.\u201dFelicia Day\u201cFoto\u011fraflar olmasa bile hik\u00e2ye kendi ba\u015f\u0131na yetermi\u015f fakat foto\u011fraflar hik\u00e2yeye kar\u015f\u0131 konulmaz bir gizem ekliyor. Birinci g\u00f6zden anlat\u0131 samimi, komik ve etkili. Serideki bir sonraki kitab\u0131 d\u00f6rt g\u00f6zle bekliyorum.\u201dRick Riordan, Percy Jackson ve Olimposlular serisinin yazar\u0131\u201cKategorilere s\u0131\u011fmayan, orijinal bir yap\u0131t.\u201dLibrary Journa<\/p>\n","protected":false},"excerpt":{"rendered":"<p>Orjinal Ad\u0131: Miss Peregrine\u2019s Home For Peculiar ChildrenT\u00fcm bunlar kurgu ile foto\u011fraf\u00e7\u0131l\u0131\u011f\u0131 nefes kesici bir \u015fekilde bir araya getiren ve unutulmaz bir okuma deneyimi sunan Bayan<span class=\"excerpt-hellip\"> [\u2026]<\/span><\/p>\n","protected":false},"featured_media":0,"template":"","meta":{"_monsterinsights_skip_tracking":false,"_monsterinsights_sitenote_active":false,"_monsterinsights_sitenote_note":"","_monsterinsights_sitenote_category":0},"product_brand":[],"product_cat":[12891,12291],"product_tag":[],"class_list":{"0":"post-781893","1":"product","2":"type-product","3":"status-publish","5":"product_cat-amerikan-edebiyati","6":"product_cat-edebiyat","7":"pa_cilt-ciltli","8":"pa_tur-kitap","9":"pa_yayinevi-ithaki-yayinlari","10":"pa_yazar-ransom-riggs","12":"first","13":"instock","14":"sale","15":"shipping-taxable","16":"purchasable","17":"product-type-simple"},"_links":{"self":[{"href":"https:\/\/roveyayinevi.com.tr\/index.php\/wp-json\/wp\/v2\/product\/781893","targetHints":{"allow":["GET"]}}],"collection":[{"href":"https:\/\/roveyayinevi.com.tr\/index.php\/wp-json\/wp\/v2\/product"}],"about":[{"href":"https:\/\/roveyayinevi.com.tr\/index.php\/wp-json\/wp\/v2\/types\/product"}],"wp:attachment":[{"href":"https:\/\/roveyayinevi.com.tr\/index.php\/wp-json\/wp\/v2\/media?parent=781893"}],"wp:term":[{"taxonomy":"product_brand","embeddable":true,"href":"https:\/\/roveyayinevi.com.tr\/index.php\/wp-json\/wp\/v2\/product_brand?post=781893"},{"taxonomy":"product_cat","embeddable":true,"href":"https:\/\/roveyayinevi.com.tr\/index.php\/wp-json\/wp\/v2\/product_cat?post=781893"},{"taxonomy":"product_tag","embeddable":true,"href":"https:\/\/roveyayinevi.com.tr\/index.php\/wp-json\/wp\/v2\/product_tag?post=781893"}],"curies":[{"name":"wp","href":"https:\/\/api.w.org\/{rel}","templated":true}]}}