{"id":781892,"date":"2026-02-01T14:09:08","date_gmt":"2026-02-01T11:09:08","guid":{"rendered":"https:\/\/roveyayinevi.com.tr\/index.php\/urun\/duygular-ofke-kiskanclik-ve-korkunun-otesi\/"},"modified":"2026-02-03T02:21:46","modified_gmt":"2026-02-02T23:21:46","slug":"duygular-ofke-kiskanclik-ve-korkunun-otesi","status":"publish","type":"product","link":"https:\/\/roveyayinevi.com.tr\/index.php\/urun\/duygular-ofke-kiskanclik-ve-korkunun-otesi\/","title":{"rendered":"Duygular: \u00d6fke, K\u0131skan\u00e7l\u0131k ve Korkunun \u00d6tesi"},"content":{"rendered":"<p>Sen \u00d6fkelisinFakat sen sonsuza dek \u00f6fkeli kalamazs\u0131n.En \u00f6fkeli insan bile arada bir g\u00fcler, g\u00fclmek zorundad\u0131r.\u00d6fkeli olmak s\u00fcrekli bir hal olamaz. Sen \u00dczg\u00fcns\u00fcnAncak en \u00fczg\u00fcn insan dahi g\u00fcl\u00fcmserve s\u00fcrekli g\u00fclen insan bile,arada bir a\u011flar ve g\u00f6z\u00fcnden ya\u015flar akar. Duygular S\u00fcrekli OlamazBu nedenle onlara duygular denir:Onlar hareket eder; bu y\u00fczden onlar duygulard\u0131r Birinden Di\u011ferine Sen S\u00fcrekli De\u011fi\u015firsin\u015eu an \u00fczg\u00fcns\u00fcn, sonraki an mutlusun\u015eimdi \u00f6fkelisin, sonraki an \u00e7ok \u015fefkatlisin\u015eu an sevgi dolusun, sonraki an nefretle dolusunSabah g\u00fczeldi, ak\u015fam \u00e7irkindir. Bu B\u00f6yle S\u00fcrer\u2026 <\/p>\n","protected":false},"excerpt":{"rendered":"<p>Sen \u00d6fkelisinFakat sen sonsuza dek \u00f6fkeli kalamazs\u0131n.En \u00f6fkeli insan bile arada bir g\u00fcler, g\u00fclmek zorundad\u0131r.\u00d6fkeli olmak s\u00fcrekli bir hal olamaz. Sen \u00dczg\u00fcns\u00fcnAncak en \u00fczg\u00fcn insan dahi<span class=\"excerpt-hellip\"> [\u2026]<\/span><\/p>\n","protected":false},"featured_media":0,"template":"","meta":{"_monsterinsights_skip_tracking":false,"_monsterinsights_sitenote_active":false,"_monsterinsights_sitenote_note":"","_monsterinsights_sitenote_category":0},"product_brand":[],"product_cat":[12364,12376],"product_tag":[],"class_list":{"0":"post-781892","1":"product","2":"type-product","3":"status-publish","5":"product_cat-genel-konular","6":"product_cat-kisisel-gelisim","7":"pa_cilt-ciltsiz","8":"pa_tur-kitap","9":"pa_yayinevi-ganj-yayinevi","10":"pa_yazar-osho","12":"first","13":"instock","14":"sale","15":"shipping-taxable","16":"purchasable","17":"product-type-simple"},"_links":{"self":[{"href":"https:\/\/roveyayinevi.com.tr\/index.php\/wp-json\/wp\/v2\/product\/781892","targetHints":{"allow":["GET"]}}],"collection":[{"href":"https:\/\/roveyayinevi.com.tr\/index.php\/wp-json\/wp\/v2\/product"}],"about":[{"href":"https:\/\/roveyayinevi.com.tr\/index.php\/wp-json\/wp\/v2\/types\/product"}],"wp:attachment":[{"href":"https:\/\/roveyayinevi.com.tr\/index.php\/wp-json\/wp\/v2\/media?parent=781892"}],"wp:term":[{"taxonomy":"product_brand","embeddable":true,"href":"https:\/\/roveyayinevi.com.tr\/index.php\/wp-json\/wp\/v2\/product_brand?post=781892"},{"taxonomy":"product_cat","embeddable":true,"href":"https:\/\/roveyayinevi.com.tr\/index.php\/wp-json\/wp\/v2\/product_cat?post=781892"},{"taxonomy":"product_tag","embeddable":true,"href":"https:\/\/roveyayinevi.com.tr\/index.php\/wp-json\/wp\/v2\/product_tag?post=781892"}],"curies":[{"name":"wp","href":"https:\/\/api.w.org\/{rel}","templated":true}]}}