{"id":781888,"date":"2026-02-01T14:08:00","date_gmt":"2026-02-01T11:08:00","guid":{"rendered":"https:\/\/roveyayinevi.com.tr\/index.php\/urun\/kutadgu-bilig-4\/"},"modified":"2026-02-03T02:19:52","modified_gmt":"2026-02-02T23:19:52","slug":"kutadgu-bilig-4","status":"publish","type":"product","link":"https:\/\/roveyayinevi.com.tr\/index.php\/urun\/kutadgu-bilig-4\/","title":{"rendered":"Kutadgu Bilig"},"content":{"rendered":"<p>Yusuf Has Hacib (yakla\u015f\u0131k 1019-1085): Balasagunlu Yusuf, 11. y\u00fczy\u0131l\u0131n en \u00f6nemli T\u00fcrk \u015fair ve d\u00fc\u015f\u00fcn\u00fcrleri aras\u0131nda yer al\u0131r. Hakk\u0131ndaki bilgiler b\u00fcy\u00fck \u00f6l\u00e7\u00fcde eseri Kutadgu Bilig\u2019deki ifadelere dayan\u0131r. Karahanl\u0131lar d\u00f6neminde ya\u015fam\u0131\u015ft\u0131r. Balasagun\u2019da yazmaya ba\u015flad\u0131\u011f\u0131 eserini Ka\u015fgar\u2019da tamamlam\u0131\u015f, Karahanl\u0131 h\u00fck\u00fcmdar\u0131 Ulu Bu\u011fra Han\u2019a sunmu\u015f ve has hacip unvan\u0131yla \u00f6d\u00fcllendirilmi\u015ftir. \u0130yi bir e\u011fitim g\u00f6rd\u00fc\u011f\u00fc, Arap\u00e7a, Fars\u00e7a ve \u0130slam \u00f6ncesi T\u00fcrk k\u00fclt\u00fcr\u00fcn\u00fc iyi bildi\u011fi anla\u015f\u0131lan Yusuf Has Hacib, eserinde devlet adamlar\u0131n\u0131n niteli\u011fi, birey, toplum, devlet ili\u015fkilerinin nas\u0131l d\u00fczenlenmesi gerekti\u011fi \u00fczerinde durmu\u015f, ya\u015fad\u0131\u011f\u0131 toplumun geleneksel de\u011ferlerine uygun olarak iyili\u011fi, erdemi ve ak\u0131lc\u0131l\u0131\u011f\u0131 \u00f6nermi\u015ftir. \ufffc<\/p>\n","protected":false},"excerpt":{"rendered":"<p>Yusuf Has Hacib (yakla\u015f\u0131k 1019-1085): Balasagunlu Yusuf, 11. y\u00fczy\u0131l\u0131n en \u00f6nemli T\u00fcrk \u015fair ve d\u00fc\u015f\u00fcn\u00fcrleri aras\u0131nda yer al\u0131r. Hakk\u0131ndaki bilgiler b\u00fcy\u00fck \u00f6l\u00e7\u00fcde eseri Kutadgu Bilig\u2019deki ifadelere<span class=\"excerpt-hellip\"> [\u2026]<\/span><\/p>\n","protected":false},"featured_media":0,"template":"","meta":{"_monsterinsights_skip_tracking":false,"_monsterinsights_sitenote_active":false,"_monsterinsights_sitenote_note":"","_monsterinsights_sitenote_category":0},"product_brand":[],"product_cat":[13590,12337],"product_tag":[],"class_list":{"0":"post-781888","1":"product","2":"type-product","3":"status-publish","5":"product_cat-arastirma-inceleme-politika-siyaset","6":"product_cat-politika-siyaset","7":"pa_cilt-ciltsiz","8":"pa_tur-kitap","9":"pa_yayinevi-is-bankasi-kultur-yayinlari","10":"pa_yazar-yusuf-has-hacib","12":"first","13":"instock","14":"sale","15":"shipping-taxable","16":"purchasable","17":"product-type-simple"},"_links":{"self":[{"href":"https:\/\/roveyayinevi.com.tr\/index.php\/wp-json\/wp\/v2\/product\/781888","targetHints":{"allow":["GET"]}}],"collection":[{"href":"https:\/\/roveyayinevi.com.tr\/index.php\/wp-json\/wp\/v2\/product"}],"about":[{"href":"https:\/\/roveyayinevi.com.tr\/index.php\/wp-json\/wp\/v2\/types\/product"}],"wp:attachment":[{"href":"https:\/\/roveyayinevi.com.tr\/index.php\/wp-json\/wp\/v2\/media?parent=781888"}],"wp:term":[{"taxonomy":"product_brand","embeddable":true,"href":"https:\/\/roveyayinevi.com.tr\/index.php\/wp-json\/wp\/v2\/product_brand?post=781888"},{"taxonomy":"product_cat","embeddable":true,"href":"https:\/\/roveyayinevi.com.tr\/index.php\/wp-json\/wp\/v2\/product_cat?post=781888"},{"taxonomy":"product_tag","embeddable":true,"href":"https:\/\/roveyayinevi.com.tr\/index.php\/wp-json\/wp\/v2\/product_tag?post=781888"}],"curies":[{"name":"wp","href":"https:\/\/api.w.org\/{rel}","templated":true}]}}