{"id":781882,"date":"2026-02-01T14:06:24","date_gmt":"2026-02-01T11:06:24","guid":{"rendered":"https:\/\/roveyayinevi.com.tr\/index.php\/urun\/floransa-buyucusu\/"},"modified":"2026-04-16T02:10:40","modified_gmt":"2026-04-15T23:10:40","slug":"floransa-buyucusu","status":"publish","type":"product","link":"https:\/\/roveyayinevi.com.tr\/index.php\/urun\/floransa-buyucusu\/","title":{"rendered":"Floransa B\u00fcy\u00fcc\u00fcs\u00fc"},"content":{"rendered":"<p>Salman Rushdie\u2019nin Bu kitab\u0131 yazmak i\u00e7in y\u0131llarca okuyup ara\u015ft\u0131rma yapmam gerekti, dedi\u011fi roman, t\u00fcrl\u00fc t\u00fcrl\u00fc anlat\u0131c\u0131lar, gezginler, ser\u00fcvenciler taraf\u0131ndan aktar\u0131lan, Babur \u0130mparatorlu\u011fu ve Osmanl\u0131lar, Mo\u011follar ve R\u00f6nesans Floransa\u2019s\u0131n\u0131n tarihine ve k\u00fclt\u00fcrlerine g\u00f6ndermeler yapan, b\u00f6lgenin tarihini masallarla kayna\u015ft\u0131ran b\u00fcy\u00fcleyici bir yap\u0131t. Kitaptaki cinsellik ve erotizmin oda\u011f\u0131 olan g\u00fczeller g\u00fczeli Floransa B\u00fcy\u00fcc\u00fcs\u00fc, asl\u0131nda erkekler d\u00fcnyas\u0131nda kendi yazg\u0131s\u0131na kendisi egemen olmak isteyen bir kad\u0131n. Ama kendi kaderine h\u00fckmederken, h\u00fck\u00fcmdarlar\u0131n yazg\u0131s\u0131n\u0131 bile de\u011fi\u015ftiriyor ve en parlak d\u00f6nemlerini ya\u015fayan Mugal payitaht\u0131 ile Floransa\u2019n\u0131n toplumsal ya\u015famlar\u0131nda bir d\u00f6n\u00fcm noktas\u0131 oluyor. Floransa B\u00fcy\u00fcc\u00fcs\u00fc, kader, g\u00fczellik, sava\u015flar, t\u0131ls\u0131mlar ve sadakatle \u00f6r\u00fclm\u00fc\u015f bir yolda R\u00f6nesans \u0130talya\u2019s\u0131n\u0131n saraylar\u0131ndan Hindistan\u2019\u0131n uzak k\u0131y\u0131lar\u0131na bir solukta uzanaca\u011f\u0131n\u0131z bir ba\u015fyap\u0131t. \ufffcTan\u0131t\u0131m Metni<\/p>\n","protected":false},"excerpt":{"rendered":"<p>Salman Rushdie\u2019nin Bu kitab\u0131 yazmak i\u00e7in y\u0131llarca okuyup ara\u015ft\u0131rma yapmam gerekti, dedi\u011fi roman, t\u00fcrl\u00fc t\u00fcrl\u00fc anlat\u0131c\u0131lar, gezginler, ser\u00fcvenciler taraf\u0131ndan aktar\u0131lan, Babur \u0130mparatorlu\u011fu ve Osmanl\u0131lar, Mo\u011follar ve<span class=\"excerpt-hellip\"> [\u2026]<\/span><\/p>\n","protected":false},"featured_media":0,"template":"","meta":{"_monsterinsights_skip_tracking":false,"_monsterinsights_sitenote_active":false,"_monsterinsights_sitenote_note":"","_monsterinsights_sitenote_category":0},"product_brand":[],"product_cat":[12291,12711],"product_tag":[],"class_list":{"0":"post-781882","1":"product","2":"type-product","3":"status-publish","5":"product_cat-edebiyat","6":"product_cat-roman-oyku","7":"pa_cilt-ciltsiz","8":"pa_tur-kitap","9":"pa_yayinevi-can-yayinlari","10":"pa_yazar-salman-rushdie","12":"first","13":"instock","14":"sale","15":"shipping-taxable","16":"purchasable","17":"product-type-simple"},"_links":{"self":[{"href":"https:\/\/roveyayinevi.com.tr\/index.php\/wp-json\/wp\/v2\/product\/781882","targetHints":{"allow":["GET"]}}],"collection":[{"href":"https:\/\/roveyayinevi.com.tr\/index.php\/wp-json\/wp\/v2\/product"}],"about":[{"href":"https:\/\/roveyayinevi.com.tr\/index.php\/wp-json\/wp\/v2\/types\/product"}],"wp:attachment":[{"href":"https:\/\/roveyayinevi.com.tr\/index.php\/wp-json\/wp\/v2\/media?parent=781882"}],"wp:term":[{"taxonomy":"product_brand","embeddable":true,"href":"https:\/\/roveyayinevi.com.tr\/index.php\/wp-json\/wp\/v2\/product_brand?post=781882"},{"taxonomy":"product_cat","embeddable":true,"href":"https:\/\/roveyayinevi.com.tr\/index.php\/wp-json\/wp\/v2\/product_cat?post=781882"},{"taxonomy":"product_tag","embeddable":true,"href":"https:\/\/roveyayinevi.com.tr\/index.php\/wp-json\/wp\/v2\/product_tag?post=781882"}],"curies":[{"name":"wp","href":"https:\/\/api.w.org\/{rel}","templated":true}]}}