{"id":781880,"date":"2026-02-01T14:05:47","date_gmt":"2026-02-01T11:05:47","guid":{"rendered":"https:\/\/roveyayinevi.com.tr\/index.php\/urun\/istanbul-istanbul\/"},"modified":"2026-02-03T02:16:43","modified_gmt":"2026-02-02T23:16:43","slug":"istanbul-istanbul","status":"publish","type":"product","link":"https:\/\/roveyayinevi.com.tr\/index.php\/urun\/istanbul-istanbul\/","title":{"rendered":"\u0130stanbul \u0130stanbul"},"content":{"rendered":"<p>\u201cBir \u00e7ocuk karanl\u0131\u011fa kalm\u0131\u015f ve dar sokaklarda y\u00f6n\u00fcn\u00fc \u015fa\u015f\u0131rm\u0131\u015fsa oras\u0131 \u0130stanbul\u2019dur. Eski sevgilisini bulmak i\u00e7in maceraya at\u0131lan gencin, siyah tilki k\u00fcrk\u00fcn\u00fcn pe\u015fine d\u00fc\u015fen avc\u0131n\u0131n, f\u0131rt\u0131nada s\u00fcr\u00fcklenen geminin, d\u00fcnyay\u0131 bir elmas gibi avucuna almak isteyen prensin, boyun e\u011fmemeye yeminli son isyanc\u0131n\u0131n, \u015fark\u0131c\u0131l\u0131k hayaliyle evden ka\u00e7an k\u0131z\u0131n, para babalar\u0131n\u0131n, h\u0131rs\u0131zlar\u0131n ve \u015fairlerin vard\u0131\u011f\u0131 kent \u0130stanbul\u2019dur. Her hik\u00e2ye buray\u0131 anlat\u0131r.\u201d Pus da\u011f\u0131ld\u0131k\u00e7a \u00e7o\u011falan renkleriyle, surlar\u0131, kuleleri, kubbeleriyle \u0130stanbul&#8230; K\u0131rm\u0131z\u0131 bir \u015fal, siyah bir h\u0131rka, Berber Kamo\u2019nun d\u00fckk\u00e2n\u0131, \u015eerafet Bey\u2019in saati, K\u00fcheylan Day\u0131\u2019n\u0131n tabancas\u0131&#8230; Yerin \u00fc\u00e7 kat alt\u0131nda, k\u00fc\u00e7\u00fcc\u00fck bir h\u00fccrede d\u00f6rt adam, titreyip k\u0131vranarak hik\u00e2yeler anlat\u0131yorlar birbirlerine. Kayg\u0131yla ve kahkahayla&#8230; \u0130stanbul\u2019daki zaman\u0131, ge\u00e7mi\u015f ve bug\u00fcn diye ay\u0131rmak yerine, yeralt\u0131ndaki ve yer \u00fcst\u00fcndeki zaman diye ay\u0131rarak, anlat\u0131yorlar. Burhan S\u00f6nmez, ac\u0131n\u0131n ve her \u015feye ra\u011fmen umudun y\u00f6r\u00fcngesinde d\u00f6nen bir kenti, b\u00fcy\u00fck bir romanla yeniden yarat\u0131yor. \u0130stanbul \u0130stanbul&#8230; demir kap\u0131n\u0131n pasl\u0131 sesi&#8230; \u201cac\u0131da herkes yaln\u0131zd\u0131r, sen de \u00e7\u00f6z\u00fcleceksin&#8230;\u201d<\/p>\n","protected":false},"excerpt":{"rendered":"<p>\u201cBir \u00e7ocuk karanl\u0131\u011fa kalm\u0131\u015f ve dar sokaklarda y\u00f6n\u00fcn\u00fc \u015fa\u015f\u0131rm\u0131\u015fsa oras\u0131 \u0130stanbul\u2019dur. Eski sevgilisini bulmak i\u00e7in maceraya at\u0131lan gencin, siyah tilki k\u00fcrk\u00fcn\u00fcn pe\u015fine d\u00fc\u015fen avc\u0131n\u0131n, f\u0131rt\u0131nada s\u00fcr\u00fcklenen<span class=\"excerpt-hellip\"> [\u2026]<\/span><\/p>\n","protected":false},"featured_media":0,"template":"","meta":{"_monsterinsights_skip_tracking":false,"_monsterinsights_sitenote_active":false,"_monsterinsights_sitenote_note":"","_monsterinsights_sitenote_category":0},"product_brand":[],"product_cat":[12291,12711],"product_tag":[],"class_list":{"0":"post-781880","1":"product","2":"type-product","3":"status-publish","5":"product_cat-edebiyat","6":"product_cat-roman-oyku","7":"pa_cilt-ciltsiz","8":"pa_tur-kitap","9":"pa_yayinevi-iletisim-yayinlari","10":"pa_yazar-burhan-sonmez","12":"first","13":"instock","14":"sale","15":"shipping-taxable","16":"purchasable","17":"product-type-simple"},"_links":{"self":[{"href":"https:\/\/roveyayinevi.com.tr\/index.php\/wp-json\/wp\/v2\/product\/781880","targetHints":{"allow":["GET"]}}],"collection":[{"href":"https:\/\/roveyayinevi.com.tr\/index.php\/wp-json\/wp\/v2\/product"}],"about":[{"href":"https:\/\/roveyayinevi.com.tr\/index.php\/wp-json\/wp\/v2\/types\/product"}],"wp:attachment":[{"href":"https:\/\/roveyayinevi.com.tr\/index.php\/wp-json\/wp\/v2\/media?parent=781880"}],"wp:term":[{"taxonomy":"product_brand","embeddable":true,"href":"https:\/\/roveyayinevi.com.tr\/index.php\/wp-json\/wp\/v2\/product_brand?post=781880"},{"taxonomy":"product_cat","embeddable":true,"href":"https:\/\/roveyayinevi.com.tr\/index.php\/wp-json\/wp\/v2\/product_cat?post=781880"},{"taxonomy":"product_tag","embeddable":true,"href":"https:\/\/roveyayinevi.com.tr\/index.php\/wp-json\/wp\/v2\/product_tag?post=781880"}],"curies":[{"name":"wp","href":"https:\/\/api.w.org\/{rel}","templated":true}]}}