{"id":781877,"date":"2026-02-01T14:04:05","date_gmt":"2026-02-01T11:04:05","guid":{"rendered":"https:\/\/roveyayinevi.com.tr\/index.php\/urun\/sans-muzigi\/"},"modified":"2026-04-16T02:08:22","modified_gmt":"2026-04-15T23:08:22","slug":"sans-muzigi","status":"publish","type":"product","link":"https:\/\/roveyayinevi.com.tr\/index.php\/urun\/sans-muzigi\/","title":{"rendered":"\u015eans M\u00fczi\u011fi"},"content":{"rendered":"<p>&#8230; \u015eans M\u00fczi\u011fi, t\u00fcm Amerika k\u0131tas\u0131na yay\u0131lan geni\u015f bir alandan ba\u015flay\u0131p Pennsylvania\u2019daki bir \u00e7ay\u0131rl\u0131kta iki ki\u015finin \u00f6rd\u00fc\u011f\u00fc duvarda noktalan\u0131yor. O iki ki\u015finin bu i\u015fe nas\u0131l bula\u015ft\u0131klar\u0131, i\u015fin ko\u015fullar\u0131, t\u00fcm\u00fcyle \u015fansa ba\u011fl\u0131 bir geli\u015fme. Ancak Paul Auster\u2019\u0131n d\u00fcnyas\u0131nda \u015fans, kimi zaman kazaya, kimi zaman yazg\u0131ya, kimi zaman da iradeye benzeyen de\u011fi\u015fken ve g\u00fc\u00e7l\u00fc bir \u00f6ge. Gerilimle co\u015fkuyu ayn\u0131 anda aktaran \u015eans M\u00fczi\u011fi, her t\u00fcrl\u00fc k\u00f6t\u00fcl\u00fc\u011fe ve haks\u0131zl\u0131\u011fa u\u011frarken, bunlar\u0131n kar\u015f\u0131s\u0131nda bizim de yapabilece\u011fimiz k\u00fc\u00e7\u00fck, ama de\u011ferli \u015feylerin \u00f6yk\u00fcs\u00fc. \ufffcTan\u0131t\u0131m Metni<\/p>\n","protected":false},"excerpt":{"rendered":"<p>&#8230; \u015eans M\u00fczi\u011fi, t\u00fcm Amerika k\u0131tas\u0131na yay\u0131lan geni\u015f bir alandan ba\u015flay\u0131p Pennsylvania\u2019daki bir \u00e7ay\u0131rl\u0131kta iki ki\u015finin \u00f6rd\u00fc\u011f\u00fc duvarda noktalan\u0131yor. O iki ki\u015finin bu i\u015fe nas\u0131l bula\u015ft\u0131klar\u0131,<span class=\"excerpt-hellip\"> [\u2026]<\/span><\/p>\n","protected":false},"featured_media":0,"template":"","meta":{"_monsterinsights_skip_tracking":false,"_monsterinsights_sitenote_active":false,"_monsterinsights_sitenote_note":"","_monsterinsights_sitenote_category":0},"product_brand":[],"product_cat":[12891,12291],"product_tag":[],"class_list":{"0":"post-781877","1":"product","2":"type-product","3":"status-publish","5":"product_cat-amerikan-edebiyati","6":"product_cat-edebiyat","7":"pa_cilt-ciltsiz","8":"pa_tur-kitap","9":"pa_yayinevi-can-yayinlari","10":"pa_yazar-paul-auster","12":"first","13":"instock","14":"sale","15":"shipping-taxable","16":"purchasable","17":"product-type-simple"},"_links":{"self":[{"href":"https:\/\/roveyayinevi.com.tr\/index.php\/wp-json\/wp\/v2\/product\/781877","targetHints":{"allow":["GET"]}}],"collection":[{"href":"https:\/\/roveyayinevi.com.tr\/index.php\/wp-json\/wp\/v2\/product"}],"about":[{"href":"https:\/\/roveyayinevi.com.tr\/index.php\/wp-json\/wp\/v2\/types\/product"}],"wp:attachment":[{"href":"https:\/\/roveyayinevi.com.tr\/index.php\/wp-json\/wp\/v2\/media?parent=781877"}],"wp:term":[{"taxonomy":"product_brand","embeddable":true,"href":"https:\/\/roveyayinevi.com.tr\/index.php\/wp-json\/wp\/v2\/product_brand?post=781877"},{"taxonomy":"product_cat","embeddable":true,"href":"https:\/\/roveyayinevi.com.tr\/index.php\/wp-json\/wp\/v2\/product_cat?post=781877"},{"taxonomy":"product_tag","embeddable":true,"href":"https:\/\/roveyayinevi.com.tr\/index.php\/wp-json\/wp\/v2\/product_tag?post=781877"}],"curies":[{"name":"wp","href":"https:\/\/api.w.org\/{rel}","templated":true}]}}