{"id":781873,"date":"2026-02-01T14:02:03","date_gmt":"2026-02-01T11:02:03","guid":{"rendered":"https:\/\/roveyayinevi.com.tr\/index.php\/urun\/olumun-tam-zamani\/"},"modified":"2026-02-03T02:09:47","modified_gmt":"2026-02-02T23:09:47","slug":"olumun-tam-zamani","status":"publish","type":"product","link":"https:\/\/roveyayinevi.com.tr\/index.php\/urun\/olumun-tam-zamani\/","title":{"rendered":"\u00d6l\u00fcm\u00fcn Tam Zaman\u0131"},"content":{"rendered":"<p>&#8230; Bay Satterthwaite altm\u0131\u015f iki ya\u015f\u0131ndayd\u0131, biraz kamburu \u00e7\u0131km\u0131\u015f, kupkuru bir adamd\u0131. Merak dolu y\u00fcz\u00fc garip bi\u00e7imde sanki cinmi\u015f gibi bir ifade ta\u015f\u0131rd\u0131. Ba\u015fkalar\u0131n\u0131n ya\u015famlar\u0131na kar\u015f\u0131 olduk\u00e7a yo\u011fun bir ilgi duyard\u0131. S\u00f6z\u00fcn geli\u015fi b\u00fct\u00fcn ya\u015fam\u0131 boyunca \u00f6n s\u0131rada oturmu\u015f ve g\u00f6zlerinin \u00f6n\u00fcnde sergilenen insana ili\u015fkin b\u00fct\u00fcn dramlar\u0131 seyretmi\u015fti. Her zaman bir seyirci rol\u00fc oynam\u0131\u015ft\u0131. Ama \u015fimdi, ya\u015fl\u0131l\u0131k onu pen\u00e7esine ald\u0131\u011f\u0131 i\u00e7in art\u0131k hi\u00e7bir \u015feyi be\u011fenmez olmu\u015ftu. Art\u0131k daha farkl\u0131 \u015feyler istiyordu&#8230;<\/p>\n","protected":false},"excerpt":{"rendered":"<p>&#8230; Bay Satterthwaite altm\u0131\u015f iki ya\u015f\u0131ndayd\u0131, biraz kamburu \u00e7\u0131km\u0131\u015f, kupkuru bir adamd\u0131. Merak dolu y\u00fcz\u00fc garip bi\u00e7imde sanki cinmi\u015f gibi bir ifade ta\u015f\u0131rd\u0131. Ba\u015fkalar\u0131n\u0131n ya\u015famlar\u0131na kar\u015f\u0131<span class=\"excerpt-hellip\"> [\u2026]<\/span><\/p>\n","protected":false},"featured_media":0,"template":"","meta":{"_monsterinsights_skip_tracking":false,"_monsterinsights_sitenote_active":false,"_monsterinsights_sitenote_note":"","_monsterinsights_sitenote_category":0},"product_brand":[],"product_cat":[12291,12866],"product_tag":[],"class_list":{"0":"post-781873","1":"product","2":"type-product","3":"status-publish","5":"product_cat-edebiyat","6":"product_cat-ingiliz-edebiyati","7":"pa_cilt-ciltsiz","8":"pa_tur-kitap","9":"pa_yayinevi-altin-kitaplar","10":"pa_yazar-agatha-christie","12":"first","13":"instock","14":"sale","15":"shipping-taxable","16":"purchasable","17":"product-type-simple"},"_links":{"self":[{"href":"https:\/\/roveyayinevi.com.tr\/index.php\/wp-json\/wp\/v2\/product\/781873","targetHints":{"allow":["GET"]}}],"collection":[{"href":"https:\/\/roveyayinevi.com.tr\/index.php\/wp-json\/wp\/v2\/product"}],"about":[{"href":"https:\/\/roveyayinevi.com.tr\/index.php\/wp-json\/wp\/v2\/types\/product"}],"wp:attachment":[{"href":"https:\/\/roveyayinevi.com.tr\/index.php\/wp-json\/wp\/v2\/media?parent=781873"}],"wp:term":[{"taxonomy":"product_brand","embeddable":true,"href":"https:\/\/roveyayinevi.com.tr\/index.php\/wp-json\/wp\/v2\/product_brand?post=781873"},{"taxonomy":"product_cat","embeddable":true,"href":"https:\/\/roveyayinevi.com.tr\/index.php\/wp-json\/wp\/v2\/product_cat?post=781873"},{"taxonomy":"product_tag","embeddable":true,"href":"https:\/\/roveyayinevi.com.tr\/index.php\/wp-json\/wp\/v2\/product_tag?post=781873"}],"curies":[{"name":"wp","href":"https:\/\/api.w.org\/{rel}","templated":true}]}}