{"id":781872,"date":"2026-02-01T14:01:42","date_gmt":"2026-02-01T11:01:42","guid":{"rendered":"https:\/\/roveyayinevi.com.tr\/index.php\/urun\/cilginligin-otesi\/"},"modified":"2026-02-03T02:09:46","modified_gmt":"2026-02-02T23:09:46","slug":"cilginligin-otesi","status":"publish","type":"product","link":"https:\/\/roveyayinevi.com.tr\/index.php\/urun\/cilginligin-otesi\/","title":{"rendered":"\u00c7\u0131lg\u0131nl\u0131\u011f\u0131n \u00d6tesi"},"content":{"rendered":"<p>Korunmas\u0131z bir kad\u0131n i\u00e7in ya\u015fad\u0131\u011f\u0131m\u0131z bu deh\u015fet dolu d\u00fcnyada var olman\u0131n zorlu\u011funu tahmin edenleriniz vard\u0131r mutlaka. Siz de Rose gibi k\u00f6t\u00fcl\u00fck timsali bir kocaya sahipseniz t\u00fcm \u00e7\u0131k\u0131\u015f yollar\u0131n\u0131z tek bir noktada birle\u015fecektir: Ka\u00e7\u0131\u015fta!&#8230; Ancak Rose, di\u011fer kader arkada\u015flar\u0131ndan farkl\u0131 olarak, adeta bir avc\u0131 gibi izini s\u00fcren kocas\u0131n\u0131n art\u0131k akl\u0131n\u0131n s\u0131n\u0131rlar\u0131n\u0131 \u00e7oktan a\u015ft\u0131\u011f\u0131n\u0131 ve \u00e7\u0131lg\u0131nl\u0131\u011f\u0131n \u00f6tesine ge\u00e7ti\u011fini biliyordu. Gen\u00e7 kad\u0131n, ald\u0131\u011f\u0131 her solukta tehlikeli bir d\u00f6nme dolaba binmi\u015f gibi ya\u015famla \u00f6l\u00fcm, hayalle ger\u00e7ek aras\u0131nda d\u00f6n\u00fcp duruyor; gitgide yakla\u015fmakta olan sonun kendisini nerede bulaca\u011f\u0131n\u0131 bilmiyordu&#8230; Delili\u011fin s\u0131n\u0131r\u0131nda bir yerlerde Rose sizi bekliyor&#8230;\u2022 \u2022 \u2022\u201c\u0130nan\u0131lmaz yetenekli bir yazar.\u201d Guardian \u201cUsta bir romanc\u0131&#8230;King modern romanc\u0131l\u0131\u011f\u0131n en \u00fcretken yazarlar\u0131ndan biri&#8230;Muhte\u015fem bir gerilim roman\u0131.\u201dThe Sunday Times \u201cG\u00f6rkemli bir eser&#8230; Stephen King do\u011fu\u015ftan romanc\u0131&#8230;M\u00fcptelas\u0131 olmamak elde de\u011fil.\u201dFrances Fyfield, Express\u201cDerin edebi k\u00fclt\u00fcre sahip usta bir yazar.\u201d Observer \u201cGer\u00e7ek bir usta.\u201dDaily Telegraph <\/p>\n","protected":false},"excerpt":{"rendered":"<p>Korunmas\u0131z bir kad\u0131n i\u00e7in ya\u015fad\u0131\u011f\u0131m\u0131z bu deh\u015fet dolu d\u00fcnyada var olman\u0131n zorlu\u011funu tahmin edenleriniz vard\u0131r mutlaka. Siz de Rose gibi k\u00f6t\u00fcl\u00fck timsali bir kocaya sahipseniz t\u00fcm<span class=\"excerpt-hellip\"> [\u2026]<\/span><\/p>\n","protected":false},"featured_media":0,"template":"","meta":{"_monsterinsights_skip_tracking":false,"_monsterinsights_sitenote_active":false,"_monsterinsights_sitenote_note":"","_monsterinsights_sitenote_category":0},"product_brand":[],"product_cat":[12291,17033],"product_tag":[],"class_list":{"0":"post-781872","1":"product","2":"type-product","3":"status-publish","5":"product_cat-edebiyat","6":"product_cat-korku-gerilim","7":"pa_cilt-ciltsiz","8":"pa_tur-kitap","9":"pa_yayinevi-altin-kitaplar","10":"pa_yazar-stephen-king","12":"first","13":"instock","14":"sale","15":"shipping-taxable","16":"purchasable","17":"product-type-simple"},"_links":{"self":[{"href":"https:\/\/roveyayinevi.com.tr\/index.php\/wp-json\/wp\/v2\/product\/781872","targetHints":{"allow":["GET"]}}],"collection":[{"href":"https:\/\/roveyayinevi.com.tr\/index.php\/wp-json\/wp\/v2\/product"}],"about":[{"href":"https:\/\/roveyayinevi.com.tr\/index.php\/wp-json\/wp\/v2\/types\/product"}],"wp:attachment":[{"href":"https:\/\/roveyayinevi.com.tr\/index.php\/wp-json\/wp\/v2\/media?parent=781872"}],"wp:term":[{"taxonomy":"product_brand","embeddable":true,"href":"https:\/\/roveyayinevi.com.tr\/index.php\/wp-json\/wp\/v2\/product_brand?post=781872"},{"taxonomy":"product_cat","embeddable":true,"href":"https:\/\/roveyayinevi.com.tr\/index.php\/wp-json\/wp\/v2\/product_cat?post=781872"},{"taxonomy":"product_tag","embeddable":true,"href":"https:\/\/roveyayinevi.com.tr\/index.php\/wp-json\/wp\/v2\/product_tag?post=781872"}],"curies":[{"name":"wp","href":"https:\/\/api.w.org\/{rel}","templated":true}]}}