{"id":781871,"date":"2026-02-01T14:01:36","date_gmt":"2026-02-01T11:01:36","guid":{"rendered":"https:\/\/roveyayinevi.com.tr\/index.php\/urun\/altin-sozluk-golden-dictionary-ingilizce-turkce-turkce-ingilizce\/"},"modified":"2026-04-16T02:06:22","modified_gmt":"2026-04-15T23:06:22","slug":"altin-sozluk-golden-dictionary-ingilizce-turkce-turkce-ingilizce","status":"publish","type":"product","link":"https:\/\/roveyayinevi.com.tr\/index.php\/urun\/altin-sozluk-golden-dictionary-ingilizce-turkce-turkce-ingilizce\/","title":{"rendered":"Alt\u0131n S\u00f6zl\u00fck Golden Dictionary \u0130ngilizce &#8211; T\u00fcrk\u00e7e T\u00fcrk\u00e7e &#8211; \u0130ngilizce"},"content":{"rendered":"<p>T\u00fcm anlamlar\u0131 verilmi\u015f 75.000\u2019den fazla \u0130ngilizce ve T\u00fcrk\u00e7e s\u00f6zc\u00fck ve deyim 125.000\u2019i a\u015fk\u0131n tan\u0131m ve a\u00e7\u0131klama. Golden Dictionary g\u00fcn\u00fcm\u00fcz gereksinimlerini kar\u015f\u0131lamak amac\u0131yla \u00f6zel olarak haz\u0131rlanm\u0131\u015f yepyeni do\u011fru ve g\u00fcvenilir bir s\u00f6zl\u00fckt\u00fcr. Argo ve halk dilinin g\u00fcnl\u00fck ya\u015fama girmi\u015f s\u00f6zc\u00fckleri ile \u0130ngilizcedeki yeni deyimler, teknik ve bilimsel terimler, atas\u00f6zleri, uluslararas\u0131 k\u0131saltmalar bu s\u00f6zl\u00fc\u011fe ayr\u0131 bir \u00f6nem ve de\u011fer kazand\u0131rm\u0131\u015ft\u0131r. Ayr\u0131ca \u00f6rnek c\u00fcmlelere s\u0131k s\u0131k yer verilmi\u015f ve d\u00fczensiz fiillerin tam listesi s\u00f6zl\u00fc\u011fe eklenmi\u015ftir. Golden Dictionary bu nitelikleriyle t\u00fcm okul, b\u00fcro ve evlerde bulunmas\u0131 gereken, \u00f6\u011fretmenlerin, \u00f6\u011frencilerin, \u00e7evirmen ve ayd\u0131nlar\u0131n, k\u0131sacas\u0131 \u0130ngilizce ile ilgilenen herkesin g\u00fcvenle ba\u015fvuraca\u011f\u0131 e\u015fsiz bir kaynakt\u0131r.<\/p>\n","protected":false},"excerpt":{"rendered":"<p>T\u00fcm anlamlar\u0131 verilmi\u015f 75.000\u2019den fazla \u0130ngilizce ve T\u00fcrk\u00e7e s\u00f6zc\u00fck ve deyim 125.000\u2019i a\u015fk\u0131n tan\u0131m ve a\u00e7\u0131klama. Golden Dictionary g\u00fcn\u00fcm\u00fcz gereksinimlerini kar\u015f\u0131lamak amac\u0131yla \u00f6zel olarak haz\u0131rlanm\u0131\u015f yepyeni<span class=\"excerpt-hellip\"> [\u2026]<\/span><\/p>\n","protected":false},"featured_media":0,"template":"","meta":{"_monsterinsights_skip_tracking":false,"_monsterinsights_sitenote_active":false,"_monsterinsights_sitenote_note":"","_monsterinsights_sitenote_category":0},"product_brand":[],"product_cat":[12566,15788,13611],"product_tag":[],"class_list":{"0":"post-781871","1":"product","2":"type-product","3":"status-publish","5":"product_cat-egitim","6":"product_cat-ingilizce-sozlukler","7":"product_cat-sozlukler-ve-konusma-kilavuzlari","8":"pa_cilt-ciltsiz","9":"pa_tur-kitap","10":"pa_yayinevi-altin-kitaplar","11":"pa_yazar-gulsevin-taspinar","13":"first","14":"instock","15":"sale","16":"shipping-taxable","17":"purchasable","18":"product-type-simple"},"_links":{"self":[{"href":"https:\/\/roveyayinevi.com.tr\/index.php\/wp-json\/wp\/v2\/product\/781871","targetHints":{"allow":["GET"]}}],"collection":[{"href":"https:\/\/roveyayinevi.com.tr\/index.php\/wp-json\/wp\/v2\/product"}],"about":[{"href":"https:\/\/roveyayinevi.com.tr\/index.php\/wp-json\/wp\/v2\/types\/product"}],"wp:attachment":[{"href":"https:\/\/roveyayinevi.com.tr\/index.php\/wp-json\/wp\/v2\/media?parent=781871"}],"wp:term":[{"taxonomy":"product_brand","embeddable":true,"href":"https:\/\/roveyayinevi.com.tr\/index.php\/wp-json\/wp\/v2\/product_brand?post=781871"},{"taxonomy":"product_cat","embeddable":true,"href":"https:\/\/roveyayinevi.com.tr\/index.php\/wp-json\/wp\/v2\/product_cat?post=781871"},{"taxonomy":"product_tag","embeddable":true,"href":"https:\/\/roveyayinevi.com.tr\/index.php\/wp-json\/wp\/v2\/product_tag?post=781871"}],"curies":[{"name":"wp","href":"https:\/\/api.w.org\/{rel}","templated":true}]}}