{"id":781865,"date":"2026-02-01T13:59:05","date_gmt":"2026-02-01T10:59:05","guid":{"rendered":"https:\/\/roveyayinevi.com.tr\/index.php\/urun\/aritmetigin-temelleri\/"},"modified":"2026-02-03T02:05:47","modified_gmt":"2026-02-02T23:05:47","slug":"aritmetigin-temelleri","status":"publish","type":"product","link":"https:\/\/roveyayinevi.com.tr\/index.php\/urun\/aritmetigin-temelleri\/","title":{"rendered":"Aritmeti\u011fin Temelleri"},"content":{"rendered":"<p>Modern simgesel mant\u0131\u011f\u0131n ve analitik felsefesinin kurucusu say\u0131lan Gottlob Frege&#8217;nin (1848-1925) ba\u015fyap\u0131t\u0131 Aritmeti\u011fin Temelleri, Say\u0131 Kavram\u0131 \u00dczerine Mant\u0131ksal &#8211; Matematiksel bir \u0130nceleme, T\u00fcrk\u00e7ede. Matemati\u011fin mant\u0131\u011f\u0131n uygulama alan\u0131 oldu\u011fu g\u00f6r\u00fc\u015f\u00fcnden hareketle matemati\u011fin, mant\u0131\u011f\u0131n aksiyomatik sistemi \u00fczerine kurulabilece\u011fini d\u00fc\u015f\u00fcnen Frege, bu \u00e7al\u0131\u015fmas\u0131nda aritmeti\u011fin temelleri \u00fczerine felsefi \u00e7al\u0131\u015fmalar\u0131 i\u00e7in bir mant\u0131k sistemi geli\u015fmi\u015ftir. Bat\u0131 uygarl\u0131\u011f\u0131nda say\u0131 kavram\u0131 \u00fczerine en kapsaml\u0131 ilk inceleme olan eser, B\u00fclent G\u00f6zkan&#8217;\u0131n \u00f6zenli \u00e7evirisiyle dilimize kazand\u0131r\u0131ld\u0131. \ufffcTan\u0131t\u0131m Metni<\/p>\n","protected":false},"excerpt":{"rendered":"<p>Modern simgesel mant\u0131\u011f\u0131n ve analitik felsefesinin kurucusu say\u0131lan Gottlob Frege&#8217;nin (1848-1925) ba\u015fyap\u0131t\u0131 Aritmeti\u011fin Temelleri, Say\u0131 Kavram\u0131 \u00dczerine Mant\u0131ksal &#8211; Matematiksel bir \u0130nceleme, T\u00fcrk\u00e7ede. Matemati\u011fin mant\u0131\u011f\u0131n uygulama<span class=\"excerpt-hellip\"> [\u2026]<\/span><\/p>\n","protected":false},"featured_media":0,"template":"","meta":{"_monsterinsights_skip_tracking":false,"_monsterinsights_sitenote_active":false,"_monsterinsights_sitenote_note":"","_monsterinsights_sitenote_category":0},"product_brand":[],"product_cat":[12389,12388],"product_tag":[],"class_list":{"0":"post-781865","1":"product","2":"type-product","3":"status-publish","5":"product_cat-diger-felsefe","6":"product_cat-felsefe","7":"pa_cilt-ciltsiz","8":"pa_tur-kitap","9":"pa_yayinevi-yapi-kredi-yayinlari","10":"pa_yazar-gottlob-frege","12":"first","13":"instock","14":"sale","15":"shipping-taxable","16":"purchasable","17":"product-type-simple"},"_links":{"self":[{"href":"https:\/\/roveyayinevi.com.tr\/index.php\/wp-json\/wp\/v2\/product\/781865","targetHints":{"allow":["GET"]}}],"collection":[{"href":"https:\/\/roveyayinevi.com.tr\/index.php\/wp-json\/wp\/v2\/product"}],"about":[{"href":"https:\/\/roveyayinevi.com.tr\/index.php\/wp-json\/wp\/v2\/types\/product"}],"wp:attachment":[{"href":"https:\/\/roveyayinevi.com.tr\/index.php\/wp-json\/wp\/v2\/media?parent=781865"}],"wp:term":[{"taxonomy":"product_brand","embeddable":true,"href":"https:\/\/roveyayinevi.com.tr\/index.php\/wp-json\/wp\/v2\/product_brand?post=781865"},{"taxonomy":"product_cat","embeddable":true,"href":"https:\/\/roveyayinevi.com.tr\/index.php\/wp-json\/wp\/v2\/product_cat?post=781865"},{"taxonomy":"product_tag","embeddable":true,"href":"https:\/\/roveyayinevi.com.tr\/index.php\/wp-json\/wp\/v2\/product_tag?post=781865"}],"curies":[{"name":"wp","href":"https:\/\/api.w.org\/{rel}","templated":true}]}}