{"id":781864,"date":"2026-02-01T13:56:20","date_gmt":"2026-02-01T10:56:20","guid":{"rendered":"https:\/\/roveyayinevi.com.tr\/index.php\/urun\/yillar-2\/"},"modified":"2026-02-03T02:01:52","modified_gmt":"2026-02-02T23:01:52","slug":"yillar-2","status":"publish","type":"product","link":"https:\/\/roveyayinevi.com.tr\/index.php\/urun\/yillar-2\/","title":{"rendered":"Y\u0131llar"},"content":{"rendered":"<p>Y\u0131llar, tipik bir \u0130ngiliz orta s\u0131n\u0131f ailesi olan Pargiter&#8217;lerin 1880&#8217;lerden ba\u015flay\u0131p 1930&#8217;lar\u0131n sonuna uzanan hik\u00e2yesine odaklan\u0131yor. Viktorya d\u00f6nemi yasaklar\u0131, ataerkil toplumun bask\u0131s\u0131, Birinci D\u00fcnya Sava\u015f\u0131, kapitalizm ve \u00fczerinde g\u00fcne\u015f batmayan bir  \u0130mparatorluk un alt\u0131nda ezilen \u00fc\u00e7 ku\u015fa\u011f\u0131n bireylerini birbiri ard\u0131na sahneye \u00e7\u0131kart\u0131yor. Durmaks\u0131z\u0131n de\u011fi\u015fen bak\u0131\u015f a\u00e7\u0131lar\u0131, \u00fctopik say\u0131labilecek bir insanseverlik ile k\u0131yas\u0131ya ele\u015ftirilen d\u00fczenden kaynaklanan \u00e7aresizlik,  \u00f6zg\u00fcrl\u00fck ve adaletin  ger\u00e7ekten m\u00fcmk\u00fcn oldu\u011fu bir topluma duyulan \u00f6zlemin yans\u0131d\u0131\u011f\u0131 sat\u0131rlarda yan yana geliyor. Elli y\u0131ll\u0131k bir zaman dilimini kapsayan aile tarihinden hareketle tek tek bireylerin ve b\u00fct\u00fcn toplumun gelgitleri g\u00f6zler \u00f6n\u00fcne seriliyor. Woolf, \u00e7e\u015fitli yaz\u0131n teknikleri kullanarak Y\u0131llar&#8217;la birlikte yeni bir t\u00fcr ger\u00e7ek\u00e7ilik yarat\u0131yor. Y\u0131llar\u0131n deneyiminden s\u00fcz\u00fcl\u00fcp gelen zengin roman\u0131 hakk\u0131nda Woolf&#8217;un kendisi \u015funlar\u0131 yaz\u0131yor.  Elbette ki di\u011ferlerinden farkl\u0131: \u0130\u00e7inde daha fazla &#8216;ger\u00e7ek&#8217; ya\u015fam, daha fazla kan ve can var.  Y\u0131llar, yay\u0131mland\u0131\u011f\u0131 d\u00f6nemde yazar\u0131n en \u00e7ok okunan roman\u0131 olmu\u015f, ele\u015ftirel deneme ve roman formunu tek potada eritmeyi ba\u015farm\u0131\u015f bir eser. <\/p>\n","protected":false},"excerpt":{"rendered":"<p>Y\u0131llar, tipik bir \u0130ngiliz orta s\u0131n\u0131f ailesi olan Pargiter&#8217;lerin 1880&#8217;lerden ba\u015flay\u0131p 1930&#8217;lar\u0131n sonuna uzanan hik\u00e2yesine odaklan\u0131yor. Viktorya d\u00f6nemi yasaklar\u0131, ataerkil toplumun bask\u0131s\u0131, Birinci D\u00fcnya Sava\u015f\u0131, kapitalizm<span class=\"excerpt-hellip\"> [\u2026]<\/span><\/p>\n","protected":false},"featured_media":0,"template":"","meta":{"_monsterinsights_skip_tracking":false,"_monsterinsights_sitenote_active":false,"_monsterinsights_sitenote_note":"","_monsterinsights_sitenote_category":0},"product_brand":[],"product_cat":[12291,12866],"product_tag":[],"class_list":{"0":"post-781864","1":"product","2":"type-product","3":"status-publish","5":"product_cat-edebiyat","6":"product_cat-ingiliz-edebiyati","7":"pa_tur-kitap","8":"pa_yayinevi-kirmizi-kedi-yayinevi","9":"pa_yazar-virginia-woolf","11":"first","12":"instock","13":"sale","14":"shipping-taxable","15":"purchasable","16":"product-type-simple"},"_links":{"self":[{"href":"https:\/\/roveyayinevi.com.tr\/index.php\/wp-json\/wp\/v2\/product\/781864","targetHints":{"allow":["GET"]}}],"collection":[{"href":"https:\/\/roveyayinevi.com.tr\/index.php\/wp-json\/wp\/v2\/product"}],"about":[{"href":"https:\/\/roveyayinevi.com.tr\/index.php\/wp-json\/wp\/v2\/types\/product"}],"wp:attachment":[{"href":"https:\/\/roveyayinevi.com.tr\/index.php\/wp-json\/wp\/v2\/media?parent=781864"}],"wp:term":[{"taxonomy":"product_brand","embeddable":true,"href":"https:\/\/roveyayinevi.com.tr\/index.php\/wp-json\/wp\/v2\/product_brand?post=781864"},{"taxonomy":"product_cat","embeddable":true,"href":"https:\/\/roveyayinevi.com.tr\/index.php\/wp-json\/wp\/v2\/product_cat?post=781864"},{"taxonomy":"product_tag","embeddable":true,"href":"https:\/\/roveyayinevi.com.tr\/index.php\/wp-json\/wp\/v2\/product_tag?post=781864"}],"curies":[{"name":"wp","href":"https:\/\/api.w.org\/{rel}","templated":true}]}}