{"id":781861,"date":"2026-02-01T13:53:58","date_gmt":"2026-02-01T10:53:58","guid":{"rendered":"https:\/\/roveyayinevi.com.tr\/index.php\/urun\/dusuk-kalorili-az-yagli-tarifler\/"},"modified":"2026-02-03T02:00:49","modified_gmt":"2026-02-02T23:00:49","slug":"dusuk-kalorili-az-yagli-tarifler","status":"publish","type":"product","link":"https:\/\/roveyayinevi.com.tr\/index.php\/urun\/dusuk-kalorili-az-yagli-tarifler\/","title":{"rendered":"D\u00fc\u015f\u00fck Kalorili Az Ya\u011fl\u0131 Tarifler"},"content":{"rendered":"<p>Aperitifler, \u00e7orbalar, ana yemekler, garnit\u00fcrler, salatalar, makarnalar, tatl\u0131lar, pastalar ve hamuri\u015flerini i\u00e7eren, her \u00f6zel duruma uygun lezzetli, ba\u015ftan \u00e7\u0131kar\u0131c\u0131 tarifler&#8230; <\/p>\n","protected":false},"excerpt":{"rendered":"<p>Aperitifler, \u00e7orbalar, ana yemekler, garnit\u00fcrler, salatalar, makarnalar, tatl\u0131lar, pastalar ve hamuri\u015flerini i\u00e7eren, her \u00f6zel duruma uygun lezzetli, ba\u015ftan \u00e7\u0131kar\u0131c\u0131 tarifler&#8230;<\/p>\n","protected":false},"featured_media":0,"template":"","meta":{"_monsterinsights_skip_tracking":false,"_monsterinsights_sitenote_active":false,"_monsterinsights_sitenote_note":"","_monsterinsights_sitenote_category":0},"product_brand":[],"product_cat":[12409,12408],"product_tag":[],"class_list":{"0":"post-781861","1":"product","2":"type-product","3":"status-publish","5":"product_cat-fotograf-sinema-tiyatro","6":"product_cat-sanat","7":"pa_cilt-ciltli","8":"pa_tur-kitap","9":"pa_yayinevi-is-bankasi-kultur-yayinlari","10":"pa_yazar-anne-sheasby","12":"first","13":"instock","14":"sale","15":"shipping-taxable","16":"purchasable","17":"product-type-simple"},"_links":{"self":[{"href":"https:\/\/roveyayinevi.com.tr\/index.php\/wp-json\/wp\/v2\/product\/781861","targetHints":{"allow":["GET"]}}],"collection":[{"href":"https:\/\/roveyayinevi.com.tr\/index.php\/wp-json\/wp\/v2\/product"}],"about":[{"href":"https:\/\/roveyayinevi.com.tr\/index.php\/wp-json\/wp\/v2\/types\/product"}],"wp:attachment":[{"href":"https:\/\/roveyayinevi.com.tr\/index.php\/wp-json\/wp\/v2\/media?parent=781861"}],"wp:term":[{"taxonomy":"product_brand","embeddable":true,"href":"https:\/\/roveyayinevi.com.tr\/index.php\/wp-json\/wp\/v2\/product_brand?post=781861"},{"taxonomy":"product_cat","embeddable":true,"href":"https:\/\/roveyayinevi.com.tr\/index.php\/wp-json\/wp\/v2\/product_cat?post=781861"},{"taxonomy":"product_tag","embeddable":true,"href":"https:\/\/roveyayinevi.com.tr\/index.php\/wp-json\/wp\/v2\/product_tag?post=781861"}],"curies":[{"name":"wp","href":"https:\/\/api.w.org\/{rel}","templated":true}]}}