{"id":781859,"date":"2026-02-01T13:53:47","date_gmt":"2026-02-01T10:53:47","guid":{"rendered":"https:\/\/roveyayinevi.com.tr\/index.php\/urun\/bilinmeyen-bir-kadinin-mektubu-ciltli\/"},"modified":"2026-02-03T02:00:43","modified_gmt":"2026-02-02T23:00:43","slug":"bilinmeyen-bir-kadinin-mektubu-ciltli","status":"publish","type":"product","link":"https:\/\/roveyayinevi.com.tr\/index.php\/urun\/bilinmeyen-bir-kadinin-mektubu-ciltli\/","title":{"rendered":"Bilinmeyen Bir Kad\u0131n\u0131n Mektubu -Ciltli"},"content":{"rendered":"<p>Stefan Zweig Bilinmeyen Bir Kad\u0131n\u0131n Mektubu (Brief einer Unbekannten) adl\u0131 uzun \u00f6yk\u00fcs\u00fcn\u00fc 1920\u2019li y\u0131llar\u0131n ilk yar\u0131s\u0131nda kaleme ald\u0131. Bilinmeyen Bir Kad\u0131n\u0131n Mektubu\u2019nun kad\u0131n kahraman\u0131n\u0131 sadece uzun bir mektubun yazar\u0131 olarak tan\u0131yoruz. Kad\u0131n\u0131n hayat\u0131 boyunca sevmi\u015f oldu\u011fu erkek i\u00e7in kaleme ald\u0131\u011f\u0131 bu mektubun g\u00f6nderen inin ad\u0131 yoktur. Mektubun ba\u015f\u0131nda tek bir hitap vard\u0131r: Sana, beni asla tan\u0131mam\u0131\u015f olan sana . Kad\u0131n b\u00fcy\u00fck tutkusunu hep bir bilinmeyen olarak, yani tek ba\u015f\u0131na ya\u015famaya raz\u0131d\u0131r, bu a\u015fk \u00f6yk\u00fcs\u00fcnde taraflar de\u011fil, sadece tek bir taraf vard\u0131r. B\u00f6ylesine, ger\u00e7ek anlamda a\u015fk denilebilir mi? Zweig okurunu, bir kez daha, insan psikolojisinde e\u015fine pek rastlanmayan bir yolculu\u011fa davet ediyor. Bu yeni yolculu\u011fun sonunda mutlak a\u015fk kavram\u0131n\u0131n \u015fimdiye kadar bilinmeyen k\u0131y\u0131lar\u0131na varmay\u0131 ama\u00e7lam\u0131\u015f olmas\u0131 da bir ihtimal!<\/p>\n","protected":false},"excerpt":{"rendered":"<p>Stefan Zweig Bilinmeyen Bir Kad\u0131n\u0131n Mektubu (Brief einer Unbekannten) adl\u0131 uzun \u00f6yk\u00fcs\u00fcn\u00fc 1920\u2019li y\u0131llar\u0131n ilk yar\u0131s\u0131nda kaleme ald\u0131. Bilinmeyen Bir Kad\u0131n\u0131n Mektubu\u2019nun kad\u0131n kahraman\u0131n\u0131 sadece uzun<span class=\"excerpt-hellip\"> [\u2026]<\/span><\/p>\n","protected":false},"featured_media":0,"template":"","meta":{"_monsterinsights_skip_tracking":false,"_monsterinsights_sitenote_active":false,"_monsterinsights_sitenote_note":"","_monsterinsights_sitenote_category":0},"product_brand":[],"product_cat":[12782,12291],"product_tag":[],"class_list":{"0":"post-781859","1":"product","2":"type-product","3":"status-publish","5":"product_cat-alman-edebiyati","6":"product_cat-edebiyat","7":"pa_cilt-ciltli","8":"pa_tur-kitap","9":"pa_yayinevi-is-bankasi-kultur-yayinlari","10":"pa_yazar-stefan-zweig","12":"first","13":"instock","14":"sale","15":"shipping-taxable","16":"purchasable","17":"product-type-simple"},"_links":{"self":[{"href":"https:\/\/roveyayinevi.com.tr\/index.php\/wp-json\/wp\/v2\/product\/781859","targetHints":{"allow":["GET"]}}],"collection":[{"href":"https:\/\/roveyayinevi.com.tr\/index.php\/wp-json\/wp\/v2\/product"}],"about":[{"href":"https:\/\/roveyayinevi.com.tr\/index.php\/wp-json\/wp\/v2\/types\/product"}],"wp:attachment":[{"href":"https:\/\/roveyayinevi.com.tr\/index.php\/wp-json\/wp\/v2\/media?parent=781859"}],"wp:term":[{"taxonomy":"product_brand","embeddable":true,"href":"https:\/\/roveyayinevi.com.tr\/index.php\/wp-json\/wp\/v2\/product_brand?post=781859"},{"taxonomy":"product_cat","embeddable":true,"href":"https:\/\/roveyayinevi.com.tr\/index.php\/wp-json\/wp\/v2\/product_cat?post=781859"},{"taxonomy":"product_tag","embeddable":true,"href":"https:\/\/roveyayinevi.com.tr\/index.php\/wp-json\/wp\/v2\/product_tag?post=781859"}],"curies":[{"name":"wp","href":"https:\/\/api.w.org\/{rel}","templated":true}]}}