{"id":781848,"date":"2026-01-30T04:21:02","date_gmt":"2026-01-30T01:21:02","guid":{"rendered":"https:\/\/roveyayinevi.com.tr\/index.php\/urun\/koygocuren-2\/"},"modified":"2026-04-15T03:46:09","modified_gmt":"2026-04-15T00:46:09","slug":"koygocuren-2","status":"publish","type":"product","link":"https:\/\/roveyayinevi.com.tr\/index.php\/urun\/koygocuren-2\/","title":{"rendered":"K\u00f6yg\u00f6\u00e7\u00fcren 2"},"content":{"rendered":"<p>K\u00f6yg\u00f6\u00e7\u00fcren\u2026 Uzun zamand\u0131r an\u0131lmayan bu isim, y\u0131llard\u0131r birbirine tek bir kur\u015fun s\u0131kmam\u0131\u015f iki ailenin tekrar \u00e7at\u0131\u015fmas\u0131yla, bir f\u0131s\u0131lt\u0131 gibi k\u00f6yde dola\u015fmaya ba\u015flam\u0131\u015ft\u0131. Tarih tekerr\u00fcrden ibaretti; eskiden nas\u0131l Nezihler ve G\u00f6rg\u00fcl\u00fcler bir kad\u0131n u\u011fruna birbirine d\u00fc\u015fm\u00fc\u015fse, \u015fimdi de Hasret u\u011fruna d\u00fc\u015fm\u00fc\u015flerdi. \u00c7ok can al\u0131nm\u0131\u015f, \u00e7ok ocak s\u00f6nm\u00fc\u015ft\u00fc. Yine canlar al\u0131nacak, yine ocaklar s\u00f6necekti. Ne Hasret kimseye ac\u0131yacakt\u0131 ne de Nezihlerin Adnan Bey\u2019i\u2026 \u0130simler de\u011fi\u015fse de kader de\u011fi\u015fmiyordu. Mevsim art\u0131k Hasret\u2019ten ge\u00e7mi\u015fti. K\u0131sa bir bahard\u0131; \u00e7i\u00e7ekleri solmu\u015f, yerini dikenlere b\u0131rakm\u0131\u015ft\u0131. Mevsim art\u0131k K\u00f6yg\u00f6\u00e7\u00fcren mevsimiydi\u2026 \u201cMadem sana K\u00f6yg\u00f6\u00e7\u00fcren demi\u015fler, ad\u0131n\u0131n hakk\u0131n\u0131 verelim o halde Hasret. K\u00f6y nas\u0131l g\u00f6\u00e7er g\u00f6rs\u00fcnler.\u201d Uyar\u0131: Yeti\u015fkin okurlar i\u00e7indir.<\/p>\n","protected":false},"excerpt":{"rendered":"<p>K\u00f6yg\u00f6\u00e7\u00fcren\u2026 Uzun zamand\u0131r an\u0131lmayan bu isim, y\u0131llard\u0131r birbirine tek bir kur\u015fun s\u0131kmam\u0131\u015f iki ailenin tekrar \u00e7at\u0131\u015fmas\u0131yla, bir f\u0131s\u0131lt\u0131 gibi k\u00f6yde dola\u015fmaya ba\u015flam\u0131\u015ft\u0131. Tarih tekerr\u00fcrden ibaretti; eskiden<span class=\"excerpt-hellip\"> [\u2026]<\/span><\/p>\n","protected":false},"featured_media":0,"template":"","meta":{"_monsterinsights_skip_tracking":false,"_monsterinsights_sitenote_active":false,"_monsterinsights_sitenote_note":"","_monsterinsights_sitenote_category":0},"product_brand":[],"product_cat":[12291,12711],"product_tag":[],"class_list":{"0":"post-781848","1":"product","2":"type-product","3":"status-publish","5":"product_cat-edebiyat","6":"product_cat-roman-oyku","7":"pa_cilt-ciltsiz","8":"pa_tur-kitap","9":"pa_yayinevi-ephesus-yayinlari","10":"pa_yazar-seyma-turkyilmaz","12":"first","13":"instock","14":"sale","15":"shipping-taxable","16":"purchasable","17":"product-type-simple"},"_links":{"self":[{"href":"https:\/\/roveyayinevi.com.tr\/index.php\/wp-json\/wp\/v2\/product\/781848","targetHints":{"allow":["GET"]}}],"collection":[{"href":"https:\/\/roveyayinevi.com.tr\/index.php\/wp-json\/wp\/v2\/product"}],"about":[{"href":"https:\/\/roveyayinevi.com.tr\/index.php\/wp-json\/wp\/v2\/types\/product"}],"wp:attachment":[{"href":"https:\/\/roveyayinevi.com.tr\/index.php\/wp-json\/wp\/v2\/media?parent=781848"}],"wp:term":[{"taxonomy":"product_brand","embeddable":true,"href":"https:\/\/roveyayinevi.com.tr\/index.php\/wp-json\/wp\/v2\/product_brand?post=781848"},{"taxonomy":"product_cat","embeddable":true,"href":"https:\/\/roveyayinevi.com.tr\/index.php\/wp-json\/wp\/v2\/product_cat?post=781848"},{"taxonomy":"product_tag","embeddable":true,"href":"https:\/\/roveyayinevi.com.tr\/index.php\/wp-json\/wp\/v2\/product_tag?post=781848"}],"curies":[{"name":"wp","href":"https:\/\/api.w.org\/{rel}","templated":true}]}}