{"id":781836,"date":"2026-01-30T04:20:32","date_gmt":"2026-01-30T01:20:32","guid":{"rendered":"https:\/\/roveyayinevi.com.tr\/index.php\/urun\/imparator-constantinus\/"},"modified":"2026-04-15T03:46:07","modified_gmt":"2026-04-15T00:46:07","slug":"imparator-constantinus","status":"publish","type":"product","link":"https:\/\/roveyayinevi.com.tr\/index.php\/urun\/imparator-constantinus\/","title":{"rendered":"\u0130mparator Constantinus"},"content":{"rendered":"<p>David Potter\u2019\u0131n kapsaml\u0131 ara\u015ft\u0131rmalar\u0131 sonucunda ortaya \u00e7\u0131kan bu kitap, Roma \u0130mparatorlu\u011funun ya\u015fad\u0131\u011f\u0131 en \u00f6nemli de\u011fi\u015fimin kahraman\u0131n\u0131 ele al\u0131yor. \u0130mparator Constantinus sadece H\u0131ristiyanl\u0131\u011f\u0131 kabul etmesiyle de\u011fil, tebaas\u0131n\u0131n kendisini takip etmesini sa\u011flamas\u0131yla da bu d\u00f6n\u00fc\u015f\u00fcm\u00fcn merkezinde yer ald\u0131. G\u00f6r\u00fclerinin ve ba\u015far\u0131s\u0131n\u0131n do\u011frudan Tanr\u0131\u2019dan geldi\u011fine inanan imparator bununla yetinmeyip i\u00e7 ve d\u0131\u015f politikada isabetli manevralar yaparak iktidar\u0131n\u0131 sa\u011flamla\u015ft\u0131rm\u0131\u015ft\u0131r. \u0130mparatorlu\u011fun do\u011fusunda kurdu\u011fu ve \u201cYeni Roma\u201d olarak adland\u0131r\u0131lan Konstantinopolis \u015fehri ise onun ismini daimi k\u0131lm\u0131\u015ft\u0131r. D\u00f6nemin kroniklerinin g\u00fcncel \u00e7al\u0131\u015fmalarla birle\u015ftirildi\u011fi eser, d\u00fcnya tarihinde b\u00fcy\u00fck etki yaratm\u0131\u015f olan Constantinus\u2019un g\u00f6rkemli bir biyografisi.\u201cHem imparatoru hem de d\u00f6nemi ke\u015ffetmek i\u00e7in David Potter\u2019\u0131n \u0130mparator Constantinus adl\u0131 eserinden daha iyi bir ba\u015flang\u0131\u00e7 noktas\u0131 bulunamaz.\u201d\u2013The Wall Street Journal\u201cCanl\u0131 ayr\u0131nt\u0131larla dolu ve enerjik bir biyografi.\u201d\u2013Publishers Weekly<\/p>\n","protected":false},"excerpt":{"rendered":"<p>David Potter\u2019\u0131n kapsaml\u0131 ara\u015ft\u0131rmalar\u0131 sonucunda ortaya \u00e7\u0131kan bu kitap, Roma \u0130mparatorlu\u011funun ya\u015fad\u0131\u011f\u0131 en \u00f6nemli de\u011fi\u015fimin kahraman\u0131n\u0131 ele al\u0131yor. \u0130mparator Constantinus sadece H\u0131ristiyanl\u0131\u011f\u0131 kabul etmesiyle de\u011fil, tebaas\u0131n\u0131n<span class=\"excerpt-hellip\"> [\u2026]<\/span><\/p>\n","protected":false},"featured_media":0,"template":"","meta":{"_monsterinsights_skip_tracking":false,"_monsterinsights_sitenote_active":false,"_monsterinsights_sitenote_note":"","_monsterinsights_sitenote_category":0},"product_brand":[],"product_cat":[12305,12304],"product_tag":[],"class_list":{"0":"post-781836","1":"product","2":"type-product","3":"status-publish","5":"product_cat-dunya-tarihi","6":"product_cat-tarih","7":"pa_cilt-ciltsiz","8":"pa_tur-kitap","9":"pa_yayinevi-alfa-yayinlari","10":"pa_yazar-david-potter","12":"first","13":"instock","14":"sale","15":"shipping-taxable","16":"purchasable","17":"product-type-simple"},"_links":{"self":[{"href":"https:\/\/roveyayinevi.com.tr\/index.php\/wp-json\/wp\/v2\/product\/781836","targetHints":{"allow":["GET"]}}],"collection":[{"href":"https:\/\/roveyayinevi.com.tr\/index.php\/wp-json\/wp\/v2\/product"}],"about":[{"href":"https:\/\/roveyayinevi.com.tr\/index.php\/wp-json\/wp\/v2\/types\/product"}],"wp:attachment":[{"href":"https:\/\/roveyayinevi.com.tr\/index.php\/wp-json\/wp\/v2\/media?parent=781836"}],"wp:term":[{"taxonomy":"product_brand","embeddable":true,"href":"https:\/\/roveyayinevi.com.tr\/index.php\/wp-json\/wp\/v2\/product_brand?post=781836"},{"taxonomy":"product_cat","embeddable":true,"href":"https:\/\/roveyayinevi.com.tr\/index.php\/wp-json\/wp\/v2\/product_cat?post=781836"},{"taxonomy":"product_tag","embeddable":true,"href":"https:\/\/roveyayinevi.com.tr\/index.php\/wp-json\/wp\/v2\/product_tag?post=781836"}],"curies":[{"name":"wp","href":"https:\/\/api.w.org\/{rel}","templated":true}]}}