{"id":781835,"date":"2026-01-30T04:20:30","date_gmt":"2026-01-30T01:20:30","guid":{"rendered":"https:\/\/roveyayinevi.com.tr\/index.php\/urun\/egik-agaclar\/"},"modified":"2026-04-15T03:46:07","modified_gmt":"2026-04-15T00:46:07","slug":"egik-agaclar","status":"publish","type":"product","link":"https:\/\/roveyayinevi.com.tr\/index.php\/urun\/egik-agaclar\/","title":{"rendered":"E\u011fik A\u011fa\u00e7lar"},"content":{"rendered":"<p>\u201cYitik bir sokakt\u0131r arad\u0131\u011f\u0131m. Hani esintiler, mart\u0131 seslerini getirirdi oraya. Uyan\u0131rd\u0131 sabahlar bir ba\u015fka ayd\u0131nl\u0131kla. G\u00fczel, eski, yorgun bir sokak. Karn\u0131m a\u00e7t\u0131 birg\u00fcn. G\u00f6kku\u015fa\u011f\u0131n\u0131 g\u00f6rm\u00fc\u015ft\u00fcm g\u00f6\u011f\u00fcn bir yerinde, a\u00e7l\u0131\u011f\u0131m\u0131 unutuvermi\u015ftim. \u00d6yle bir \u00e7a\u011f\u2026 Bu duman, bu sis, ko\u015far ad\u0131mlar\u0131 insanlar\u0131n; beni mi, yoksa o \u00e7a\u011f\u0131 m\u0131 yitirdi? Unutmasam olmaz m\u0131yd\u0131 eski g\u00fcnlerin rengini, k\u0131m\u0131lt\u0131s\u0131n\u0131, g\u00fclery\u00fcz\u00fcn\u00fc?\u201d E\u011fik A\u011fa\u00e7lar, Sevin\u00e7 \u00c7okum\u2019un \u00f6yk\u00fclerini bir araya getiren ilk kitab\u0131 (1972). Yazar\u0131n \u00e7evresinden ve ya\u015fanm\u0131\u015fl\u0131klardan se\u00e7ti\u011fi  \u00e7izgiler ve g\u00f6zleme dayal\u0131 renklilik k\u0131sa zamanda g\u00f6ze \u00e7arpt\u0131. E\u011fik A\u011fa\u00e7lar, bug\u00fcne kadar \u201csaf hik\u00e2ye\u201d diyebilece\u011fimiz yap\u0131s\u0131 ve ad\u0131yla unutulmad\u0131.<\/p>\n","protected":false},"excerpt":{"rendered":"<p>\u201cYitik bir sokakt\u0131r arad\u0131\u011f\u0131m. Hani esintiler, mart\u0131 seslerini getirirdi oraya. Uyan\u0131rd\u0131 sabahlar bir ba\u015fka ayd\u0131nl\u0131kla. G\u00fczel, eski, yorgun bir sokak. Karn\u0131m a\u00e7t\u0131 birg\u00fcn. G\u00f6kku\u015fa\u011f\u0131n\u0131 g\u00f6rm\u00fc\u015ft\u00fcm g\u00f6\u011f\u00fcn<span class=\"excerpt-hellip\"> [\u2026]<\/span><\/p>\n","protected":false},"featured_media":0,"template":"","meta":{"_monsterinsights_skip_tracking":false,"_monsterinsights_sitenote_active":false,"_monsterinsights_sitenote_note":"","_monsterinsights_sitenote_category":0},"product_brand":[],"product_cat":[12291,18202],"product_tag":[],"class_list":{"0":"post-781835","1":"product","2":"type-product","3":"status-publish","5":"product_cat-edebiyat","6":"product_cat-hikaye","7":"pa_cilt-ciltsiz","8":"pa_tur-kitap","9":"pa_yayinevi-kapi-yayinlari","10":"pa_yazar-sevinc-cokum","12":"first","13":"instock","14":"sale","15":"shipping-taxable","16":"purchasable","17":"product-type-simple"},"_links":{"self":[{"href":"https:\/\/roveyayinevi.com.tr\/index.php\/wp-json\/wp\/v2\/product\/781835","targetHints":{"allow":["GET"]}}],"collection":[{"href":"https:\/\/roveyayinevi.com.tr\/index.php\/wp-json\/wp\/v2\/product"}],"about":[{"href":"https:\/\/roveyayinevi.com.tr\/index.php\/wp-json\/wp\/v2\/types\/product"}],"wp:attachment":[{"href":"https:\/\/roveyayinevi.com.tr\/index.php\/wp-json\/wp\/v2\/media?parent=781835"}],"wp:term":[{"taxonomy":"product_brand","embeddable":true,"href":"https:\/\/roveyayinevi.com.tr\/index.php\/wp-json\/wp\/v2\/product_brand?post=781835"},{"taxonomy":"product_cat","embeddable":true,"href":"https:\/\/roveyayinevi.com.tr\/index.php\/wp-json\/wp\/v2\/product_cat?post=781835"},{"taxonomy":"product_tag","embeddable":true,"href":"https:\/\/roveyayinevi.com.tr\/index.php\/wp-json\/wp\/v2\/product_tag?post=781835"}],"curies":[{"name":"wp","href":"https:\/\/api.w.org\/{rel}","templated":true}]}}