{"id":781833,"date":"2026-01-30T04:20:26","date_gmt":"2026-01-30T01:20:26","guid":{"rendered":"https:\/\/roveyayinevi.com.tr\/index.php\/urun\/bolusmek\/"},"modified":"2026-04-15T03:46:07","modified_gmt":"2026-04-15T00:46:07","slug":"bolusmek","status":"publish","type":"product","link":"https:\/\/roveyayinevi.com.tr\/index.php\/urun\/bolusmek\/","title":{"rendered":"B\u00f6l\u00fc\u015fmek"},"content":{"rendered":"<p>\u201cAdam, gittik\u00e7e koyula\u015fan bir mavilikte kedi k\u00f6pek seslerini, caddelerin u\u011fultusunu i\u015fitirdi. Ara s\u0131ra \u00dcsk\u00fcdar vapurlar\u0131n\u0131n bile sesini duyard\u0131 oradan. Belki de ona \u00f6yle gelirdi. Sonra \u00fc\u015f\u00fcrd\u00fc. Kap\u0131lar kapan\u0131rd\u0131, pencereler kapan\u0131rd\u0131. Kestane koyulu\u011funda, kestane \u00e7\u0131t\u0131rt\u0131lar\u0131n\u0131 and\u0131ran k\u0131\u015f \u00fcrk\u00fcnt\u00fcleri kal\u0131rd\u0131 i\u00e7erde. Tren d\u00fcd\u00fckleri \u0131sl\u0131klan\u0131p y\u00fcre\u011fine de\u011fer ge\u00e7erdi. Sevdi\u011fi bir \u015fiiri m\u0131r\u0131ldanmak ister, \u00e7abucak vazge\u00e7erdi.\u201d     Sevin\u00e7 \u00c7okum, E\u011fik A\u011fa\u00e7lar\u2019dan sonra yazd\u0131\u011f\u0131 ikinci kitab\u0131 B\u00f6l\u00fc\u015fmek\u2019te (1974) \u00e7evresini, insan\u0131n i\u00e7 d\u00fcnyas\u0131n\u0131 kendisine has bak\u0131\u015f ve \u015fiirli bir anlat\u0131mla de\u011ferlendirir. Ya\u015fama sava\u015f\u0131n\u0131n ki\u015fiye bindirdi\u011fi bunal\u0131mlar, ac\u0131dan sevince giden \u00e7e\u015fitlilikler\u2026 Kitapta \u015fehir dokusu ve insani de\u011ferleri bak\u0131m\u0131ndan farkl\u0131la\u015fmaya ba\u015flayan \u0130stanbul dekoru i\u00e7inde dayan\u0131\u015fmalar ve k\u0131r\u0131l\u0131\u015flar incelikli bir \u00fcslupla sergileniyor.<\/p>\n","protected":false},"excerpt":{"rendered":"<p>\u201cAdam, gittik\u00e7e koyula\u015fan bir mavilikte kedi k\u00f6pek seslerini, caddelerin u\u011fultusunu i\u015fitirdi. Ara s\u0131ra \u00dcsk\u00fcdar vapurlar\u0131n\u0131n bile sesini duyard\u0131 oradan. Belki de ona \u00f6yle gelirdi. Sonra \u00fc\u015f\u00fcrd\u00fc.<span class=\"excerpt-hellip\"> [\u2026]<\/span><\/p>\n","protected":false},"featured_media":0,"template":"","meta":{"_monsterinsights_skip_tracking":false,"_monsterinsights_sitenote_active":false,"_monsterinsights_sitenote_note":"","_monsterinsights_sitenote_category":0},"product_brand":[],"product_cat":[141304],"product_tag":[],"class_list":{"0":"post-781833","1":"product","2":"type-product","3":"status-publish","5":"product_cat-yeni-cikanlar","6":"pa_cilt-ciltsiz","7":"pa_tur-kitap","8":"pa_yayinevi-kapi-yayinlari","9":"pa_yazar-sevinc-cokum","11":"first","12":"instock","13":"sale","14":"shipping-taxable","15":"purchasable","16":"product-type-simple"},"_links":{"self":[{"href":"https:\/\/roveyayinevi.com.tr\/index.php\/wp-json\/wp\/v2\/product\/781833","targetHints":{"allow":["GET"]}}],"collection":[{"href":"https:\/\/roveyayinevi.com.tr\/index.php\/wp-json\/wp\/v2\/product"}],"about":[{"href":"https:\/\/roveyayinevi.com.tr\/index.php\/wp-json\/wp\/v2\/types\/product"}],"wp:attachment":[{"href":"https:\/\/roveyayinevi.com.tr\/index.php\/wp-json\/wp\/v2\/media?parent=781833"}],"wp:term":[{"taxonomy":"product_brand","embeddable":true,"href":"https:\/\/roveyayinevi.com.tr\/index.php\/wp-json\/wp\/v2\/product_brand?post=781833"},{"taxonomy":"product_cat","embeddable":true,"href":"https:\/\/roveyayinevi.com.tr\/index.php\/wp-json\/wp\/v2\/product_cat?post=781833"},{"taxonomy":"product_tag","embeddable":true,"href":"https:\/\/roveyayinevi.com.tr\/index.php\/wp-json\/wp\/v2\/product_tag?post=781833"}],"curies":[{"name":"wp","href":"https:\/\/api.w.org\/{rel}","templated":true}]}}