{"id":781832,"date":"2026-01-30T04:20:25","date_gmt":"2026-01-30T01:20:25","guid":{"rendered":"https:\/\/roveyayinevi.com.tr\/index.php\/urun\/antik-misir\/"},"modified":"2026-01-30T04:20:25","modified_gmt":"2026-01-30T01:20:25","slug":"antik-misir","status":"publish","type":"product","link":"https:\/\/roveyayinevi.com.tr\/index.php\/urun\/antik-misir\/","title":{"rendered":"Antik M\u0131s\u0131r"},"content":{"rendered":"<p>\u201cBURADA D\u00dcNYANIN BA\u015eKA H\u0130\u00c7B\u0130R YER\u0130NDE BULUNAMAYACAK KADAR \u00c7OK ANIT VAR&#8230;\u201d\u2013Herodotus M\u0131s\u0131r\u2019\u0131n kadim uygarl\u0131\u011f\u0131na dair bu b\u00fcy\u00fcleyici rehberde firavunlar\u0131n d\u00fcnyas\u0131n\u0131 ve ola\u011fan\u00fcst\u00fc miras\u0131n\u0131 ke\u015ffedin. 3000 y\u0131ll\u0131k siyasi entrikalar\u0131, \u00f6nemli olaylar\u0131 ve k\u00fclt\u00fcrel ba\u015far\u0131lar\u0131 kapsayan bu kitap Antik M\u0131s\u0131r\u2019\u0131n en se\u00e7kin hazinelerini, mimarisini ve arkeolojik buluntular\u0131n\u0131 tan\u0131t\u0131yor. \u00c7ok say\u0131da foto\u011fraf ve yapay zek\u00e2 arac\u0131l\u0131\u011f\u0131yla \u00fcretilen g\u00f6rseller e\u015fli\u011finde \u00e7ift\u00e7ilerden firavunlara, t\u00fcccarlardan ba\u015frahiplere kadar bu kay\u0131p d\u00fcnyan\u0131n t\u00fcm y\u00f6nlerini mercek alt\u0131na al\u0131yor..<\/p>\n","protected":false},"excerpt":{"rendered":"<p>\u201cBURADA D\u00dcNYANIN BA\u015eKA H\u0130\u00c7B\u0130R YER\u0130NDE BULUNAMAYACAK KADAR \u00c7OK ANIT VAR&#8230;\u201d\u2013Herodotus M\u0131s\u0131r\u2019\u0131n kadim uygarl\u0131\u011f\u0131na dair bu b\u00fcy\u00fcleyici rehberde firavunlar\u0131n d\u00fcnyas\u0131n\u0131 ve ola\u011fan\u00fcst\u00fc miras\u0131n\u0131 ke\u015ffedin. 3000 y\u0131ll\u0131k siyasi<span class=\"excerpt-hellip\"> [\u2026]<\/span><\/p>\n","protected":false},"featured_media":0,"template":"","meta":{"_monsterinsights_skip_tracking":false,"_monsterinsights_sitenote_active":false,"_monsterinsights_sitenote_note":"","_monsterinsights_sitenote_category":0},"product_brand":[],"product_cat":[141304],"product_tag":[],"class_list":{"0":"post-781832","1":"product","2":"type-product","3":"status-publish","5":"product_cat-yeni-cikanlar","6":"pa_cilt-ciltli","7":"pa_tur-kitap","8":"pa_yayinevi-alfa-yayinlari","9":"pa_yazar-steven-snape","11":"first","12":"instock","13":"sale","14":"shipping-taxable","15":"purchasable","16":"product-type-simple"},"_links":{"self":[{"href":"https:\/\/roveyayinevi.com.tr\/index.php\/wp-json\/wp\/v2\/product\/781832","targetHints":{"allow":["GET"]}}],"collection":[{"href":"https:\/\/roveyayinevi.com.tr\/index.php\/wp-json\/wp\/v2\/product"}],"about":[{"href":"https:\/\/roveyayinevi.com.tr\/index.php\/wp-json\/wp\/v2\/types\/product"}],"wp:attachment":[{"href":"https:\/\/roveyayinevi.com.tr\/index.php\/wp-json\/wp\/v2\/media?parent=781832"}],"wp:term":[{"taxonomy":"product_brand","embeddable":true,"href":"https:\/\/roveyayinevi.com.tr\/index.php\/wp-json\/wp\/v2\/product_brand?post=781832"},{"taxonomy":"product_cat","embeddable":true,"href":"https:\/\/roveyayinevi.com.tr\/index.php\/wp-json\/wp\/v2\/product_cat?post=781832"},{"taxonomy":"product_tag","embeddable":true,"href":"https:\/\/roveyayinevi.com.tr\/index.php\/wp-json\/wp\/v2\/product_tag?post=781832"}],"curies":[{"name":"wp","href":"https:\/\/api.w.org\/{rel}","templated":true}]}}