{"id":781829,"date":"2026-01-30T04:20:20","date_gmt":"2026-01-30T01:20:20","guid":{"rendered":"https:\/\/roveyayinevi.com.tr\/index.php\/urun\/platon\/"},"modified":"2026-04-15T03:46:07","modified_gmt":"2026-04-15T00:46:07","slug":"platon","status":"publish","type":"product","link":"https:\/\/roveyayinevi.com.tr\/index.php\/urun\/platon\/","title":{"rendered":"Platon"},"content":{"rendered":"<p>Bat\u0131 felsefesinde b\u00fct\u00fcn yollar, Platon\u2019u \u00f6\u011frenmekten ge\u00e7er. \u0130nsanlar i\u00e7in iyi ve mutlu bir ya\u015fam\u0131n nas\u0131l olabilece\u011fi sorusu, en \u00f6nemli problemlerin ba\u015f\u0131nda gelir. \u0130deal toplum nas\u0131l in\u015fa edilir, arzulad\u0131\u011f\u0131m\u0131z g\u00fczellik nedir, varl\u0131k sakin dinginli\u011finde ikamet ederken d\u00f6n\u00fc\u015f\u00fcm\u00fc nas\u0131l sa\u011flayabilir, insan erdem sahibi olmay\u0131 \u00f6\u011frenebilir mi, \u00f6ld\u00fc\u011f\u00fcm\u00fcz zaman ruhumuza ne olur gibi d\u00fc\u015f\u00fcnce d\u00fcnyam\u0131z\u0131 me\u015fgul eden sorular, Platon sayesinde tek tek a\u00e7\u0131kl\u0131\u011fa kavu\u015fur. Platon\u2019un kendisinden \u00f6nceki filozoflardan esinlenerek sentezledi\u011fi d\u00fc\u015f\u00fcnceler, bug\u00fcn h\u00e2l\u00e2 neredeyse her felsefe tart\u0131\u015fmas\u0131nda temel kabul edilir.   Meinwald bu kitapta, bir yandan Platon d\u00fc\u015f\u00fcncesinin temel noktalar\u0131n\u0131 yeni ba\u015flayanlar i\u00e7in anla\u015f\u0131labilir \u015fekilde sunarken, di\u011fer yandan Platon \u00fczerine \u00e7al\u0131\u015fanlar\u0131n ba\u015fvurabilece\u011fi titizlikte bir \u00e7al\u0131\u015fmaya imza at\u0131yor. Kitap, felsefi d\u00fc\u015f\u00fcnceleri, d\u00f6nemin k\u00fclt\u00fcrel \u00e7er\u00e7evesiyle de\u011ferlendirerek sorunlar\u0131n insan ya\u015fam\u0131ndaki yerini tespit ediyor. Meinwald bunu yaparken, g\u00fcncel \u00f6rnekler sayesinde anla\u015f\u0131lmas\u0131 kolay olmayan fikirlerin, okur taraf\u0131ndan rahat bir \u015fekilde izlenmesine yard\u0131mc\u0131 oluyor. Ayr\u0131ca, \u00e7e\u015fitli Platon uzmanlar\u0131n\u0131n \u00e7al\u0131\u015fmalar\u0131n\u0131 inceleyip bu \u00e7al\u0131\u015fmalara dair zengin bir okuma listesine de yer veriyor.<\/p>\n","protected":false},"excerpt":{"rendered":"<p>Bat\u0131 felsefesinde b\u00fct\u00fcn yollar, Platon\u2019u \u00f6\u011frenmekten ge\u00e7er. \u0130nsanlar i\u00e7in iyi ve mutlu bir ya\u015fam\u0131n nas\u0131l olabilece\u011fi sorusu, en \u00f6nemli problemlerin ba\u015f\u0131nda gelir. \u0130deal toplum nas\u0131l in\u015fa<span class=\"excerpt-hellip\"> [\u2026]<\/span><\/p>\n","protected":false},"featured_media":0,"template":"","meta":{"_monsterinsights_skip_tracking":false,"_monsterinsights_sitenote_active":false,"_monsterinsights_sitenote_note":"","_monsterinsights_sitenote_category":0},"product_brand":[],"product_cat":[12388],"product_tag":[],"class_list":{"0":"post-781829","1":"product","2":"type-product","3":"status-publish","5":"product_cat-felsefe","6":"pa_cilt-ciltsiz","7":"pa_tur-kitap","8":"pa_yayinevi-alfa-yayinlari","9":"pa_yazar-constance-meinwald","11":"first","12":"instock","13":"sale","14":"shipping-taxable","15":"purchasable","16":"product-type-simple"},"_links":{"self":[{"href":"https:\/\/roveyayinevi.com.tr\/index.php\/wp-json\/wp\/v2\/product\/781829","targetHints":{"allow":["GET"]}}],"collection":[{"href":"https:\/\/roveyayinevi.com.tr\/index.php\/wp-json\/wp\/v2\/product"}],"about":[{"href":"https:\/\/roveyayinevi.com.tr\/index.php\/wp-json\/wp\/v2\/types\/product"}],"wp:attachment":[{"href":"https:\/\/roveyayinevi.com.tr\/index.php\/wp-json\/wp\/v2\/media?parent=781829"}],"wp:term":[{"taxonomy":"product_brand","embeddable":true,"href":"https:\/\/roveyayinevi.com.tr\/index.php\/wp-json\/wp\/v2\/product_brand?post=781829"},{"taxonomy":"product_cat","embeddable":true,"href":"https:\/\/roveyayinevi.com.tr\/index.php\/wp-json\/wp\/v2\/product_cat?post=781829"},{"taxonomy":"product_tag","embeddable":true,"href":"https:\/\/roveyayinevi.com.tr\/index.php\/wp-json\/wp\/v2\/product_tag?post=781829"}],"curies":[{"name":"wp","href":"https:\/\/api.w.org\/{rel}","templated":true}]}}