{"id":781828,"date":"2026-01-30T04:20:18","date_gmt":"2026-01-30T01:20:18","guid":{"rendered":"https:\/\/roveyayinevi.com.tr\/index.php\/urun\/sasaniler\/"},"modified":"2026-04-15T03:46:07","modified_gmt":"2026-04-15T00:46:07","slug":"sasaniler","status":"publish","type":"product","link":"https:\/\/roveyayinevi.com.tr\/index.php\/urun\/sasaniler\/","title":{"rendered":"Sasaniler"},"content":{"rendered":"<p>\u0130ran\u2019da kadim Pers geleneklerine ve Zerd\u00fc\u015ft inanc\u0131na ba\u011fl\u0131 son imparatorluk. Miras ald\u0131\u011f\u0131 Hint ve Helen k\u00fclt\u00fcr\u00fcyle birlikte, daha sonra etkile\u015fime girdi\u011fi Maniehizm ve H\u0131ristiyanl\u0131k dinlerini i\u00e7inde bar\u0131nd\u0131ran imparatorluk, nihayetinde \u0130slam fetihleriyle yeni bir evreye girecek ve \u0130ran\u2019da S\u00e2s\u00e2niler d\u00f6nem kapanacakt\u0131r. Touraj Daryaee\u2019nin yeni kaynaklar kullanarak haz\u0131rlad\u0131\u011f\u0131 S\u00e2s\u00e2niler, devletin siyasi, ekonomik, askeri ve idari yap\u0131s\u0131yla birlikte k\u00fclt\u00fcrel ve sosyal ve\u00e7helerini de ustal\u0131kla inceliyor.   \u201cTouraj Daryaee, S\u00e2s\u00e2ni ara\u015ft\u0131rmalar\u0131n\u0131n yeni ku\u015fa\u011f\u0131n\u0131 bir araya getirerek bu \u00f6nemli tarihi -yaln\u0131z \u0130ran tarihini de\u011fil, ayn\u0131 zamanda Roma ve erken \u0130slam tarihlerini anlamak a\u00e7\u0131s\u0131ndan da \u00f6nemli olan bir tarihi- tek ciltte sunuyor. Yazar\u0131n engin bilgisi ger\u00e7ekten etkileyici ve karma\u015f\u0131k kaynaklar\u0131 \u00f6rnek bir berrakl\u0131k ve ustal\u0131kla de\u011ferlendiriyor.\u201d \u2013Gene Garthwaite, Dartmouth College<\/p>\n","protected":false},"excerpt":{"rendered":"<p>\u0130ran\u2019da kadim Pers geleneklerine ve Zerd\u00fc\u015ft inanc\u0131na ba\u011fl\u0131 son imparatorluk. Miras ald\u0131\u011f\u0131 Hint ve Helen k\u00fclt\u00fcr\u00fcyle birlikte, daha sonra etkile\u015fime girdi\u011fi Maniehizm ve H\u0131ristiyanl\u0131k dinlerini i\u00e7inde<span class=\"excerpt-hellip\"> [\u2026]<\/span><\/p>\n","protected":false},"featured_media":0,"template":"","meta":{"_monsterinsights_skip_tracking":false,"_monsterinsights_sitenote_active":false,"_monsterinsights_sitenote_note":"","_monsterinsights_sitenote_category":0},"product_brand":[],"product_cat":[12304],"product_tag":[],"class_list":{"0":"post-781828","1":"product","2":"type-product","3":"status-publish","5":"product_cat-tarih","6":"pa_cilt-ciltsiz","7":"pa_tur-kitap","8":"pa_yayinevi-alfa-yayinlari","9":"pa_yazar-touraj-daryaee","11":"first","12":"instock","13":"sale","14":"shipping-taxable","15":"purchasable","16":"product-type-simple"},"_links":{"self":[{"href":"https:\/\/roveyayinevi.com.tr\/index.php\/wp-json\/wp\/v2\/product\/781828","targetHints":{"allow":["GET"]}}],"collection":[{"href":"https:\/\/roveyayinevi.com.tr\/index.php\/wp-json\/wp\/v2\/product"}],"about":[{"href":"https:\/\/roveyayinevi.com.tr\/index.php\/wp-json\/wp\/v2\/types\/product"}],"wp:attachment":[{"href":"https:\/\/roveyayinevi.com.tr\/index.php\/wp-json\/wp\/v2\/media?parent=781828"}],"wp:term":[{"taxonomy":"product_brand","embeddable":true,"href":"https:\/\/roveyayinevi.com.tr\/index.php\/wp-json\/wp\/v2\/product_brand?post=781828"},{"taxonomy":"product_cat","embeddable":true,"href":"https:\/\/roveyayinevi.com.tr\/index.php\/wp-json\/wp\/v2\/product_cat?post=781828"},{"taxonomy":"product_tag","embeddable":true,"href":"https:\/\/roveyayinevi.com.tr\/index.php\/wp-json\/wp\/v2\/product_tag?post=781828"}],"curies":[{"name":"wp","href":"https:\/\/api.w.org\/{rel}","templated":true}]}}