{"id":781827,"date":"2026-01-30T04:20:15","date_gmt":"2026-01-30T01:20:15","guid":{"rendered":"https:\/\/roveyayinevi.com.tr\/index.php\/urun\/gecenin-kapilari\/"},"modified":"2026-04-15T03:46:06","modified_gmt":"2026-04-15T00:46:06","slug":"gecenin-kapilari","status":"publish","type":"product","link":"https:\/\/roveyayinevi.com.tr\/index.php\/urun\/gecenin-kapilari\/","title":{"rendered":"Gecenin Kap\u0131lar\u0131"},"content":{"rendered":"<p>Gecenin Kap\u0131lar\u0131, may\u0131nlarla, duvarlarla ve yalanlarla \u00e7evrilmi\u015f bir \u00fclkenin karanl\u0131\u011f\u0131na a\u00e7\u0131lan bir e\u015fik. Bu roman yaln\u0131zca okunmaz, okuru da i\u00e7ine \u00e7a\u011f\u0131r\u0131r. Her sayfa saklanan ger\u00e7e\u011fe biraz daha yakla\u015ft\u0131r\u0131r; her c\u00fcmle unutulmak isteneni yeniden y\u00fczeye \u00e7\u0131kar\u0131r. Ve yolculuk bitti\u011finde art\u0131k eskisi gibi de\u011filsinizdir.Duyguyu suistimal etmeden \u00e7ok derin bir ac\u0131y\u0131 anlatan g\u00fc\u00e7l\u00fc bir roman bu. So\u011fukkanl\u0131 ama yaral\u0131; yerel bir travmadan evrensel bir anlat\u0131ya d\u00f6n\u00fc\u015fen bir y\u00fczle\u015fme.Ger\u00e7ek\u00e7ilik ile b\u00fcy\u00fcl\u00fc ger\u00e7ek\u00e7ili\u011fin s\u0131n\u0131r\u0131nda, karanl\u0131kla \u0131\u015f\u0131\u011f\u0131n tam ortas\u0131nda duruyor. \u00d6nce sars\u0131yor, sonra beraberinde ta\u015f\u0131yor ve sonunda okuyucuyu de\u011fi\u015fmi\u015f h\u00e2liyle geri b\u0131rak\u0131yor.Gecenin Kap\u0131lar\u0131, unutman\u0131n konforunu de\u011fil, hat\u0131rlaman\u0131n a\u011f\u0131rl\u0131\u011f\u0131n\u0131 se\u00e7enler i\u00e7in.<\/p>\n","protected":false},"excerpt":{"rendered":"<p>Gecenin Kap\u0131lar\u0131, may\u0131nlarla, duvarlarla ve yalanlarla \u00e7evrilmi\u015f bir \u00fclkenin karanl\u0131\u011f\u0131na a\u00e7\u0131lan bir e\u015fik. Bu roman yaln\u0131zca okunmaz, okuru da i\u00e7ine \u00e7a\u011f\u0131r\u0131r. Her sayfa saklanan ger\u00e7e\u011fe biraz<span class=\"excerpt-hellip\"> [\u2026]<\/span><\/p>\n","protected":false},"featured_media":0,"template":"","meta":{"_monsterinsights_skip_tracking":false,"_monsterinsights_sitenote_active":false,"_monsterinsights_sitenote_note":"","_monsterinsights_sitenote_category":0},"product_brand":[],"product_cat":[12291,12711],"product_tag":[],"class_list":{"0":"post-781827","1":"product","2":"type-product","3":"status-publish","5":"product_cat-edebiyat","6":"product_cat-roman-oyku","7":"pa_cilt-ciltsiz","8":"pa_tur-kitap","9":"pa_yayinevi-cumhuriyet-kitaplari","10":"pa_yazar-ozan-ozgur","12":"first","13":"instock","14":"sale","15":"shipping-taxable","16":"purchasable","17":"product-type-simple"},"_links":{"self":[{"href":"https:\/\/roveyayinevi.com.tr\/index.php\/wp-json\/wp\/v2\/product\/781827","targetHints":{"allow":["GET"]}}],"collection":[{"href":"https:\/\/roveyayinevi.com.tr\/index.php\/wp-json\/wp\/v2\/product"}],"about":[{"href":"https:\/\/roveyayinevi.com.tr\/index.php\/wp-json\/wp\/v2\/types\/product"}],"wp:attachment":[{"href":"https:\/\/roveyayinevi.com.tr\/index.php\/wp-json\/wp\/v2\/media?parent=781827"}],"wp:term":[{"taxonomy":"product_brand","embeddable":true,"href":"https:\/\/roveyayinevi.com.tr\/index.php\/wp-json\/wp\/v2\/product_brand?post=781827"},{"taxonomy":"product_cat","embeddable":true,"href":"https:\/\/roveyayinevi.com.tr\/index.php\/wp-json\/wp\/v2\/product_cat?post=781827"},{"taxonomy":"product_tag","embeddable":true,"href":"https:\/\/roveyayinevi.com.tr\/index.php\/wp-json\/wp\/v2\/product_tag?post=781827"}],"curies":[{"name":"wp","href":"https:\/\/api.w.org\/{rel}","templated":true}]}}