{"id":781825,"date":"2026-01-30T04:20:10","date_gmt":"2026-01-30T01:20:10","guid":{"rendered":"https:\/\/roveyayinevi.com.tr\/index.php\/urun\/zalim-tanrilara-meydan-okumak-ciltli\/"},"modified":"2026-04-15T03:46:06","modified_gmt":"2026-04-15T00:46:06","slug":"zalim-tanrilara-meydan-okumak-ciltli","status":"publish","type":"product","link":"https:\/\/roveyayinevi.com.tr\/index.php\/urun\/zalim-tanrilara-meydan-okumak-ciltli\/","title":{"rendered":"Zalim Tanr\u0131lara Meydan Okumak (Ciltli)"},"content":{"rendered":"<p>KAHRAMANLAR \u00d6L\u00dcR, KORKAKLAR YA\u015eAR. Fethedilmi\u015f bir d\u00fcnyan\u0131n k\u0131z\u0131 olan Ruying, hen\u00fcz o do\u011fmadan \u00f6nce g\u00f6klerden inen ve daha \u00f6nce hi\u00e7 g\u00f6rmedikleri teknolojilerle halk\u0131n\u0131n b\u00fcy\u00fcs\u00fcn\u00fc yenen i\u015fgalcilerden nefret eder. Ruying\u2019in b\u00fcy\u00fc yetene\u011fi, \u00f6l\u00fcml\u00fc bedenlerden ruhu \u00e7ekip \u00e7\u0131karabilmektir. Gen\u00e7 k\u0131z, ailesini ve arkada\u015flar\u0131n\u0131 korumak i\u00e7in bu yetene\u011fini kullan\u0131r ancak her b\u00fcy\u00fc onun \u00f6mr\u00fcn\u00fc t\u00fcketmektedir. D\u00fc\u015fman bir prens, Ruying\u2019in yetene\u011fini ke\u015ffedince, ona imk\u00e2ns\u0131z bir anla\u015fma teklif eder: E\u011fer Ruying onun \u00f6zel suikast\u00e7\u0131s\u0131 olursa ve onun siyasi rakiplerini ortadan kald\u0131r\u0131rsa, ailesi bir daha asla a\u00e7 kalmayacak veya zarar g\u00f6rmeyecektir. Ancak Ruying bu pazarl\u0131\u011f\u0131 kabul ederse hem \u00f6l\u00fcme yakla\u015facak hem de kendi d\u00fcnyas\u0131n\u0131n sonunu getirme riskine girecektir. Ruying, daha iyi bir d\u00fcnya vaatleriyle kalbini s\u0131zlatan ve g\u00fcl\u00fcmsemesiyle nabz\u0131n\u0131 h\u0131zland\u0131ran bu prense g\u00fcvenebilecek midir? Yoksa Ruying sevdiklerini koruyarak t\u00fcm ulusuna ihanet mi edecektir? \u201cB\u00fcy\u00fc, cinayet, entrika ve ihanetle \u00f6r\u00fcl\u00fc, nefes kesici bir hik\u00e2ye.\u201d \u2014 Cassandra Clare, New York Times \u00c7ok Satan Yazar\u0131<\/p>\n","protected":false},"excerpt":{"rendered":"<p>KAHRAMANLAR \u00d6L\u00dcR, KORKAKLAR YA\u015eAR. Fethedilmi\u015f bir d\u00fcnyan\u0131n k\u0131z\u0131 olan Ruying, hen\u00fcz o do\u011fmadan \u00f6nce g\u00f6klerden inen ve daha \u00f6nce hi\u00e7 g\u00f6rmedikleri teknolojilerle halk\u0131n\u0131n b\u00fcy\u00fcs\u00fcn\u00fc yenen i\u015fgalcilerden<span class=\"excerpt-hellip\"> [\u2026]<\/span><\/p>\n","protected":false},"featured_media":0,"template":"","meta":{"_monsterinsights_skip_tracking":false,"_monsterinsights_sitenote_active":false,"_monsterinsights_sitenote_note":"","_monsterinsights_sitenote_category":0},"product_brand":[],"product_cat":[12291,14777],"product_tag":[],"class_list":{"0":"post-781825","1":"product","2":"type-product","3":"status-publish","5":"product_cat-edebiyat","6":"product_cat-fantastik","7":"pa_cilt-ciltsiz","8":"pa_tur-kitap","9":"pa_yayinevi-artemis-yayinlari","10":"pa_yazar-molly-x-chang","12":"first","13":"instock","14":"sale","15":"shipping-taxable","16":"purchasable","17":"product-type-simple"},"_links":{"self":[{"href":"https:\/\/roveyayinevi.com.tr\/index.php\/wp-json\/wp\/v2\/product\/781825","targetHints":{"allow":["GET"]}}],"collection":[{"href":"https:\/\/roveyayinevi.com.tr\/index.php\/wp-json\/wp\/v2\/product"}],"about":[{"href":"https:\/\/roveyayinevi.com.tr\/index.php\/wp-json\/wp\/v2\/types\/product"}],"wp:attachment":[{"href":"https:\/\/roveyayinevi.com.tr\/index.php\/wp-json\/wp\/v2\/media?parent=781825"}],"wp:term":[{"taxonomy":"product_brand","embeddable":true,"href":"https:\/\/roveyayinevi.com.tr\/index.php\/wp-json\/wp\/v2\/product_brand?post=781825"},{"taxonomy":"product_cat","embeddable":true,"href":"https:\/\/roveyayinevi.com.tr\/index.php\/wp-json\/wp\/v2\/product_cat?post=781825"},{"taxonomy":"product_tag","embeddable":true,"href":"https:\/\/roveyayinevi.com.tr\/index.php\/wp-json\/wp\/v2\/product_tag?post=781825"}],"curies":[{"name":"wp","href":"https:\/\/api.w.org\/{rel}","templated":true}]}}