{"id":781820,"date":"2026-01-30T04:19:57","date_gmt":"2026-01-30T01:19:57","guid":{"rendered":"https:\/\/roveyayinevi.com.tr\/index.php\/urun\/kizil-sehir\/"},"modified":"2026-04-15T03:46:03","modified_gmt":"2026-04-15T00:46:03","slug":"kizil-sehir","status":"publish","type":"product","link":"https:\/\/roveyayinevi.com.tr\/index.php\/urun\/kizil-sehir\/","title":{"rendered":"K\u0131z\u0131l \u015eehir"},"content":{"rendered":"<p>S\u0130MYA VE HIRS. G\u00dc\u00c7 VE M\u00dcKEMMELL\u0130K. A\u015eK&#8230; VE YALANLAR. MELEKLER \u015eEHR\u0130&#8217;NE HO\u015e GELD\u0130N. KALB\u0130N\u0130 KIRMALARINA ASLA \u0130Z\u0130N VERME.   \u201cG\u00fc\u00e7 gibi, K\u0131z\u0131l \u015eehir de ba\u015ftan \u00e7\u0131kar\u0131c\u0131 ve kanl\u0131; seksi ve ac\u0131mas\u0131z. Lu, talihsiz bir a\u015fk hik\u00e2yesini \u0131\u015f\u0131lt\u0131l\u0131 ve a\u00e7g\u00f6zl\u00fc bir d\u00fcnyada sahneye koyuyor.\u201d Olivie Blake, Atlas Alt\u0131l\u0131s\u0131, New York Times \u00e7oksatan yazar\u0131   \u201cMarie Lu&#8217;nun g\u00fc\u00e7l\u00fc \u00fcslubuyla yazd\u0131\u011f\u0131, rakip b\u00fcy\u00fcc\u00fcler ve imk\u00e2ns\u0131z se\u00e7imler hakk\u0131ndaki b\u00fcy\u00fcleyici roman\u0131, kalbinizi parampar\u00e7a edecek.\u201d Holly Black, Gecenin Kitab\u0131, New York Times \u00e7oksatan yazar\u0131   \u201cK\u0131z\u0131l \u015eehir, simyac\u0131lar ve gizemli g\u00fc\u00e7leri kullanan, iktidar\u0131n \u00fcst kademeleriyle ba\u011flant\u0131lar\u0131 olan su\u00e7 \u00f6rg\u00fctlerinin karanl\u0131k d\u00fcnyas\u0131na heyecan verici bir yolculuk. Marie Lu, sadece b\u00fcy\u00fcleyici bir d\u00fcnya yaratmakla kalmam\u0131\u015f, ayn\u0131 zamanda rakip su\u00e7 patronlar\u0131 ve suikast\u00e7\u0131lar\u0131n entrikalar\u0131na kap\u0131lm\u0131\u015f, unutulmaz ve inand\u0131r\u0131c\u0131 karakterler de yaratm\u0131\u015f. Bu s\u00fcr\u00fckleyici roman\u0131n sonuna geldi\u011fimde tek istedi\u011fim \u015fey&#8230; daha fazlas\u0131yd\u0131!\u201d P. Dj\u00e8l\u00ed Clark, New York Times \u00e7oksatan yazar\u0131   \u201cK\u0131z\u0131l \u015eehir, siyah-beyaz, karton karakterlerin de\u011fil, kalbinizi \u00e7alacak kadar karma\u015f\u0131k, gri karakterlerin yer ald\u0131\u011f\u0131, \u00e7arp\u0131c\u0131 yeni bir d\u00fcnya sunuyor! Elimden b\u0131rakamad\u0131m!\u201d Katee Robert, New York Times \u00e7oksatan yazar\u0131<\/p>\n","protected":false},"excerpt":{"rendered":"<p>S\u0130MYA VE HIRS. G\u00dc\u00c7 VE M\u00dcKEMMELL\u0130K. A\u015eK&#8230; VE YALANLAR. MELEKLER \u015eEHR\u0130&#8217;NE HO\u015e GELD\u0130N. KALB\u0130N\u0130 KIRMALARINA ASLA \u0130Z\u0130N VERME. \u201cG\u00fc\u00e7 gibi, K\u0131z\u0131l \u015eehir de ba\u015ftan \u00e7\u0131kar\u0131c\u0131 ve<span class=\"excerpt-hellip\"> [\u2026]<\/span><\/p>\n","protected":false},"featured_media":0,"template":"","meta":{"_monsterinsights_skip_tracking":false,"_monsterinsights_sitenote_active":false,"_monsterinsights_sitenote_note":"","_monsterinsights_sitenote_category":0},"product_brand":[],"product_cat":[12291,14777],"product_tag":[],"class_list":{"0":"post-781820","1":"product","2":"type-product","3":"status-publish","5":"product_cat-edebiyat","6":"product_cat-fantastik","7":"pa_cilt-ciltsiz","8":"pa_tur-kitap","9":"pa_yayinevi-dogan-kitap","10":"pa_yazar-marie-lu","12":"first","13":"instock","14":"sale","15":"shipping-taxable","16":"purchasable","17":"product-type-simple"},"_links":{"self":[{"href":"https:\/\/roveyayinevi.com.tr\/index.php\/wp-json\/wp\/v2\/product\/781820","targetHints":{"allow":["GET"]}}],"collection":[{"href":"https:\/\/roveyayinevi.com.tr\/index.php\/wp-json\/wp\/v2\/product"}],"about":[{"href":"https:\/\/roveyayinevi.com.tr\/index.php\/wp-json\/wp\/v2\/types\/product"}],"wp:attachment":[{"href":"https:\/\/roveyayinevi.com.tr\/index.php\/wp-json\/wp\/v2\/media?parent=781820"}],"wp:term":[{"taxonomy":"product_brand","embeddable":true,"href":"https:\/\/roveyayinevi.com.tr\/index.php\/wp-json\/wp\/v2\/product_brand?post=781820"},{"taxonomy":"product_cat","embeddable":true,"href":"https:\/\/roveyayinevi.com.tr\/index.php\/wp-json\/wp\/v2\/product_cat?post=781820"},{"taxonomy":"product_tag","embeddable":true,"href":"https:\/\/roveyayinevi.com.tr\/index.php\/wp-json\/wp\/v2\/product_tag?post=781820"}],"curies":[{"name":"wp","href":"https:\/\/api.w.org\/{rel}","templated":true}]}}